{"id":16118,"date":"2026-04-13T15:55:47","date_gmt":"2026-04-13T13:55:47","guid":{"rendered":"https:\/\/www.synerglass-soft.com\/cookies\/"},"modified":"2026-04-23T15:50:44","modified_gmt":"2026-04-23T13:50:44","slug":"cookies","status":"publish","type":"page","link":"https:\/\/www.synerglass-soft.com\/de\/cookies\/","title":{"rendered":"Rechtliche Hinweise \u2013 Cookie-Richtlinie"},"content":{"rendered":"\t\t<div data-elementor-type=\"wp-page\" data-elementor-id=\"16118\" class=\"elementor elementor-16118 elementor-14632\" data-elementor-post-type=\"page\">\n\t\t\t\t<div class=\"elementor-element elementor-element-6ce7623 e-flex e-con-boxed e-con e-parent\" data-id=\"6ce7623\" data-element_type=\"container\" data-settings=\"{&quot;background_background&quot;:&quot;classic&quot;}\">\n\t\t\t\t\t<div class=\"e-con-inner\">\n\t\t<div class=\"elementor-element elementor-element-14d32f3 e-con-full e-flex e-con e-child\" data-id=\"14d32f3\" data-element_type=\"container\" data-settings=\"{&quot;background_background&quot;:&quot;classic&quot;}\">\n\t\t\t\t<div class=\"elementor-element elementor-element-800dfde elementor-widget__width-initial elementor-widget-tablet__width-initial elementor-widget-mobile__width-initial hover-title elementor-invisible elementor-widget elementor-widget-heading\" data-id=\"800dfde\" data-element_type=\"widget\" data-settings=\"{&quot;_animation&quot;:&quot;fadeInUp&quot;}\" data-widget_type=\"heading.default\">\n\t\t\t\t\t<h1 class=\"elementor-heading-title elementor-size-default\">Cookie-Richtlinie<\/h1>\t\t\t\t<\/div>\n\t\t\t\t<div class=\"elementor-element elementor-element-42fb445 elementor-invisible elementor-widget elementor-widget-post-info\" data-id=\"42fb445\" data-element_type=\"widget\" data-settings=\"{&quot;_animation&quot;:&quot;fadeInUp&quot;}\" data-widget_type=\"post-info.default\">\n\t\t\t\t\t\t\t<ul class=\"elementor-inline-items elementor-icon-list-items elementor-post-info\">\n\t\t\t\t\t\t\t\t<li class=\"elementor-icon-list-item elementor-repeater-item-44b3136 elementor-inline-item\" itemprop=\"datePublished\">\n\t\t\t\t\t\t<a href=\"https:\/\/www.synerglass-soft.com\/de\/2026\/04\/13\/\">\n\t\t\t\t\t\t\t\t\t\t\t<span class=\"elementor-icon-list-icon\">\n\t\t\t\t\t\t\t\t<svg xmlns=\"http:\/\/www.w3.org\/2000\/svg\" viewBox=\"0,0,256,256\" width=\"24px\" height=\"24px\" fill-rule=\"nonzero\"><g transform=\"scale(10.66667,10.66667)\"><rect x=\"2\" y=\"3\" width=\"20\" height=\"19\" rx=\"3\" ry=\"3\" fill=\"#BCD9FF\" opacity=\"0.5\"><\/rect><rect x=\"2\" y=\"3\" width=\"20\" height=\"19\" rx=\"3\" ry=\"3\" fill=\"none\" stroke=\"#5CA3FF\" stroke-width=\"1.5\"><\/rect><rect x=\"2\" y=\"3\" width=\"20\" height=\"5\" rx=\"3\" ry=\"3\" fill=\"#5CA3FF\"><\/rect><rect x=\"2\" y=\"6\" width=\"20\" height=\"2\" fill=\"#5CA3FF\"><\/rect><line x1=\"7\" y1=\"1.5\" x2=\"7\" y2=\"5\" stroke=\"#5CA3FF\" stroke-width=\"1.5\" stroke-linecap=\"round\"><\/line><line x1=\"17\" y1=\"1.5\" x2=\"17\" y2=\"5\" stroke=\"#5CA3FF\" stroke-width=\"1.5\" stroke-linecap=\"round\"><\/line><rect x=\"5\" y=\"11\" width=\"2\" height=\"2\" rx=\"0.5\" fill=\"#F0F6FF\"><\/rect><rect x=\"9\" y=\"11\" width=\"2\" height=\"2\" rx=\"0.5\" fill=\"#F0F6FF\"><\/rect><rect x=\"13\" y=\"11\" width=\"2\" height=\"2\" rx=\"0.5\" fill=\"#F0F6FF\"><\/rect><rect x=\"17\" y=\"11\" width=\"2\" height=\"2\" rx=\"0.5\" fill=\"#F0F6FF\"><\/rect><rect x=\"5\" y=\"15\" width=\"2\" height=\"2\" rx=\"0.5\" fill=\"#F0F6FF\"><\/rect><rect x=\"9\" y=\"15\" width=\"2\" height=\"2\" rx=\"0.5\" fill=\"#F0F6FF\"><\/rect><rect x=\"13\" y=\"15\" width=\"2\" height=\"2\" rx=\"0.5\" fill=\"#F0F6FF\"><\/rect><rect x=\"17\" y=\"15\" width=\"2\" height=\"2\" rx=\"0.5\" fill=\"#F0F6FF\"><\/rect><\/g><\/svg>\t\t\t\t\t\t\t<\/span>\n\t\t\t\t\t\t\t\t\t<span class=\"elementor-icon-list-text elementor-post-info__item elementor-post-info__item--type-date\">\n\t\t\t\t\t\t\t\t\t\t<time>April 13, 2026<\/time>\t\t\t\t\t<\/span>\n\t\t\t\t\t\t\t\t\t<\/a>\n\t\t\t\t<\/li>\n\t\t\t\t<\/ul>\n\t\t\t\t\t\t<\/div>\n\t\t\t\t<div class=\"elementor-element elementor-element-0a98527 elementor-invisible elementor-widget elementor-widget-image\" data-id=\"0a98527\" data-element_type=\"widget\" data-settings=\"{&quot;_animation&quot;:&quot;fadeInUp&quot;}\" data-widget_type=\"image.default\">\n\t\t\t\t\t\t\t\t\t\t\t\t\t\t\t<img fetchpriority=\"high\" decoding=\"async\" width=\"800\" height=\"181\" src=\"https:\/\/www.synerglass-soft.com\/wp-content\/uploads\/2026\/02\/Asset-1@1x.png\" class=\"attachment-large size-large wp-image-12875\" alt=\"\" \/>\t\t\t\t\t\t\t\t\t\t\t\t\t\t\t<\/div>\n\t\t\t\t<\/div>\n\t\t\t\t\t<\/div>\n\t\t\t\t<\/div>\n\t\t<div class=\"elementor-element elementor-element-992d888 e-flex e-con-boxed e-con e-parent\" data-id=\"992d888\" data-element_type=\"container\">\n\t\t\t\t\t<div class=\"e-con-inner\">\n\t\t<div class=\"elementor-element elementor-element-27fbecc e-con-full e-flex e-con e-child\" data-id=\"27fbecc\" data-element_type=\"container\">\n\t\t\t\t<div class=\"elementor-element elementor-element-366c0d5 elementor-hidden-tablet elementor-hidden-mobile elementor-widget elementor-widget-table-of-contents\" data-id=\"366c0d5\" data-element_type=\"widget\" data-settings=\"{&quot;headings_by_tags&quot;:[&quot;h2&quot;],&quot;exclude_headings_by_selector&quot;:[],&quot;marker_view&quot;:&quot;bullets&quot;,&quot;icon&quot;:{&quot;value&quot;:&quot;&quot;,&quot;library&quot;:&quot;&quot;},&quot;no_headings_message&quot;:&quot;Aucun titre n\\u2019a \\u00e9t\\u00e9 trouv\\u00e9 sur cette page.&quot;,&quot;sticky&quot;:&quot;top&quot;,&quot;sticky_parent&quot;:&quot;yes&quot;,&quot;_animation&quot;:&quot;none&quot;,&quot;hierarchical_view&quot;:&quot;yes&quot;,&quot;min_height&quot;:{&quot;unit&quot;:&quot;px&quot;,&quot;size&quot;:&quot;&quot;,&quot;sizes&quot;:[]},&quot;min_height_tablet&quot;:{&quot;unit&quot;:&quot;px&quot;,&quot;size&quot;:&quot;&quot;,&quot;sizes&quot;:[]},&quot;min_height_mobile&quot;:{&quot;unit&quot;:&quot;px&quot;,&quot;size&quot;:&quot;&quot;,&quot;sizes&quot;:[]},&quot;sticky_on&quot;:[&quot;desktop&quot;,&quot;tablet&quot;,&quot;mobile&quot;],&quot;sticky_offset&quot;:0,&quot;sticky_effects_offset&quot;:0,&quot;sticky_anchor_link_offset&quot;:0}\" data-widget_type=\"table-of-contents.default\">\n\t\t\t\t\t\t\t\t\t<div id=\"elementor-toc__366c0d5\" class=\"elementor-toc__body\">\n\t\t\t<div class=\"elementor-toc__spinner-container\">\n\t\t\t\t<svg class=\"elementor-toc__spinner eicon-animation-spin e-font-icon-svg e-eicon-loading\" aria-hidden=\"true\" viewBox=\"0 0 1000 1000\" xmlns=\"http:\/\/www.w3.org\/2000\/svg\"><path d=\"M500 975V858C696 858 858 696 858 500S696 142 500 142 142 304 142 500H25C25 237 238 25 500 25S975 237 975 500 763 975 500 975Z\"><\/path><\/svg>\t\t\t<\/div>\n\t\t<\/div>\n\t\t\t\t\t\t<\/div>\n\t\t\t\t<\/div>\n\t\t<div class=\"elementor-element elementor-element-b809dd9 e-con-full e-flex e-con e-child\" data-id=\"b809dd9\" data-element_type=\"container\">\n\t\t\t\t<div class=\"elementor-element elementor-element-e53f751 elementor-widget elementor-widget-heading\" data-id=\"e53f751\" data-element_type=\"widget\" data-widget_type=\"heading.default\">\n\t\t\t\t\t<h2 class=\"elementor-heading-title elementor-size-default\">1. Einleitung<\/h2>\t\t\t\t<\/div>\n\t\t\t\t<div class=\"elementor-element elementor-element-faa418a elementor-widget elementor-widget-text-editor\" data-id=\"faa418a\" data-element_type=\"widget\" data-widget_type=\"text-editor.default\">\n\t\t\t\t\t\t\t\t\t<p data-start=\"35\" data-end=\"343\">Unsere Website <a href=\"https:\/\/www.synerglass-soft.com\/fr\/\">https:\/\/www.synerglass-soft.com<\/a> verwendet Cookies und andere damit verbundene Technologien (der Einfachheit halber werden alle diese Technologien als \u201eCookies\u201c bezeichnet). Cookies von Drittanbietern k\u00f6nnen auch von Parteien gesetzt werden, die wir beauftragt haben. Im folgenden Dokument informieren wir Sie \u00fcber die Verwendung von Cookies auf unserer Website.  <\/p>\t\t\t\t\t\t\t\t<\/div>\n\t\t\t\t<div class=\"elementor-element elementor-element-58079b8 elementor-widget elementor-widget-heading\" data-id=\"58079b8\" data-element_type=\"widget\" data-widget_type=\"heading.default\">\n\t\t\t\t\t<h3 class=\"elementor-heading-title elementor-size-default\">1.1. Was ist ein Cookie?<\/h3>\t\t\t\t<\/div>\n\t\t\t\t<div class=\"elementor-element elementor-element-38ecd9c elementor-widget elementor-widget-text-editor\" data-id=\"38ecd9c\" data-element_type=\"widget\" data-widget_type=\"text-editor.default\">\n\t\t\t\t\t\t\t\t\t<p data-start=\"654\" data-end=\"916\">Un cookie est un petit fichier simple qui est envoy\u00e9 avec les pages de ce site web et stock\u00e9 par votre navigateur sur le disque dur de votre ordinateur ou d\u2019un autre appareil. Les informations qu\u2019il contient peuvent \u00eatre renvoy\u00e9es \u00e0 nos serveurs ou \u00e0 ceux de tiers concern\u00e9s lors d\u2019une visite ult\u00e9rieure. <\/p>\t\t\t\t\t\t\t\t<\/div>\n\t\t\t\t<div class=\"elementor-element elementor-element-9f8a5e5 elementor-widget elementor-widget-heading\" data-id=\"9f8a5e5\" data-element_type=\"widget\" data-widget_type=\"heading.default\">\n\t\t\t\t\t<h3 class=\"elementor-heading-title elementor-size-default\">1.2. Was ist ein Skript?<\/h3>\t\t\t\t<\/div>\n\t\t\t\t<div class=\"elementor-element elementor-element-48c4a78 elementor-widget elementor-widget-text-editor\" data-id=\"48c4a78\" data-element_type=\"widget\" data-widget_type=\"text-editor.default\">\n\t\t\t\t\t\t\t\t\t<p>Ein Skript ist ein St\u00fcck Programmcode, das daf\u00fcr sorgt, dass unsere Website ordnungsgem\u00e4\u00df und interaktiv funktioniert. Dieser Code wird auf unserem Server oder auf Ihrem Ger\u00e4t ausgef\u00fchrt. <\/p>\t\t\t\t\t\t\t\t<\/div>\n\t\t\t\t<div class=\"elementor-element elementor-element-dd4e095 elementor-widget elementor-widget-heading\" data-id=\"dd4e095\" data-element_type=\"widget\" data-widget_type=\"heading.default\">\n\t\t\t\t\t<h3 class=\"elementor-heading-title elementor-size-default\">1.3. Was ist ein Web-Tag?<\/h3>\t\t\t\t<\/div>\n\t\t\t\t<div class=\"elementor-element elementor-element-19cdcce elementor-widget elementor-widget-text-editor\" data-id=\"19cdcce\" data-element_type=\"widget\" data-widget_type=\"text-editor.default\">\n\t\t\t\t\t\t\t\t\t<p data-start=\"654\" data-end=\"916\">Ein Web-Beacon (oder unsichtbarer Beacon) ist ein kleiner Text oder ein unsichtbares Bild auf einer Website, das zur \u00dcberwachung des Datenverkehrs auf einer Website verwendet wird. Zu diesem Zweck werden \u00fcber die Web-Beacons verschiedene Daten \u00fcber Sie gespeichert. <\/p>\t\t\t\t\t\t\t\t<\/div>\n\t\t\t\t<div class=\"elementor-element elementor-element-f049693 elementor-widget elementor-widget-heading\" data-id=\"f049693\" data-element_type=\"widget\" data-widget_type=\"heading.default\">\n\t\t\t\t\t<h2 class=\"elementor-heading-title elementor-size-default\">2. Unsere Cookie-Richtlinie<\/h2>\t\t\t\t<\/div>\n\t\t\t\t<div class=\"elementor-element elementor-element-b960968 elementor-widget elementor-widget-text-editor\" data-id=\"b960968\" data-element_type=\"widget\" data-widget_type=\"text-editor.default\">\n\t\t\t\t\t\t\t\t\t<p>In dieser Cookie-Erkl\u00e4rung wird beschrieben, wie die Anwendungen von SYNERGLASS-SOFT Cookies und \u00e4hnliche Technologien verwenden, um Informationen zu erfassen und zu speichern, wenn Sie die Website SYNERGLASS-SOFT.com oder die mobile App besuchen.<\/p><p>Cookies sind kleine Dateien, die auf Ihrem Ger\u00e4t (Computer, Tablet oder Smartphone) gespeichert werden. Wenn Sie eine Website oder eine App aufrufen, wird ein Cookie auf Ihrem Ger\u00e4t gespeichert und sendet Informationen an den Anbieter, der es gesetzt hat. <\/p><p>Die Website oder die Apps von SYNERGLASS-SOFT verwenden eigene Cookies \u2013 d.\u202fh. Cookies, die von SYNERGLASS-SOFT gesetzt werden und spezifisch f\u00fcr unsere Website und unsere mobile App sind \u2013 und gestatten Dritten nicht, Cookies auf Ihrem Ger\u00e4t zu setzen, mit der einzigen Ausnahme unseres vertrauensw\u00fcrdigen Partners HubPost, dessen Datenerfassungsrichtlinien den geltenden belgischen Vorschriften und den entsprechenden Richtlinien von SYNERGLASS-SOFT entsprechen.<\/p><p>SYNERGLASS-SOFT verwendet technische und funktionale Cookies, die f\u00fcr das ordnungsgem\u00e4\u00dfe Funktionieren und die Funktionen der Website oder der App unbedingt erforderlich sind. Wir verwenden daher Authentifizierungs-Cookies, um Ihr Konto zu \u00fcberpr\u00fcfen und festzustellen, wann Sie angemeldet sind, damit Sie leichter auf unsere Cloud-Dienste zugreifen k\u00f6nnen. <\/p><p>SYNERGLASS-SOFT verwendet unter keinen Umst\u00e4nden Cookies zu Werbezwecken oder zur Erhebung personenbezogener Daten.<\/p>\t\t\t\t\t\t\t\t<\/div>\n\t\t\t\t<\/div>\n\t\t\t\t\t<\/div>\n\t\t\t\t<\/div>\n\t\t\t\t<\/div>\n\t\t","protected":false},"excerpt":{"rendered":"<p>Cookie-Richtlinie 1. Einleitung Unsere Website https:\/\/www.synerglass-soft.com verwendet Cookies und andere damit verbundene Technologien (der Einfachheit halber werden alle diese Technologien als \u201eCookies\u201c bezeichnet). Cookies von Drittanbietern k\u00f6nnen auch von Parteien gesetzt werden, die wir beauftragt haben. Im folgenden Dokument informieren wir Sie \u00fcber die Verwendung von Cookies auf unserer Website. 1.1. Was ist ein Cookie? [&hellip;]<\/p>\n","protected":false},"author":4,"featured_media":0,"parent":0,"menu_order":0,"comment_status":"closed","ping_status":"closed","template":"","meta":{"footnotes":""},"class_list":["post-16118","page","type-page","status-publish","hentry"],"_links":{"self":[{"href":"https:\/\/www.synerglass-soft.com\/de\/wp-json\/wp\/v2\/pages\/16118","targetHints":{"allow":["GET"]}}],"collection":[{"href":"https:\/\/www.synerglass-soft.com\/de\/wp-json\/wp\/v2\/pages"}],"about":[{"href":"https:\/\/www.synerglass-soft.com\/de\/wp-json\/wp\/v2\/types\/page"}],"author":[{"embeddable":true,"href":"https:\/\/www.synerglass-soft.com\/de\/wp-json\/wp\/v2\/users\/4"}],"replies":[{"embeddable":true,"href":"https:\/\/www.synerglass-soft.com\/de\/wp-json\/wp\/v2\/comments?post=16118"}],"version-history":[{"count":3,"href":"https:\/\/www.synerglass-soft.com\/de\/wp-json\/wp\/v2\/pages\/16118\/revisions"}],"predecessor-version":[{"id":17655,"href":"https:\/\/www.synerglass-soft.com\/de\/wp-json\/wp\/v2\/pages\/16118\/revisions\/17655"}],"wp:attachment":[{"href":"https:\/\/www.synerglass-soft.com\/de\/wp-json\/wp\/v2\/media?parent=16118"}],"curies":[{"name":"wp","href":"https:\/\/api.w.org\/{rel}","templated":true}]}}