{"id":16120,"date":"2026-04-13T14:22:38","date_gmt":"2026-04-13T12:22:38","guid":{"rendered":"https:\/\/www.synerglass-soft.com\/impressum\/"},"modified":"2026-04-23T15:52:02","modified_gmt":"2026-04-23T13:52:02","slug":"impressum","status":"publish","type":"page","link":"https:\/\/www.synerglass-soft.com\/de\/impressum\/","title":{"rendered":"Rechtliche Hinweise \u2013 Impressum"},"content":{"rendered":"\t\t<div data-elementor-type=\"wp-page\" data-elementor-id=\"16120\" class=\"elementor elementor-16120 elementor-14543\" data-elementor-post-type=\"page\">\n\t\t\t\t<div class=\"elementor-element elementor-element-4dfe38ef e-flex e-con-boxed e-con e-parent\" data-id=\"4dfe38ef\" data-element_type=\"container\" data-settings=\"{&quot;background_background&quot;:&quot;classic&quot;}\">\n\t\t\t\t\t<div class=\"e-con-inner\">\n\t\t<div class=\"elementor-element elementor-element-312d1c2d e-con-full e-flex e-con e-child\" data-id=\"312d1c2d\" data-element_type=\"container\" data-settings=\"{&quot;background_background&quot;:&quot;classic&quot;}\">\n\t\t\t\t<div class=\"elementor-element elementor-element-e4aab5c elementor-widget__width-initial elementor-widget-tablet__width-initial elementor-widget-mobile__width-initial hover-title elementor-invisible elementor-widget elementor-widget-heading\" data-id=\"e4aab5c\" data-element_type=\"widget\" data-settings=\"{&quot;_animation&quot;:&quot;fadeInUp&quot;}\" data-widget_type=\"heading.default\">\n\t\t\t\t\t<h1 class=\"elementor-heading-title elementor-size-default\">Impressum<\/h1>\t\t\t\t<\/div>\n\t\t\t\t<div class=\"elementor-element elementor-element-67a09c1e elementor-invisible elementor-widget elementor-widget-post-info\" data-id=\"67a09c1e\" data-element_type=\"widget\" data-settings=\"{&quot;_animation&quot;:&quot;fadeInUp&quot;}\" data-widget_type=\"post-info.default\">\n\t\t\t\t\t\t\t<ul class=\"elementor-inline-items elementor-icon-list-items elementor-post-info\">\n\t\t\t\t\t\t\t\t<li class=\"elementor-icon-list-item elementor-repeater-item-44b3136 elementor-inline-item\" itemprop=\"datePublished\">\n\t\t\t\t\t\t<a href=\"https:\/\/www.synerglass-soft.com\/de\/2026\/04\/13\/\">\n\t\t\t\t\t\t\t\t\t\t\t<span class=\"elementor-icon-list-icon\">\n\t\t\t\t\t\t\t\t<svg xmlns=\"http:\/\/www.w3.org\/2000\/svg\" viewBox=\"0,0,256,256\" width=\"24px\" height=\"24px\" fill-rule=\"nonzero\"><g transform=\"scale(10.66667,10.66667)\"><rect x=\"2\" y=\"3\" width=\"20\" height=\"19\" rx=\"3\" ry=\"3\" fill=\"#BCD9FF\" opacity=\"0.5\"><\/rect><rect x=\"2\" y=\"3\" width=\"20\" height=\"19\" rx=\"3\" ry=\"3\" fill=\"none\" stroke=\"#5CA3FF\" stroke-width=\"1.5\"><\/rect><rect x=\"2\" y=\"3\" width=\"20\" height=\"5\" rx=\"3\" ry=\"3\" fill=\"#5CA3FF\"><\/rect><rect x=\"2\" y=\"6\" width=\"20\" height=\"2\" fill=\"#5CA3FF\"><\/rect><line x1=\"7\" y1=\"1.5\" x2=\"7\" y2=\"5\" stroke=\"#5CA3FF\" stroke-width=\"1.5\" stroke-linecap=\"round\"><\/line><line x1=\"17\" y1=\"1.5\" x2=\"17\" y2=\"5\" stroke=\"#5CA3FF\" stroke-width=\"1.5\" stroke-linecap=\"round\"><\/line><rect x=\"5\" y=\"11\" width=\"2\" height=\"2\" rx=\"0.5\" fill=\"#F0F6FF\"><\/rect><rect x=\"9\" y=\"11\" width=\"2\" height=\"2\" rx=\"0.5\" fill=\"#F0F6FF\"><\/rect><rect x=\"13\" y=\"11\" width=\"2\" height=\"2\" rx=\"0.5\" fill=\"#F0F6FF\"><\/rect><rect x=\"17\" y=\"11\" width=\"2\" height=\"2\" rx=\"0.5\" fill=\"#F0F6FF\"><\/rect><rect x=\"5\" y=\"15\" width=\"2\" height=\"2\" rx=\"0.5\" fill=\"#F0F6FF\"><\/rect><rect x=\"9\" y=\"15\" width=\"2\" height=\"2\" rx=\"0.5\" fill=\"#F0F6FF\"><\/rect><rect x=\"13\" y=\"15\" width=\"2\" height=\"2\" rx=\"0.5\" fill=\"#F0F6FF\"><\/rect><rect x=\"17\" y=\"15\" width=\"2\" height=\"2\" rx=\"0.5\" fill=\"#F0F6FF\"><\/rect><\/g><\/svg>\t\t\t\t\t\t\t<\/span>\n\t\t\t\t\t\t\t\t\t<span class=\"elementor-icon-list-text elementor-post-info__item elementor-post-info__item--type-date\">\n\t\t\t\t\t\t\t\t\t\t<time>April 13, 2026<\/time>\t\t\t\t\t<\/span>\n\t\t\t\t\t\t\t\t\t<\/a>\n\t\t\t\t<\/li>\n\t\t\t\t<\/ul>\n\t\t\t\t\t\t<\/div>\n\t\t\t\t<div class=\"elementor-element elementor-element-bbdd1d4 elementor-invisible elementor-widget elementor-widget-image\" data-id=\"bbdd1d4\" data-element_type=\"widget\" data-settings=\"{&quot;_animation&quot;:&quot;fadeInUp&quot;}\" data-widget_type=\"image.default\">\n\t\t\t\t\t\t\t\t\t\t\t\t\t\t\t<img fetchpriority=\"high\" decoding=\"async\" width=\"800\" height=\"181\" src=\"https:\/\/www.synerglass-soft.com\/wp-content\/uploads\/2026\/02\/Asset-1@1x.png\" class=\"attachment-large size-large wp-image-12875\" alt=\"\" \/>\t\t\t\t\t\t\t\t\t\t\t\t\t\t\t<\/div>\n\t\t\t\t<\/div>\n\t\t\t\t\t<\/div>\n\t\t\t\t<\/div>\n\t\t<div class=\"elementor-element elementor-element-22ee0f60 e-flex e-con-boxed e-con e-parent\" data-id=\"22ee0f60\" data-element_type=\"container\">\n\t\t\t\t\t<div class=\"e-con-inner\">\n\t\t<div class=\"elementor-element elementor-element-50ad10b3 e-con-full e-flex e-con e-child\" data-id=\"50ad10b3\" data-element_type=\"container\">\n\t\t\t\t<div class=\"elementor-element elementor-element-64da930a elementor-hidden-tablet elementor-hidden-mobile elementor-widget elementor-widget-table-of-contents\" data-id=\"64da930a\" data-element_type=\"widget\" data-settings=\"{&quot;headings_by_tags&quot;:[&quot;h2&quot;],&quot;exclude_headings_by_selector&quot;:[],&quot;marker_view&quot;:&quot;bullets&quot;,&quot;icon&quot;:{&quot;value&quot;:&quot;&quot;,&quot;library&quot;:&quot;&quot;},&quot;no_headings_message&quot;:&quot;Aucun titre n\\u2019a \\u00e9t\\u00e9 trouv\\u00e9 sur cette page.&quot;,&quot;sticky&quot;:&quot;top&quot;,&quot;sticky_parent&quot;:&quot;yes&quot;,&quot;_animation&quot;:&quot;none&quot;,&quot;hierarchical_view&quot;:&quot;yes&quot;,&quot;min_height&quot;:{&quot;unit&quot;:&quot;px&quot;,&quot;size&quot;:&quot;&quot;,&quot;sizes&quot;:[]},&quot;min_height_tablet&quot;:{&quot;unit&quot;:&quot;px&quot;,&quot;size&quot;:&quot;&quot;,&quot;sizes&quot;:[]},&quot;min_height_mobile&quot;:{&quot;unit&quot;:&quot;px&quot;,&quot;size&quot;:&quot;&quot;,&quot;sizes&quot;:[]},&quot;sticky_on&quot;:[&quot;desktop&quot;,&quot;tablet&quot;,&quot;mobile&quot;],&quot;sticky_offset&quot;:0,&quot;sticky_effects_offset&quot;:0,&quot;sticky_anchor_link_offset&quot;:0}\" data-widget_type=\"table-of-contents.default\">\n\t\t\t\t\t\t\t\t\t<div id=\"elementor-toc__64da930a\" class=\"elementor-toc__body\">\n\t\t\t<div class=\"elementor-toc__spinner-container\">\n\t\t\t\t<svg class=\"elementor-toc__spinner eicon-animation-spin e-font-icon-svg e-eicon-loading\" aria-hidden=\"true\" viewBox=\"0 0 1000 1000\" xmlns=\"http:\/\/www.w3.org\/2000\/svg\"><path d=\"M500 975V858C696 858 858 696 858 500S696 142 500 142 142 304 142 500H25C25 237 238 25 500 25S975 237 975 500 763 975 500 975Z\"><\/path><\/svg>\t\t\t<\/div>\n\t\t<\/div>\n\t\t\t\t\t\t<\/div>\n\t\t\t\t<\/div>\n\t\t<div class=\"elementor-element elementor-element-55122a6 e-con-full e-flex e-con e-child\" data-id=\"55122a6\" data-element_type=\"container\">\n\t\t\t\t<div class=\"elementor-element elementor-element-263f4cfb elementor-widget elementor-widget-heading\" data-id=\"263f4cfb\" data-element_type=\"widget\" data-widget_type=\"heading.default\">\n\t\t\t\t\t<h2 class=\"elementor-heading-title elementor-size-default\">1. Ver\u00f6ffentlichung und Hosting<\/h2>\t\t\t\t<\/div>\n\t\t\t\t<div class=\"elementor-element elementor-element-21651107 elementor-widget elementor-widget-text-editor\" data-id=\"21651107\" data-element_type=\"widget\" data-widget_type=\"text-editor.default\">\n\t\t\t\t\t\t\t\t\t<p>Die vorliegende Website, <a class=\"underline underline underline-offset-2 decoration-1 decoration-current\/40 hover:decoration-current focus:decoration-current\" href=\"https:\/\/www.synerglass-soft.com\/de\/\">https:\/\/www.synerglass-soft.com\/<\/a> (im Folgenden als \u201eWebsite\u201c bezeichnet), wird unter der Verantwortung von SYNERGLASS-SOFT SA herausgegeben und gehostet, deren Firmensitz sich in Sprimont, Belgien, und die bei der Zentralen Unternehmensdatenbank unter der Nummer BE0442.553.491 registriert ist. Der Webmaster der Website ist \u00fcber die folgende E-Mail-Adresse erreichbar: <a class=\"underline underline underline-offset-2 decoration-1 decoration-current\/40 hover:decoration-current focus:decoration-current\" href=\"mailto:info@synerglass-soft.com\">info@synerglass-soft.com<\/a> oder telefonisch unter +32 4 295 31 10<\/p>\t\t\t\t\t\t\t\t<\/div>\n\t\t\t\t<div class=\"elementor-element elementor-element-1c5f1fa elementor-widget elementor-widget-heading\" data-id=\"1c5f1fa\" data-element_type=\"widget\" data-widget_type=\"heading.default\">\n\t\t\t\t\t<h2 class=\"elementor-heading-title elementor-size-default\">2. Allgemeines<\/h2>\t\t\t\t<\/div>\n\t\t\t\t<div class=\"elementor-element elementor-element-5f9c58cc elementor-widget elementor-widget-text-editor\" data-id=\"5f9c58cc\" data-element_type=\"widget\" data-widget_type=\"text-editor.default\">\n\t\t\t\t\t\t\t\t\t<p class=\"font-claude-response-body break-words whitespace-normal leading-[1.7]\">Der Zugriff auf die Website und deren Nutzung unterliegen den vorliegenden Allgemeinen Nutzungsbedingungen (im Folgenden \u201eBedingungen\u201c) sowie den geltenden Gesetzen und\/oder Vorschriften. Der Zugriff auf die Website und deren Nutzung setzen daher die vollst\u00e4ndige und vorbehaltlose Zustimmung des Nutzers zu den vorliegenden Bedingungen voraus, einschlie\u00dflich der Bestimmungen zum Datenschutz von SYNERGLASS-SOFT, die auf der Website einsehbar sind. <\/p><p class=\"font-claude-response-body break-words whitespace-normal leading-[1.7]\">SYNERGLASS-SOFT beh\u00e4lt sich das Recht vor, die Nutzungsbedingungen, den Zugang zur Website sowie deren Inhalte jederzeit und ohne vorherige Ank\u00fcndigung zu \u00e4ndern und zu aktualisieren. Alle diese \u00c4nderungen sind f\u00fcr den Nutzer bei jedem Zugriff auf die Website verbindlich. <\/p><p class=\"font-claude-response-body break-words whitespace-normal leading-[1.7]\">Im Rahmen dieser Nutzungsbedingungen bezeichnet der Begriff \u201eNutzer\u201c jede Person, die die Website oder einen der auf der Website angebotenen Dienste nutzt.<\/p><p class=\"font-claude-response-body break-words whitespace-normal leading-[1.7]\">Wenn der Nutzer SYNERGLASS-SOFT bez\u00fcglich der Nutzung der Website kontaktieren m\u00f6chte, kann er hier klicken oder eine E-Mail an <a class=\"underline underline underline-offset-2 decoration-1 decoration-current\/40 hover:decoration-current focus:decoration-current\" href=\"mailto:info@synerglass-soft.com\">info@synerglass-soft.com<\/a> senden.<\/p><p class=\"font-claude-response-body break-words whitespace-normal leading-[1.7]\">Die Tatsache, dass SYNERGLASS-SOFT zu einem bestimmten Zeitpunkt von einer Bestimmung der Bedingungen keinen Gebrauch macht, darf nicht als Verzicht auf die sp\u00e4tere Geltendmachung dieser Bestimmung ausgelegt werden.<\/p>\t\t\t\t\t\t\t\t<\/div>\n\t\t\t\t<div class=\"elementor-element elementor-element-1d4fa155 elementor-widget elementor-widget-heading\" data-id=\"1d4fa155\" data-element_type=\"widget\" data-widget_type=\"heading.default\">\n\t\t\t\t\t<h2 class=\"elementor-heading-title elementor-size-default\">3. Rechte an geistigem Eigentum<\/h2>\t\t\t\t<\/div>\n\t\t\t\t<div class=\"elementor-element elementor-element-375232f6 elementor-widget elementor-widget-text-editor\" data-id=\"375232f6\" data-element_type=\"widget\" data-widget_type=\"text-editor.default\">\n\t\t\t\t\t\t\t\t\t<p class=\"font-claude-response-body break-words whitespace-normal leading-[1.7]\">Die Website und alle damit verbundenen Rechte, Marken, Logos, Grafiken, Fotos, Animationen, Videos, Texte und sonstigen Kennzeichen, die auf der Website enthalten sind, sind ausschlie\u00dfliches Eigentum von SYNERGLASS-SOFT oder seinen Partnern.<\/p><p class=\"font-claude-response-body break-words whitespace-normal leading-[1.7]\">Diese Elemente sind urheberrechtlich gesch\u00fctzte Werke und unterliegen insbesondere den Bestimmungen zum Urheberrecht, zum Geschmacksmusterrecht und zum Markenrecht.<\/p><p class=\"font-claude-response-body break-words whitespace-normal leading-[1.7]\">Daher d\u00fcrfen sie ohne vorherige schriftliche Genehmigung von SYNERGLASS-SOFT weder ganz noch teilweise vervielf\u00e4ltigt, verwendet oder wiedergegeben werden; andernfalls werden rechtliche Schritte eingeleitet.<\/p>\t\t\t\t\t\t\t\t<\/div>\n\t\t\t\t<div class=\"elementor-element elementor-element-1ecc4ac5 elementor-widget elementor-widget-heading\" data-id=\"1ecc4ac5\" data-element_type=\"widget\" data-widget_type=\"heading.default\">\n\t\t\t\t\t<h2 class=\"elementor-heading-title elementor-size-default\">4. Hyperlinks<\/h2>\t\t\t\t<\/div>\n\t\t\t\t<div class=\"elementor-element elementor-element-fb5458b elementor-widget elementor-widget-heading\" data-id=\"fb5458b\" data-element_type=\"widget\" data-widget_type=\"heading.default\">\n\t\t\t\t\t<h2 class=\"elementor-heading-title elementor-size-default\">4.1. Links zur Website<\/h2>\t\t\t\t<\/div>\n\t\t\t\t<div class=\"elementor-element elementor-element-6b65ec76 elementor-widget elementor-widget-text-editor\" data-id=\"6b65ec76\" data-element_type=\"widget\" data-widget_type=\"text-editor.default\">\n\t\t\t\t\t\t\t\t\t<p class=\"font-claude-response-body break-words whitespace-normal leading-[1.7]\">Das Einrichten eines Hyperlinks zur Startseite der Website \u2013 unter Ausschluss aller anderen Adressen \u2013 ist gestattet, sofern dieser Link SYNERGLASS-SOFT keinen Schaden zuf\u00fcgt und keine gegenteilige Mitteilung von SYNERGLASS-SOFT vorliegt. Dagegen ist jeder Hyperlink zu einer Unterseite der Website untersagt, es sei denn, SYNERGLASS-SOFT hat zuvor ausdr\u00fccklich ihre Zustimmung erteilt. <\/p>\t\t\t\t\t\t\t\t<\/div>\n\t\t\t\t<div class=\"elementor-element elementor-element-2123584d elementor-widget elementor-widget-heading\" data-id=\"2123584d\" data-element_type=\"widget\" data-widget_type=\"heading.default\">\n\t\t\t\t\t<h2 class=\"elementor-heading-title elementor-size-default\">4.2. Links von dieser Website<\/h2>\t\t\t\t<\/div>\n\t\t\t\t<div class=\"elementor-element elementor-element-3582b70a elementor-widget elementor-widget-text-editor\" data-id=\"3582b70a\" data-element_type=\"widget\" data-widget_type=\"text-editor.default\">\n\t\t\t\t\t\t\t\t\t<p>Die Website kann einen oder mehrere Links zu anderen Websites enthalten, die f\u00fcr die Nutzer von Interesse sein k\u00f6nnten. Diese Links dienen jedoch lediglich zu Informationszwecken, und SYNERGLASS-SOFT \u00fcbernimmt diesbez\u00fcglich keinerlei Gew\u00e4hr. Das Vorhandensein dieser Links bedeutet keinesfalls, dass SYNERGLASS-SOFT deren Inhalt in vollem Umfang billigt oder irgendeine Haftung f\u00fcr den Inhalt oder die Nutzung dieser anderen Websites \u00fcbernimmt.  <\/p>\t\t\t\t\t\t\t\t<\/div>\n\t\t\t\t<div class=\"elementor-element elementor-element-6fee848a elementor-widget elementor-widget-heading\" data-id=\"6fee848a\" data-element_type=\"widget\" data-widget_type=\"heading.default\">\n\t\t\t\t\t<h2 class=\"elementor-heading-title elementor-size-default\">5. Haftungsbeschr\u00e4nkung<\/h2>\t\t\t\t<\/div>\n\t\t\t\t<div class=\"elementor-element elementor-element-3095fe8d elementor-widget elementor-widget-text-editor\" data-id=\"3095fe8d\" data-element_type=\"widget\" data-widget_type=\"text-editor.default\">\n\t\t\t\t\t\t\t\t\t<p class=\"font-claude-response-body break-words whitespace-normal leading-[1.7]\">Die Nutzer nutzen die Website auf eigene Verantwortung. SYNERGLASS-SOFT haftet nicht f\u00fcr Sch\u00e4den, die sich aus der direkten oder indirekten Nutzung der Website durch die Nutzer unter Versto\u00df gegen die Nutzungsbedingungen ergeben. SYNERGLASS-SOFT lehnt diesbez\u00fcglich jegliche Haftung ab und \u00fcbernimmt keine Gew\u00e4hr f\u00fcr die \u00fcber die Website bereitgestellten Dienste.  <\/p><p class=\"font-claude-response-body break-words whitespace-normal leading-[1.7]\">Der Nutzer verpflichtet sich, die Website nicht in einer Weise zu nutzen, die Dritten oder SYNERGLASS-SOFT Schaden zuf\u00fcgen k\u00f6nnte.<\/p><p class=\"font-claude-response-body break-words whitespace-normal leading-[1.7]\">Ebenso kann SYNERGLASS-SOFT weder die st\u00e4ndige Verf\u00fcgbarkeit aller Funktionen der Website ohne Fehler oder Unterbrechungen noch die sofortige Behebung von Fehlern noch die vollst\u00e4ndige Abwesenheit von Viren oder anderen sch\u00e4dlichen Elementen auf der Website und in der Infrastruktur, \u00fcber die die Website bereitgestellt wird, garantieren.<\/p><p class=\"font-claude-response-body break-words whitespace-normal leading-[1.7]\">Es kann zu vor\u00fcbergehenden Einschr\u00e4nkungen aufgrund technischer Probleme wie Unterbrechungen, Telekommunikationsst\u00f6rungen, Programmfehlern oder Hardwareproblemen usw. kommen. SYNERGLASS-SOFT beh\u00e4lt sich das Recht vor, die Verf\u00fcgbarkeit der Website jederzeit zu Wartungs- und Aktualisierungszwecken auszusetzen. <\/p><p class=\"font-claude-response-body break-words whitespace-normal leading-[1.7]\">SYNERGLASS-SOFT haftet nicht f\u00fcr Verluste oder Sch\u00e4den (direkte, indirekte, materielle oder immaterielle), die aufgrund dieser vor\u00fcbergehenden Einschr\u00e4nkungen entstehen, noch im Zusammenhang mit der Nutzung der Website oder der Unm\u00f6glichkeit, diese zu nutzen.<\/p>\t\t\t\t\t\t\t\t<\/div>\n\t\t\t\t<div class=\"elementor-element elementor-element-3261cf99 elementor-widget elementor-widget-heading\" data-id=\"3261cf99\" data-element_type=\"widget\" data-widget_type=\"heading.default\">\n\t\t\t\t\t<h2 class=\"elementor-heading-title elementor-size-default\">6. Unwirksamkeit einer Klausel<\/h2>\t\t\t\t<\/div>\n\t\t\t\t<div class=\"elementor-element elementor-element-10752921 elementor-widget elementor-widget-text-editor\" data-id=\"10752921\" data-element_type=\"widget\" data-widget_type=\"text-editor.default\">\n\t\t\t\t\t\t\t\t\t<p class=\"font-claude-response-body break-words whitespace-normal leading-[1.7]\">Die Unwirksamkeit, das Erl\u00f6schen oder die Nichtdurchsetzbarkeit einer Bestimmung dieser Bedingungen \u2013 ganz oder teilweise \u2013 hat nicht die Unwirksamkeit der gesamten Bedingungen zur Folge. Die ganz oder teilweise unwirksame, erloschene oder nicht durchsetzbare Bestimmung gilt als nicht geschrieben. <\/p><p class=\"font-claude-response-body break-words whitespace-normal leading-[1.7]\">SYNERGLASS-SOFT verpflichtet sich, diese Bestimmung durch eine andere zu ersetzen, die, soweit m\u00f6glich, denselben Zweck erf\u00fcllt.<\/p>\t\t\t\t\t\t\t\t<\/div>\n\t\t\t\t<div class=\"elementor-element elementor-element-241a7029 elementor-widget elementor-widget-heading\" data-id=\"241a7029\" data-element_type=\"widget\" data-widget_type=\"heading.default\">\n\t\t\t\t\t<h2 class=\"elementor-heading-title elementor-size-default\">7. Anwendbares Recht und zust\u00e4ndige Gerichte<\/h2>\t\t\t\t<\/div>\n\t\t\t\t<div class=\"elementor-element elementor-element-14141b57 elementor-widget elementor-widget-text-editor\" data-id=\"14141b57\" data-element_type=\"widget\" data-widget_type=\"text-editor.default\">\n\t\t\t\t\t\t\t\t\t<p class=\"font-claude-response-body break-words whitespace-normal leading-[1.7]\">Die G\u00fcltigkeit, Auslegung und Erf\u00fcllung dieser Allgemeinen Gesch\u00e4ftsbedingungen unterliegen belgischem Recht und der Zust\u00e4ndigkeit der Gerichte von Nivelles.<\/p><p class=\"font-claude-response-body break-words whitespace-normal leading-[1.7]\">F\u00fcr alle Streitigkeiten im Zusammenhang mit der Website oder deren Nutzung gilt ausschlie\u00dflich belgisches Recht; f\u00fcr Rechtsstreitigkeiten sind die Gerichte in L\u00fcttich zust\u00e4ndig.<\/p>\t\t\t\t\t\t\t\t<\/div>\n\t\t\t\t<\/div>\n\t\t\t\t\t<\/div>\n\t\t\t\t<\/div>\n\t\t\t\t<\/div>\n\t\t","protected":false},"excerpt":{"rendered":"<p>Impressum 1. Ver\u00f6ffentlichung und Hosting Die vorliegende Website, https:\/\/www.synerglass-soft.com\/ (im Folgenden als \u201eWebsite\u201c bezeichnet), wird unter der Verantwortung von SYNERGLASS-SOFT SA herausgegeben und gehostet, deren Firmensitz sich in Sprimont, Belgien, und die bei der Zentralen Unternehmensdatenbank unter der Nummer BE0442.553.491 registriert ist. Der Webmaster der Website ist \u00fcber die folgende E-Mail-Adresse erreichbar: info@synerglass-soft.com oder telefonisch [&hellip;]<\/p>\n","protected":false},"author":4,"featured_media":0,"parent":0,"menu_order":0,"comment_status":"closed","ping_status":"closed","template":"","meta":{"footnotes":""},"class_list":["post-16120","page","type-page","status-publish","hentry"],"_links":{"self":[{"href":"https:\/\/www.synerglass-soft.com\/de\/wp-json\/wp\/v2\/pages\/16120","targetHints":{"allow":["GET"]}}],"collection":[{"href":"https:\/\/www.synerglass-soft.com\/de\/wp-json\/wp\/v2\/pages"}],"about":[{"href":"https:\/\/www.synerglass-soft.com\/de\/wp-json\/wp\/v2\/types\/page"}],"author":[{"embeddable":true,"href":"https:\/\/www.synerglass-soft.com\/de\/wp-json\/wp\/v2\/users\/4"}],"replies":[{"embeddable":true,"href":"https:\/\/www.synerglass-soft.com\/de\/wp-json\/wp\/v2\/comments?post=16120"}],"version-history":[{"count":2,"href":"https:\/\/www.synerglass-soft.com\/de\/wp-json\/wp\/v2\/pages\/16120\/revisions"}],"predecessor-version":[{"id":17658,"href":"https:\/\/www.synerglass-soft.com\/de\/wp-json\/wp\/v2\/pages\/16120\/revisions\/17658"}],"wp:attachment":[{"href":"https:\/\/www.synerglass-soft.com\/de\/wp-json\/wp\/v2\/media?parent=16120"}],"curies":[{"name":"wp","href":"https:\/\/api.w.org\/{rel}","templated":true}]}}