{"id":16122,"date":"2026-04-13T15:29:25","date_gmt":"2026-04-13T13:29:25","guid":{"rendered":"https:\/\/www.synerglass-soft.com\/datenschutzerklarung-dsgvo\/"},"modified":"2026-04-23T15:52:02","modified_gmt":"2026-04-23T13:52:02","slug":"datenschutzerklarung-dsgvo","status":"publish","type":"page","link":"https:\/\/www.synerglass-soft.com\/de\/datenschutzerklarung-dsgvo\/","title":{"rendered":"Rechtliche Hinweise \u2013 Datenschutzerkl\u00e4rung"},"content":{"rendered":"\t\t<div data-elementor-type=\"wp-page\" data-elementor-id=\"16122\" class=\"elementor elementor-16122 elementor-14615\" data-elementor-post-type=\"page\">\n\t\t\t\t<div class=\"elementor-element elementor-element-4cf53e1 e-flex e-con-boxed e-con e-parent\" data-id=\"4cf53e1\" data-element_type=\"container\" data-settings=\"{&quot;background_background&quot;:&quot;classic&quot;}\">\n\t\t\t\t\t<div class=\"e-con-inner\">\n\t\t<div class=\"elementor-element elementor-element-cdb0b85 e-con-full e-flex e-con e-child\" data-id=\"cdb0b85\" data-element_type=\"container\" data-settings=\"{&quot;background_background&quot;:&quot;classic&quot;}\">\n\t\t\t\t<div class=\"elementor-element elementor-element-4717af8 elementor-widget__width-initial elementor-widget-tablet__width-initial elementor-widget-mobile__width-initial hover-title elementor-invisible elementor-widget elementor-widget-heading\" data-id=\"4717af8\" data-element_type=\"widget\" data-settings=\"{&quot;_animation&quot;:&quot;fadeInUp&quot;}\" data-widget_type=\"heading.default\">\n\t\t\t\t\t<h1 class=\"elementor-heading-title elementor-size-default\">Datenschutzerkl\u00e4rung (DSGVO)<\/h1>\t\t\t\t<\/div>\n\t\t\t\t<div class=\"elementor-element elementor-element-96b2f72 elementor-invisible elementor-widget elementor-widget-post-info\" data-id=\"96b2f72\" data-element_type=\"widget\" data-settings=\"{&quot;_animation&quot;:&quot;fadeInUp&quot;}\" data-widget_type=\"post-info.default\">\n\t\t\t\t\t\t\t<ul class=\"elementor-inline-items elementor-icon-list-items elementor-post-info\">\n\t\t\t\t\t\t\t\t<li class=\"elementor-icon-list-item elementor-repeater-item-44b3136 elementor-inline-item\" itemprop=\"datePublished\">\n\t\t\t\t\t\t<a href=\"https:\/\/www.synerglass-soft.com\/de\/2026\/04\/13\/\">\n\t\t\t\t\t\t\t\t\t\t\t<span class=\"elementor-icon-list-icon\">\n\t\t\t\t\t\t\t\t<svg xmlns=\"http:\/\/www.w3.org\/2000\/svg\" viewBox=\"0,0,256,256\" width=\"24px\" height=\"24px\" fill-rule=\"nonzero\"><g transform=\"scale(10.66667,10.66667)\"><rect x=\"2\" y=\"3\" width=\"20\" height=\"19\" rx=\"3\" ry=\"3\" fill=\"#BCD9FF\" opacity=\"0.5\"><\/rect><rect x=\"2\" y=\"3\" width=\"20\" height=\"19\" rx=\"3\" ry=\"3\" fill=\"none\" stroke=\"#5CA3FF\" stroke-width=\"1.5\"><\/rect><rect x=\"2\" y=\"3\" width=\"20\" height=\"5\" rx=\"3\" ry=\"3\" fill=\"#5CA3FF\"><\/rect><rect x=\"2\" y=\"6\" width=\"20\" height=\"2\" fill=\"#5CA3FF\"><\/rect><line x1=\"7\" y1=\"1.5\" x2=\"7\" y2=\"5\" stroke=\"#5CA3FF\" stroke-width=\"1.5\" stroke-linecap=\"round\"><\/line><line x1=\"17\" y1=\"1.5\" x2=\"17\" y2=\"5\" stroke=\"#5CA3FF\" stroke-width=\"1.5\" stroke-linecap=\"round\"><\/line><rect x=\"5\" y=\"11\" width=\"2\" height=\"2\" rx=\"0.5\" fill=\"#F0F6FF\"><\/rect><rect x=\"9\" y=\"11\" width=\"2\" height=\"2\" rx=\"0.5\" fill=\"#F0F6FF\"><\/rect><rect x=\"13\" y=\"11\" width=\"2\" height=\"2\" rx=\"0.5\" fill=\"#F0F6FF\"><\/rect><rect x=\"17\" y=\"11\" width=\"2\" height=\"2\" rx=\"0.5\" fill=\"#F0F6FF\"><\/rect><rect x=\"5\" y=\"15\" width=\"2\" height=\"2\" rx=\"0.5\" fill=\"#F0F6FF\"><\/rect><rect x=\"9\" y=\"15\" width=\"2\" height=\"2\" rx=\"0.5\" fill=\"#F0F6FF\"><\/rect><rect x=\"13\" y=\"15\" width=\"2\" height=\"2\" rx=\"0.5\" fill=\"#F0F6FF\"><\/rect><rect x=\"17\" y=\"15\" width=\"2\" height=\"2\" rx=\"0.5\" fill=\"#F0F6FF\"><\/rect><\/g><\/svg>\t\t\t\t\t\t\t<\/span>\n\t\t\t\t\t\t\t\t\t<span class=\"elementor-icon-list-text elementor-post-info__item elementor-post-info__item--type-date\">\n\t\t\t\t\t\t\t\t\t\t<time>April 13, 2026<\/time>\t\t\t\t\t<\/span>\n\t\t\t\t\t\t\t\t\t<\/a>\n\t\t\t\t<\/li>\n\t\t\t\t<\/ul>\n\t\t\t\t\t\t<\/div>\n\t\t\t\t<div class=\"elementor-element elementor-element-ff4caf9 elementor-invisible elementor-widget elementor-widget-image\" data-id=\"ff4caf9\" data-element_type=\"widget\" data-settings=\"{&quot;_animation&quot;:&quot;fadeInUp&quot;}\" data-widget_type=\"image.default\">\n\t\t\t\t\t\t\t\t\t\t\t\t\t\t\t<img fetchpriority=\"high\" decoding=\"async\" width=\"800\" height=\"181\" src=\"https:\/\/www.synerglass-soft.com\/wp-content\/uploads\/2026\/02\/Asset-1@1x.png\" class=\"attachment-large size-large wp-image-12875\" alt=\"\" \/>\t\t\t\t\t\t\t\t\t\t\t\t\t\t\t<\/div>\n\t\t\t\t<\/div>\n\t\t\t\t\t<\/div>\n\t\t\t\t<\/div>\n\t\t<div class=\"elementor-element elementor-element-69ecb8c e-flex e-con-boxed e-con e-parent\" data-id=\"69ecb8c\" data-element_type=\"container\">\n\t\t\t\t\t<div class=\"e-con-inner\">\n\t\t<div class=\"elementor-element elementor-element-23c10c8 e-con-full e-flex e-con e-child\" data-id=\"23c10c8\" data-element_type=\"container\">\n\t\t\t\t<div class=\"elementor-element elementor-element-58ccaf4 elementor-hidden-tablet elementor-hidden-mobile elementor-widget elementor-widget-table-of-contents\" data-id=\"58ccaf4\" data-element_type=\"widget\" data-settings=\"{&quot;headings_by_tags&quot;:[&quot;h2&quot;],&quot;exclude_headings_by_selector&quot;:[],&quot;marker_view&quot;:&quot;bullets&quot;,&quot;icon&quot;:{&quot;value&quot;:&quot;&quot;,&quot;library&quot;:&quot;&quot;},&quot;no_headings_message&quot;:&quot;Aucun titre n\\u2019a \\u00e9t\\u00e9 trouv\\u00e9 sur cette page.&quot;,&quot;sticky&quot;:&quot;top&quot;,&quot;sticky_parent&quot;:&quot;yes&quot;,&quot;_animation&quot;:&quot;none&quot;,&quot;hierarchical_view&quot;:&quot;yes&quot;,&quot;min_height&quot;:{&quot;unit&quot;:&quot;px&quot;,&quot;size&quot;:&quot;&quot;,&quot;sizes&quot;:[]},&quot;min_height_tablet&quot;:{&quot;unit&quot;:&quot;px&quot;,&quot;size&quot;:&quot;&quot;,&quot;sizes&quot;:[]},&quot;min_height_mobile&quot;:{&quot;unit&quot;:&quot;px&quot;,&quot;size&quot;:&quot;&quot;,&quot;sizes&quot;:[]},&quot;sticky_on&quot;:[&quot;desktop&quot;,&quot;tablet&quot;,&quot;mobile&quot;],&quot;sticky_offset&quot;:0,&quot;sticky_effects_offset&quot;:0,&quot;sticky_anchor_link_offset&quot;:0}\" data-widget_type=\"table-of-contents.default\">\n\t\t\t\t\t\t\t\t\t<div id=\"elementor-toc__58ccaf4\" class=\"elementor-toc__body\">\n\t\t\t<div class=\"elementor-toc__spinner-container\">\n\t\t\t\t<svg class=\"elementor-toc__spinner eicon-animation-spin e-font-icon-svg e-eicon-loading\" aria-hidden=\"true\" viewBox=\"0 0 1000 1000\" xmlns=\"http:\/\/www.w3.org\/2000\/svg\"><path d=\"M500 975V858C696 858 858 696 858 500S696 142 500 142 142 304 142 500H25C25 237 238 25 500 25S975 237 975 500 763 975 500 975Z\"><\/path><\/svg>\t\t\t<\/div>\n\t\t<\/div>\n\t\t\t\t\t\t<\/div>\n\t\t\t\t<\/div>\n\t\t<div class=\"elementor-element elementor-element-426d94a e-con-full e-flex e-con e-child\" data-id=\"426d94a\" data-element_type=\"container\">\n\t\t\t\t<div class=\"elementor-element elementor-element-b5499b9 elementor-widget elementor-widget-heading\" data-id=\"b5499b9\" data-element_type=\"widget\" data-widget_type=\"heading.default\">\n\t\t\t\t\t<h2 class=\"elementor-heading-title elementor-size-default\">1. Datenschutzerkl\u00e4rung<\/h2>\t\t\t\t<\/div>\n\t\t\t\t<div class=\"elementor-element elementor-element-d21fd23 elementor-widget elementor-widget-text-editor\" data-id=\"d21fd23\" data-element_type=\"widget\" data-widget_type=\"text-editor.default\">\n\t\t\t\t\t\t\t\t\t<p data-start=\"35\" data-end=\"343\">Die vorliegende Datenschutzerkl\u00e4rung spiegelt unser Engagement f\u00fcr den Schutz der Privatsph\u00e4re und den Datenschutz wider. Dieses Dokument erl\u00e4utert unsere Vorgehensweisen im Umgang mit Informationen, die eine Person direkt oder indirekt identifizieren k\u00f6nnen (\u201epersonenbezogene Daten\u201c). <\/p><p data-start=\"345\" data-end=\"627\">Die Datenschutzerkl\u00e4rung soll erl\u00e4utern, welche personenbezogenen Daten von SYNERGLASS-SOFT verarbeitet werden, wer Ihre personenbezogenen Daten nutzt, zu welchem Zweck bzw. zu welchen Zwecken, wie lange und welche Rechte Sie in diesem Zusammenhang haben.<\/p>\t\t\t\t\t\t\t\t<\/div>\n\t\t\t\t<div class=\"elementor-element elementor-element-2cf7d09 elementor-widget elementor-widget-heading\" data-id=\"2cf7d09\" data-element_type=\"widget\" data-widget_type=\"heading.default\">\n\t\t\t\t\t<h2 class=\"elementor-heading-title elementor-size-default\">2. Datenerhebung<\/h2>\t\t\t\t<\/div>\n\t\t\t\t<div class=\"elementor-element elementor-element-e2022f0 elementor-widget elementor-widget-text-editor\" data-id=\"e2022f0\" data-element_type=\"widget\" data-widget_type=\"text-editor.default\">\n\t\t\t\t\t\t\t\t\t<p data-start=\"654\" data-end=\"916\">SYNERGLASS-SOFT verarbeitet Informationen, einschlie\u00dflich personenbezogener Daten der Nutzer der Synerglass-Soft-Dienste, mithilfe von Cookies oder \u00e4hnlichen Technologien zu den in der nachstehenden Cookie-Erkl\u00e4rung genannten Zwecken.<\/p><p data-start=\"918\" data-end=\"1058\">SYNERGLASS-SOFT kann im Rahmen seiner Gesch\u00e4ftst\u00e4tigkeit verschiedene Arten von personenbezogenen Daten \u00fcber Sie erheben, darunter insbesondere:<\/p>\t\t\t\t\t\t\t\t<\/div>\n\t\t\t\t<div class=\"elementor-element elementor-element-af77e97 elementor-widget elementor-widget-heading\" data-id=\"af77e97\" data-element_type=\"widget\" data-widget_type=\"heading.default\">\n\t\t\t\t\t<h2 class=\"elementor-heading-title elementor-size-default\">2.1. Arten der erfassten Daten<\/h2>\t\t\t\t<\/div>\n\t\t\t\t<div class=\"elementor-element elementor-element-ad7dfc0 elementor-widget elementor-widget-text-editor\" data-id=\"ad7dfc0\" data-element_type=\"widget\" data-widget_type=\"text-editor.default\">\n\t\t\t\t\t\t\t\t\t<p>\u2022 pers\u00f6nliche Kontaktdaten;<br>\u2022 personenbezogene Daten im Zusammenhang mit Ihrer Gesch\u00e4ftsbeziehung zu SYNERGLASS-SOFT oder der Ihres Arbeitgebers;<br data-start=\"1121\" data-end=\"1124\">\u2022 personenbezogene Daten, die SYNERGLASS-SOFT zu rechtlichen und Compliance-Zwecken erheben muss;<br>\u2022 pers\u00f6nliche Nutzungs-, Registrierungs- und Teilnahme-Daten, die SYNERGLASS-SOFT im Zuge Ihrer Nutzung seiner Web- und Online-Angebote generieren kann;<br data-start=\"1247\" data-end=\"1250\">\u2022 besondere Kategorien personenbezogener Daten;<br>\u2022 personenbezogene Daten im Zusammenhang mit Anwendungen;<br data-start=\"1358\" data-end=\"1361\">\u2022 personenbezogene Daten, die SYNERGLASS-SOFT von Dritten erhalten kann;<br>\u2022 personenbezogene Daten, die SYNERGLASS-SOFT ben\u00f6tigt, um Ihre Zufriedenheit und die Ihres Arbeitgebers mit unseren Produkten, Dienstleistungen und Angeboten sicherzustellen.<br><br><\/p>\t\t\t\t\t\t\t\t<\/div>\n\t\t\t\t<div class=\"elementor-element elementor-element-f155ee9 elementor-widget elementor-widget-heading\" data-id=\"f155ee9\" data-element_type=\"widget\" data-widget_type=\"heading.default\">\n\t\t\t\t\t<h2 class=\"elementor-heading-title elementor-size-default\">3. Verwendung der Daten<\/h2>\t\t\t\t<\/div>\n\t\t\t\t<div class=\"elementor-element elementor-element-a72624d elementor-widget elementor-widget-text-editor\" data-id=\"a72624d\" data-element_type=\"widget\" data-widget_type=\"text-editor.default\">\n\t\t\t\t\t\t\t\t\t<p data-start=\"654\" data-end=\"916\">SYNERGLASS-SOFT verarbeitet Ihre personenbezogenen Daten zu folgenden Zwecken:<\/p>\t\t\t\t\t\t\t\t<\/div>\n\t\t\t\t<div class=\"elementor-element elementor-element-c21a0e6 elementor-widget elementor-widget-heading\" data-id=\"c21a0e6\" data-element_type=\"widget\" data-widget_type=\"heading.default\">\n\t\t\t\t\t<h2 class=\"elementor-heading-title elementor-size-default\">3.1. Zweck der Verarbeitung<\/h2>\t\t\t\t<\/div>\n\t\t\t\t<div class=\"elementor-element elementor-element-ea37002 elementor-widget elementor-widget-text-editor\" data-id=\"ea37002\" data-element_type=\"widget\" data-widget_type=\"text-editor.default\">\n\t\t\t\t\t\t\t\t\t<p data-start=\"654\" data-end=\"916\">\u2022 die Pflege unserer Gesch\u00e4ftsbeziehungen zu Ihnen, Ihrem Arbeitgeber oder den Kunden Ihres Arbeitgebers, insbesondere indem wir Ihre Zufriedenheit mit unseren Produkten und Dienstleistungen sicherstellen und Sie \u00fcber die neuesten Entwicklungen auf dem Laufenden halten;<br><br data-start=\"2286\" data-end=\"2289\">\u2022 seine Softwareprodukte, Cloud-Dienste und andere Dienstleistungen zu entwickeln und Ihnen anzubieten;<br><br data-start=\"2384\" data-end=\"2387\">\u2022 die Qualit\u00e4t und Sicherheit seiner R\u00e4umlichkeiten, Anlagen, Produkte oder Dienstleistungen zu gew\u00e4hrleisten;<br><br data-start=\"2476\" data-end=\"2479\">\u2022 unsere rechtlichen Verm\u00f6genswerte vor unrechtm\u00e4\u00dfigen Angriffen zu sch\u00fctzen und gegebenenfalls zu verteidigen, unsere Rechte geltend zu machen oder SYNERGLASS-SOFT gegen jegliche rechtlichen Schritte zu verteidigen;<br><br data-start=\"2665\" data-end=\"2668\">\u2022 die Einhaltung der f\u00fcr SYNERGLASS-SOFT geltenden Gesetze und Vorschriften sicherzustellen;<br><br data-start=\"2760\" data-end=\"2763\">\u2022 Verwaltung von Webseiten, Webangeboten oder anderen Online-Diensten von SYNERGLASS-SOFT, einschlie\u00dflich der Analyse des Nutzerverhaltens, wodurch Sie ein Nutzerprofil erstellen, einen Identit\u00e4tsverwaltungsdienst nutzen sowie Ihre Nutzererfahrung kontinuierlich verbessern und optimieren k\u00f6nnen;<br><br data-start=\"3092\" data-end=\"3095\">\u2022 Ihr Profil bei der Suche nach potenziellen Talenten f\u00fcr SYNERGLASS-SOFT zu finden;<br><br data-start=\"3181\" data-end=\"3184\">\u2022 diese an Empf\u00e4nger wie andere Unternehmen der SYNERGLASS-SOFT-Gruppe, externe Dienstleister, SYNERGLASS-SOFT-Partner und andere weiterzugeben.<br><br><\/p>\t\t\t\t\t\t\t\t<\/div>\n\t\t\t\t<div class=\"elementor-element elementor-element-018a993 elementor-widget elementor-widget-heading\" data-id=\"018a993\" data-element_type=\"widget\" data-widget_type=\"heading.default\">\n\t\t\t\t\t<h2 class=\"elementor-heading-title elementor-size-default\">4. Ihre Rechte<\/h2>\t\t\t\t<\/div>\n\t\t\t\t<div class=\"elementor-element elementor-element-3f1219f elementor-widget elementor-widget-text-editor\" data-id=\"3f1219f\" data-element_type=\"widget\" data-widget_type=\"text-editor.default\">\n\t\t\t\t\t\t\t\t\t<p data-start=\"3887\" data-end=\"4145\">Welche Rechte haben Sie im Hinblick auf den Datenschutz? Sie haben das Recht, von SYNERGLASS-SOFT Auskunft \u00fcber Ihre personenbezogenen Daten sowie die Berichtigung, Herausgabe oder L\u00f6schung dieser personenbezogenen Daten zu verlangen. <\/p><p data-start=\"4147\" data-end=\"4292\">Sie k\u00f6nnen SYNERGLASS-SOFT auffordern, den Zugriff auf Ihre personenbezogenen Daten einzuschr\u00e4nken oder diese von jeder weiteren Verarbeitung auszuschlie\u00dfen.<\/p><p data-start=\"4294\" data-end=\"4449\">Sie k\u00f6nnen eine zuvor erteilte Einwilligung widerrufen oder der Verarbeitung durch SYNERGLASS-SOFT in einem konkreten Fall widersprechen.<\/p><p data-start=\"4608\" data-end=\"4903\">Wenn Sie der Ansicht sind, dass SYNERGLASS-SOFT Ihre personenbezogenen Daten nicht gem\u00e4\u00df dieser Datenschutzerkl\u00e4rung oder den geltenden Datenschutzgesetzen verarbeitet, haben Sie das Recht, eine Beschwerde bei einer zust\u00e4ndigen Aufsichtsbeh\u00f6rde einzureichen.<\/p>\t\t\t\t\t\t\t\t<\/div>\n\t\t\t\t<div class=\"elementor-element elementor-element-fac42bb elementor-widget elementor-widget-heading\" data-id=\"fac42bb\" data-element_type=\"widget\" data-widget_type=\"heading.default\">\n\t\t\t\t\t<h2 class=\"elementor-heading-title elementor-size-default\">5. Datenschutz-Grundverordnung (DSGVO)<\/h2>\t\t\t\t<\/div>\n\t\t\t\t<div class=\"elementor-element elementor-element-b2c64d5 elementor-widget elementor-widget-text-editor\" data-id=\"b2c64d5\" data-element_type=\"widget\" data-widget_type=\"text-editor.default\">\n\t\t\t\t\t\t\t\t\t<p>Synerglass-Soft ist ein Softwareentwicklungsunternehmen, das die Privatsph\u00e4re seiner Nutzer respektiert und deren personenbezogene Daten gem\u00e4\u00df den Anforderungen der Datenschutz-Grundverordnung (DSGVO) (Verordnung (EU) 2016\/679) sch\u00fctzt.<\/p>\t\t\t\t\t\t\t\t<\/div>\n\t\t\t\t<div class=\"elementor-element elementor-element-6c0615d elementor-widget elementor-widget-heading\" data-id=\"6c0615d\" data-element_type=\"widget\" data-widget_type=\"heading.default\">\n\t\t\t\t\t<h2 class=\"elementor-heading-title elementor-size-default\">5.1. Verantwortlicher f\u00fcr die Datenverarbeitung<\/h2>\t\t\t\t<\/div>\n\t\t\t\t<div class=\"elementor-element elementor-element-935f25e elementor-widget elementor-widget-text-editor\" data-id=\"935f25e\" data-element_type=\"widget\" data-widget_type=\"text-editor.default\">\n\t\t\t\t\t\t\t\t\t<p>Synerglass-Soft ist f\u00fcr die Verarbeitung der personenbezogenen Daten der Nutzer seiner Anwendungen verantwortlich. Die Kontaktdaten des Unternehmens lauten wie folgt: <\/p><p>Name: Synerglass-Soft SA<\/p><p>Eingetragene Anschrift: Z.I. Damr\u00e9, Rue des Spinettes 7, 4140 Sprimont, Belgien<\/p><p>Telefon: +32 (0)4 247 63 50<\/p><p>E-Mail: <a href=\"mailto:info@synerglass-soft.com\">info@synerglass-soft.com<\/a><\/p>\t\t\t\t\t\t\t\t<\/div>\n\t\t\t\t<div class=\"elementor-element elementor-element-86c27c4 elementor-widget elementor-widget-heading\" data-id=\"86c27c4\" data-element_type=\"widget\" data-widget_type=\"heading.default\">\n\t\t\t\t\t<h2 class=\"elementor-heading-title elementor-size-default\">5.2. Erhebung personenbezogener Daten<\/h2>\t\t\t\t<\/div>\n\t\t\t\t<div class=\"elementor-element elementor-element-4e2e172 elementor-widget elementor-widget-text-editor\" data-id=\"4e2e172\" data-element_type=\"widget\" data-widget_type=\"text-editor.default\">\n\t\t\t\t\t\t\t\t\t<p>Synerglass-Soft erhebt personenbezogene Daten ausschlie\u00dflich zu dem Zweck, die Funktionen der Software gem\u00e4\u00df den im Bestellformular angegebenen Spezifikationen zu entwickeln und zu betreiben.<\/p><p>Die erfassten Daten k\u00f6nnen unter anderem Folgendes umfassen:<\/p><ul><li>Identifizierungsdaten: Name, E-Mail-Adresse, Telefonnummer, Benutzername und Passwort.<br><br><\/li><li>Nutzungsdaten: Daten zur Nutzung der App, einschlie\u00dflich der genutzten Funktionen, der besuchten Seiten, der durchgef\u00fchrten Aktionen und der aufgetretenen Fehler.<br><br><\/li><li>Standortdaten: Geolokalisierungsdaten des Nutzers, sofern der Nutzer zuvor seine Einwilligung zur Erhebung dieser Daten erteilt hat.<br><br><\/li><li>Bilder: Die mobilen Anwendungen von Synerglass-Soft k\u00f6nnen auf die Kamera des Mobiltelefons des Nutzers zugreifen, um Barcodes zu scannen und andere Bilder im Zusammenhang mit der Erbringung der Dienste aufzunehmen.<\/li><\/ul>\t\t\t\t\t\t\t\t<\/div>\n\t\t\t\t<\/div>\n\t\t\t\t\t<\/div>\n\t\t\t\t<\/div>\n\t\t\t\t<\/div>\n\t\t","protected":false},"excerpt":{"rendered":"<p>Datenschutzerkl\u00e4rung (DSGVO) 1. Datenschutzerkl\u00e4rung Die vorliegende Datenschutzerkl\u00e4rung spiegelt unser Engagement f\u00fcr den Schutz der Privatsph\u00e4re und den Datenschutz wider. Dieses Dokument erl\u00e4utert unsere Vorgehensweisen im Umgang mit Informationen, die eine Person direkt oder indirekt identifizieren k\u00f6nnen (\u201epersonenbezogene Daten\u201c). Die Datenschutzerkl\u00e4rung soll erl\u00e4utern, welche personenbezogenen Daten von SYNERGLASS-SOFT verarbeitet werden, wer Ihre personenbezogenen Daten nutzt, zu [&hellip;]<\/p>\n","protected":false},"author":4,"featured_media":0,"parent":0,"menu_order":0,"comment_status":"closed","ping_status":"closed","template":"","meta":{"footnotes":""},"class_list":["post-16122","page","type-page","status-publish","hentry"],"_links":{"self":[{"href":"https:\/\/www.synerglass-soft.com\/de\/wp-json\/wp\/v2\/pages\/16122","targetHints":{"allow":["GET"]}}],"collection":[{"href":"https:\/\/www.synerglass-soft.com\/de\/wp-json\/wp\/v2\/pages"}],"about":[{"href":"https:\/\/www.synerglass-soft.com\/de\/wp-json\/wp\/v2\/types\/page"}],"author":[{"embeddable":true,"href":"https:\/\/www.synerglass-soft.com\/de\/wp-json\/wp\/v2\/users\/4"}],"replies":[{"embeddable":true,"href":"https:\/\/www.synerglass-soft.com\/de\/wp-json\/wp\/v2\/comments?post=16122"}],"version-history":[{"count":1,"href":"https:\/\/www.synerglass-soft.com\/de\/wp-json\/wp\/v2\/pages\/16122\/revisions"}],"predecessor-version":[{"id":16123,"href":"https:\/\/www.synerglass-soft.com\/de\/wp-json\/wp\/v2\/pages\/16122\/revisions\/16123"}],"wp:attachment":[{"href":"https:\/\/www.synerglass-soft.com\/de\/wp-json\/wp\/v2\/media?parent=16122"}],"curies":[{"name":"wp","href":"https:\/\/api.w.org\/{rel}","templated":true}]}}