{"id":16134,"date":"2026-03-30T14:57:21","date_gmt":"2026-03-30T12:57:21","guid":{"rendered":"https:\/\/www.synerglass-soft.com\/sich-bewerben\/"},"modified":"2026-04-24T14:32:42","modified_gmt":"2026-04-24T12:32:42","slug":"sich-bewerben","status":"publish","type":"page","link":"https:\/\/www.synerglass-soft.com\/de\/sich-bewerben\/","title":{"rendered":"Stellenangebot \u2013 Product Owner"},"content":{"rendered":"\t\t<div data-elementor-type=\"wp-page\" data-elementor-id=\"16134\" class=\"elementor elementor-16134 elementor-12155\" data-elementor-post-type=\"page\">\n\t\t\t\t<div class=\"elementor-element elementor-element-c2df16e e-flex e-con-boxed elementor-invisible e-con e-parent\" data-id=\"c2df16e\" data-element_type=\"container\" data-settings=\"{&quot;animation&quot;:&quot;fadeInUp&quot;}\">\n\t\t\t\t\t<div class=\"e-con-inner\">\n\t\t\t\t<div class=\"elementor-element elementor-element-e4fd8c9 elementor-widget-tablet__width-initial elementor-widget-mobile__width-inherit hover-title elementor-widget elementor-widget-heading\" data-id=\"e4fd8c9\" data-element_type=\"widget\" data-settings=\"{&quot;_animation&quot;:&quot;none&quot;}\" data-widget_type=\"heading.default\">\n\t\t\t\t\t<h3 class=\"elementor-heading-title elementor-size-default\">Stellenbeschreibung<\/h3>\t\t\t\t<\/div>\n\t\t\t\t\t<\/div>\n\t\t\t\t<\/div>\n\t\t<div class=\"elementor-element elementor-element-f5e4f02 e-flex e-con-boxed e-con e-parent\" data-id=\"f5e4f02\" data-element_type=\"container\">\n\t\t\t\t\t<div class=\"e-con-inner\">\n\t\t<a class=\"elementor-element elementor-element-49c29cb e-con-full e-transform e-flex elementor-invisible e-con e-child\" data-id=\"49c29cb\" data-element_type=\"container\" data-settings=\"{&quot;animation&quot;:&quot;fadeInUp&quot;,&quot;_transform_translateY_effect_hover&quot;:{&quot;unit&quot;:&quot;px&quot;,&quot;size&quot;:-5,&quot;sizes&quot;:[]},&quot;_transform_translateX_effect_hover&quot;:{&quot;unit&quot;:&quot;px&quot;,&quot;size&quot;:&quot;&quot;,&quot;sizes&quot;:[]},&quot;_transform_translateX_effect_hover_tablet&quot;:{&quot;unit&quot;:&quot;px&quot;,&quot;size&quot;:&quot;&quot;,&quot;sizes&quot;:[]},&quot;_transform_translateX_effect_hover_mobile&quot;:{&quot;unit&quot;:&quot;px&quot;,&quot;size&quot;:&quot;&quot;,&quot;sizes&quot;:[]},&quot;_transform_translateY_effect_hover_tablet&quot;:{&quot;unit&quot;:&quot;px&quot;,&quot;size&quot;:&quot;&quot;,&quot;sizes&quot;:[]},&quot;_transform_translateY_effect_hover_mobile&quot;:{&quot;unit&quot;:&quot;px&quot;,&quot;size&quot;:&quot;&quot;,&quot;sizes&quot;:[]}}\" href=\"#postuler\">\n\t\t\t\t<div class=\"elementor-element elementor-element-99083a7 elementor-widget elementor-widget-heading\" data-id=\"99083a7\" data-element_type=\"widget\" data-widget_type=\"heading.default\">\n\t\t\t\t\t<h3 class=\"elementor-heading-title elementor-size-default\">Product Owner<\/h3>\t\t\t\t<\/div>\n\t\t\t\t<div class=\"elementor-element elementor-element-a8f6054 elementor-widget elementor-widget-text-editor\" data-id=\"a8f6054\" data-element_type=\"widget\" data-widget_type=\"text-editor.default\">\n\t\t\t\t\t\t\t\t\t<p>Wir suchen einen zuverl\u00e4ssigen und selbstst\u00e4ndigen Product Owner, der unsere Produkte im Tagesgesch\u00e4ft betreut \u2013 von der Anforderungsdefinition bis zur Auslieferung. Sie fungieren als zentraler Ansprechpartner zwischen den internen Teams (Entwicklung, Support, Vertrieb, Marketing) und unseren Kunden\/Interessenten und sorgen f\u00fcr funktionale Klarheit, eine einheitliche UX\/UI, die Einhaltung der Roadmap sowie die Produktkommunikation. <\/p>\t\t\t\t\t\t\t\t<\/div>\n\t\t<div class=\"elementor-element elementor-element-f8f176d e-con-full e-flex e-con e-child\" data-id=\"f8f176d\" data-element_type=\"container\">\n\t\t<div class=\"elementor-element elementor-element-9d27bd6 e-con-full e-flex e-con e-child\" data-id=\"9d27bd6\" data-element_type=\"container\">\n\t\t\t\t<div class=\"elementor-element elementor-element-02c502d elementor-position-left elementor-vertical-align-middle elementor-position-left elementor-widget-mobile__width-inherit elementor-widget elementor-widget-image-box\" data-id=\"02c502d\" data-element_type=\"widget\" data-widget_type=\"image-box.default\">\n\t\t\t\t\t<div class=\"elementor-image-box-wrapper\"><figure class=\"elementor-image-box-img\"><img decoding=\"async\" width=\"96\" height=\"96\" src=\"https:\/\/www.synerglass-soft.com\/wp-content\/uploads\/2026\/03\/Adresse-Siegle-social-Synerglass-Soft.png\" class=\"attachment-full size-full wp-image-15977\" alt=\"\" \/><\/figure><div class=\"elementor-image-box-content\"><p class=\"elementor-image-box-title\">Vor Ort<\/p><\/div><\/div>\t\t\t\t<\/div>\n\t\t\t\t<div class=\"elementor-element elementor-element-e9add2f elementor-position-left elementor-vertical-align-middle elementor-position-left elementor-widget-mobile__width-inherit elementor-widget elementor-widget-image-box\" data-id=\"e9add2f\" data-element_type=\"widget\" data-widget_type=\"image-box.default\">\n\t\t\t\t\t<div class=\"elementor-image-box-wrapper\"><figure class=\"elementor-image-box-img\"><img decoding=\"async\" width=\"96\" height=\"96\" src=\"https:\/\/www.synerglass-soft.com\/wp-content\/uploads\/2026\/03\/Planning-planification-agenda.png\" class=\"attachment-full size-full wp-image-14370\" alt=\"\" \/><\/figure><div class=\"elementor-image-box-content\"><p class=\"elementor-image-box-title\">Volle Tempel<\/p><\/div><\/div>\t\t\t\t<\/div>\n\t\t<div class=\"elementor-element elementor-element-34abdda e-con-full e-flex e-con e-child\" data-id=\"34abdda\" data-element_type=\"container\">\n\t\t\t\t<div class=\"elementor-element elementor-element-a9bd1b3 elementor-widget elementor-widget-heading\" data-id=\"a9bd1b3\" data-element_type=\"widget\" data-settings=\"{&quot;_animation&quot;:&quot;none&quot;}\" data-widget_type=\"heading.default\">\n\t\t\t\t\t<p class=\"elementor-heading-title elementor-size-default\">Sprachen<\/p>\t\t\t\t<\/div>\n\t\t\t\t<div class=\"elementor-element elementor-element-733d600 elementor-widget__width-initial elementor-widget elementor-widget-image\" data-id=\"733d600\" data-element_type=\"widget\" id=\"review-avatar\" data-widget_type=\"image.default\">\n\t\t\t\t\t\t\t\t\t\t\t\t\t\t\t<img decoding=\"async\" width=\"64\" height=\"64\" src=\"https:\/\/www.synerglass-soft.com\/wp-content\/uploads\/2026\/03\/France-Flag-website.png\" class=\"attachment-large size-large wp-image-16131\" alt=\"\" \/>\t\t\t\t\t\t\t\t\t\t\t\t\t\t\t<\/div>\n\t\t\t\t<div class=\"elementor-element elementor-element-f5ac516 elementor-widget__width-initial elementor-widget elementor-widget-image\" data-id=\"f5ac516\" data-element_type=\"widget\" id=\"review-avatar\" data-widget_type=\"image.default\">\n\t\t\t\t\t\t\t\t\t\t\t\t\t\t\t<img loading=\"lazy\" decoding=\"async\" width=\"64\" height=\"64\" src=\"https:\/\/www.synerglass-soft.com\/wp-content\/uploads\/2026\/03\/Flag_of_United_Kingdom_Flat_Round-64x64-1.png\" class=\"attachment-large size-large wp-image-16132\" alt=\"\" \/>\t\t\t\t\t\t\t\t\t\t\t\t\t\t\t<\/div>\n\t\t\t\t<\/div>\n\t\t\t\t<\/div>\n\t\t<div class=\"elementor-element elementor-element-d7c4c5a e-con-full e-flex e-con e-child\" data-id=\"d7c4c5a\" data-element_type=\"container\">\n\t\t\t\t<div class=\"elementor-element elementor-element-f1408a2 elementor-position-right elementor-vertical-align-middle elementor-position-left elementor-widget-mobile__width-inherit e-transform elementor-vertical-align-bottom elementor-widget elementor-widget-image-box\" data-id=\"f1408a2\" data-element_type=\"widget\" data-settings=\"{&quot;_transform_translateY_effect_hover&quot;:{&quot;unit&quot;:&quot;px&quot;,&quot;size&quot;:-5,&quot;sizes&quot;:[]},&quot;_transform_translateX_effect_hover&quot;:{&quot;unit&quot;:&quot;px&quot;,&quot;size&quot;:&quot;&quot;,&quot;sizes&quot;:[]},&quot;_transform_translateX_effect_hover_tablet&quot;:{&quot;unit&quot;:&quot;px&quot;,&quot;size&quot;:&quot;&quot;,&quot;sizes&quot;:[]},&quot;_transform_translateX_effect_hover_mobile&quot;:{&quot;unit&quot;:&quot;px&quot;,&quot;size&quot;:&quot;&quot;,&quot;sizes&quot;:[]},&quot;_transform_translateY_effect_hover_tablet&quot;:{&quot;unit&quot;:&quot;px&quot;,&quot;size&quot;:&quot;&quot;,&quot;sizes&quot;:[]},&quot;_transform_translateY_effect_hover_mobile&quot;:{&quot;unit&quot;:&quot;px&quot;,&quot;size&quot;:&quot;&quot;,&quot;sizes&quot;:[]}}\" data-widget_type=\"image-box.default\">\n\t\t\t\t\t<div class=\"elementor-image-box-wrapper\"><figure class=\"elementor-image-box-img\"><img loading=\"lazy\" decoding=\"async\" width=\"48\" height=\"48\" src=\"https:\/\/www.synerglass-soft.com\/wp-content\/uploads\/2026\/01\/Fleche-vers-la-droite-menu.png\" class=\"attachment-full size-full wp-image-16133\" alt=\"\" \/><\/figure><div class=\"elementor-image-box-content\"><p class=\"elementor-image-box-title\">Bewerben<\/p><\/div><\/div>\t\t\t\t<\/div>\n\t\t\t\t<\/div>\n\t\t\t\t<\/div>\n\t\t\t\t<\/a>\n\t\t\t\t\t<\/div>\n\t\t\t\t<\/div>\n\t\t<div class=\"elementor-element elementor-element-4de7dd7 e-flex e-con-boxed elementor-invisible e-con e-parent\" data-id=\"4de7dd7\" data-element_type=\"container\" data-settings=\"{&quot;animation&quot;:&quot;fadeInUp&quot;}\">\n\t\t\t\t\t<div class=\"e-con-inner\">\n\t\t\t\t<div class=\"elementor-element elementor-element-7177189 elementor-widget elementor-widget-heading\" data-id=\"7177189\" data-element_type=\"widget\" data-widget_type=\"heading.default\">\n\t\t\t\t\t<h2 class=\"elementor-heading-title elementor-size-default\">Aufgaben<\/h2>\t\t\t\t<\/div>\n\t\t\t\t<div class=\"elementor-element elementor-element-429142b elementor-widget-tablet__width-initial elementor-widget-mobile__width-inherit elementor-widget elementor-widget-heading\" data-id=\"429142b\" data-element_type=\"widget\" data-settings=\"{&quot;_animation&quot;:&quot;none&quot;}\" data-widget_type=\"heading.default\">\n\t\t\t\t\t<h3 class=\"elementor-heading-title elementor-size-default\">Produktmanagement<\/h3>\t\t\t\t<\/div>\n\t\t\t\t<div class=\"elementor-element elementor-element-217af2b elementor-widget elementor-widget-text-editor\" data-id=\"217af2b\" data-element_type=\"widget\" data-widget_type=\"text-editor.default\">\n\t\t\t\t\t\t\t\t\t<ul><li>Den gesamten Produktlebenszyklus verwalten: Erkundung, Festlegung des Umfangs, Priorisierung, Bereitstellung und kontinuierliche Verbesserung.<\/li><li>Die (gemeinsam mit dem Produktmanager festgelegte) Produktstrategie in konkrete und umsetzbare Ma\u00dfnahmen umsetzen.<\/li><li>Gemeinsam mit dem Produktmanager an der Erstellung des Roadmaps mitwirken und dessen Umsetzung im festgelegten Rahmen sicherstellen (Priorisierung, Aufteilung und Reihenfolge des Backlogs).<\/li><li>Leistungskennzahlen verfolgen (Akzeptanz, Zufriedenheit, gesch\u00e4ftliche Auswirkungen).<\/li><\/ul>\t\t\t\t\t\t\t\t<\/div>\n\t\t\t\t<div class=\"elementor-element elementor-element-1ce710e elementor-widget-tablet__width-initial elementor-widget-mobile__width-inherit elementor-widget elementor-widget-heading\" data-id=\"1ce710e\" data-element_type=\"widget\" data-settings=\"{&quot;_animation&quot;:&quot;none&quot;}\" data-widget_type=\"heading.default\">\n\t\t\t\t\t<h3 class=\"elementor-heading-title elementor-size-default\">Funktionsanalyse und Lieferqualit\u00e4tProduktmanagement<\/h3>\t\t\t\t<\/div>\n\t\t\t\t<div class=\"elementor-element elementor-element-0e1acf0 elementor-widget elementor-widget-text-editor\" data-id=\"0e1acf0\" data-element_type=\"widget\" data-widget_type=\"text-editor.default\">\n\t\t\t\t\t\t\t\t\t<ul><li>Funktionsanalysen (Prozesse, Gesch\u00e4ftsregeln, Abl\u00e4ufe, Grenzf\u00e4lle) steuern, validieren und hinterfragen.<\/li><li>User Stories, Akzeptanzkriterien und nicht-funktionale Anforderungen erstellen oder verfeinern.<\/li><li>\u00dcberpr\u00fcfung der Benutzeroberfl\u00e4chen aus Produktsicht (UX\/UI): funktionale Konsistenz, Benutzerfreundlichkeit und \u00dcbereinstimmung mit den Produktanforderungen.<\/li><li>Organisation und Durchf\u00fchrung von Validierungsrunden: Verbesserungen, Backlog-\u00dcberpr\u00fcfungen, Demonstrationen, Benutzerakzeptanztests (UAT).<\/li><\/ul>\t\t\t\t\t\t\t\t<\/div>\n\t\t\t\t<div class=\"elementor-element elementor-element-6c59392 elementor-widget-tablet__width-initial elementor-widget-mobile__width-inherit elementor-widget elementor-widget-heading\" data-id=\"6c59392\" data-element_type=\"widget\" data-settings=\"{&quot;_animation&quot;:&quot;none&quot;}\" data-widget_type=\"heading.default\">\n\t\t\t\t\t<h3 class=\"elementor-heading-title elementor-size-default\">Kunden und Interessenten<\/h3>\t\t\t\t<\/div>\n\t\t\t\t<div class=\"elementor-element elementor-element-27c66a5 elementor-widget elementor-widget-text-editor\" data-id=\"27c66a5\" data-element_type=\"widget\" data-widget_type=\"text-editor.default\">\n\t\t\t\t\t\t\t\t\t<ul><li>Workshops zur Festlegung des Projektumfangs leiten: detaillierte Anforderungen erfassen, neu formulieren und priorisieren.<\/li><li>Unterst\u00fctzung des Vertriebsteams bei Produktvorf\u00fchrungen und Frage-Antwort-Runden. Operative Nachverfolgung von Produktangelegenheiten direkt mit den Kunden: Erfassen des Kontextes, Vorschlagen von L\u00f6sungen und Nachverfolgen der Vereinbarungen bis zu deren Abschluss. <\/li><\/ul>\t\t\t\t\t\t\t\t<\/div>\n\t\t\t\t<div class=\"elementor-element elementor-element-bb3852c elementor-widget-tablet__width-initial elementor-widget-mobile__width-inherit elementor-widget elementor-widget-heading\" data-id=\"bb3852c\" data-element_type=\"widget\" data-settings=\"{&quot;_animation&quot;:&quot;none&quot;}\" data-widget_type=\"heading.default\">\n\t\t\t\t\t<h3 class=\"elementor-heading-title elementor-size-default\">Kommunikation und Produktinhalte<\/h3>\t\t\t\t<\/div>\n\t\t\t\t<div class=\"elementor-element elementor-element-0f51293 elementor-widget elementor-widget-text-editor\" data-id=\"0f51293\" data-element_type=\"widget\" data-widget_type=\"text-editor.default\">\n\t\t\t\t\t\t\t\t\t<ul><li>Erstellung und Aktualisierung von Produktkommunikationsmaterialien: Pr\u00e4sentationen, Zusammenfassungen, Verkaufshilfen.<\/li><li>Erstellung von Botschaften, die auf die Produktstrategie abgestimmt sind (Vorteile, Alleinstellungsmerkmale, Einschr\u00e4nkungen, n\u00e4chste Schritte).<\/li><\/ul>\t\t\t\t\t\t\t\t<\/div>\n\t\t\t\t<div class=\"elementor-element elementor-element-e78a2f0 elementor-widget-tablet__width-initial elementor-widget-mobile__width-inherit elementor-widget elementor-widget-heading\" data-id=\"e78a2f0\" data-element_type=\"widget\" data-settings=\"{&quot;_animation&quot;:&quot;none&quot;}\" data-widget_type=\"heading.default\">\n\t\t\t\t\t<h3 class=\"elementor-heading-title elementor-size-default\">Agile-Methoden\/Scrum<\/h3>\t\t\t\t<\/div>\n\t\t\t\t<div class=\"elementor-element elementor-element-a2a0869 elementor-widget elementor-widget-text-editor\" data-id=\"a2a0869\" data-element_type=\"widget\" data-widget_type=\"text-editor.default\">\n\t\t\t\t\t\t\t\t\t<ul><li>Arbeiten im Agile-\/Scrum-Modus: Backlog-Management, Priorisierung, Planung und Sprint-Reviews.<\/li><li>Eng mit den Entwicklungsteams zusammenarbeiten, um den Mehrwert zu maximieren und Missverst\u00e4ndnisse zu minimieren.<\/li><\/ul>\t\t\t\t\t\t\t\t<\/div>\n\t\t\t\t<div class=\"elementor-element elementor-element-30c5b45 elementor-widget-tablet__width-initial elementor-widget-mobile__width-inherit elementor-widget elementor-widget-heading\" data-id=\"30c5b45\" data-element_type=\"widget\" data-settings=\"{&quot;_animation&quot;:&quot;none&quot;}\" data-widget_type=\"heading.default\">\n\t\t\t\t\t<h3 class=\"elementor-heading-title elementor-size-default\">Werkzeuge<\/h3>\t\t\t\t<\/div>\n\t\t\t\t<div class=\"elementor-element elementor-element-8cfad6f elementor-widget elementor-widget-text-editor\" data-id=\"8cfad6f\" data-element_type=\"widget\" data-widget_type=\"text-editor.default\">\n\t\t\t\t\t\t\t\t\t<ul><li>Jira: Backlog, Sprints, Tickets, Berichterstellung<\/li><li>Confluence: Dokumentation, Spezifikationen, Beschl\u00fcsse, Sitzungsprotokolle<\/li><\/ul>\t\t\t\t\t\t\t\t<\/div>\n\t\t\t\t\t<\/div>\n\t\t\t\t<\/div>\n\t\t<div class=\"elementor-element elementor-element-4033d0b e-flex e-con-boxed elementor-invisible e-con e-parent\" data-id=\"4033d0b\" data-element_type=\"container\" data-settings=\"{&quot;animation&quot;:&quot;fadeInUp&quot;}\">\n\t\t\t\t\t<div class=\"e-con-inner\">\n\t\t\t\t<div class=\"elementor-element elementor-element-beed3c1 elementor-widget elementor-widget-heading\" data-id=\"beed3c1\" data-element_type=\"widget\" data-widget_type=\"heading.default\">\n\t\t\t\t\t<h2 class=\"elementor-heading-title elementor-size-default\">Profil<\/h2>\t\t\t\t<\/div>\n\t\t\t\t<div class=\"elementor-element elementor-element-820b460 elementor-widget-tablet__width-initial elementor-widget-mobile__width-inherit elementor-widget elementor-widget-heading\" data-id=\"820b460\" data-element_type=\"widget\" data-settings=\"{&quot;_animation&quot;:&quot;none&quot;}\" data-widget_type=\"heading.default\">\n\t\t\t\t\t<h3 class=\"elementor-heading-title elementor-size-default\">Erfahrung und Kompetenzen<\/h3>\t\t\t\t<\/div>\n\t\t\t\t<div class=\"elementor-element elementor-element-9606526 elementor-widget elementor-widget-text-editor\" data-id=\"9606526\" data-element_type=\"widget\" data-widget_type=\"text-editor.default\">\n\t\t\t\t\t\t\t\t\t<ul><li>Mindestens 5 Jahre nachweisbare Erfahrung als Product Owner (oder in einer vergleichbaren Position: lieferorientierter Product Manager, Business Analyst).<\/li><li>Hervorragende F\u00e4higkeit, Anforderungen zu formulieren und Funktionsanalysen sowie Benutzerabl\u00e4ufe zu validieren.<\/li><li>Die F\u00e4higkeit, Entscheidungen zu treffen, Priorit\u00e4ten zu setzen, bei Bedarf Nein zu sagen und den Kurs auf dem Fahrplan mit Entschlossenheit und Fingerspitzengef\u00fchl beizubehalten.<\/li><li>Hervorragende Kommunikationsf\u00e4higkeiten (schriftlich und m\u00fcndlich) sowie ausgepr\u00e4gte p\u00e4dagogische F\u00e4higkeiten und die F\u00e4higkeit, Sachverhalte klar zu vermitteln.<\/li><li>Sicherer Umgang mit Produktvorf\u00fchrungen und der Interaktion mit Kunden, auch in Situationen mit hohem Druck.<\/li><li>Qualit\u00e4tsanforderungen: klare Spezifikationen, UX-Validierung, Abnahmekriterien, End-to-End-Validierung.<\/li><\/ul>\t\t\t\t\t\t\t\t<\/div>\n\t\t\t\t<div class=\"elementor-element elementor-element-857aa0e elementor-widget-tablet__width-initial elementor-widget-mobile__width-inherit elementor-widget elementor-widget-heading\" data-id=\"857aa0e\" data-element_type=\"widget\" data-settings=\"{&quot;_animation&quot;:&quot;none&quot;}\" data-widget_type=\"heading.default\">\n\t\t\t\t\t<h3 class=\"elementor-heading-title elementor-size-default\">Sprachen<\/h3>\t\t\t\t<\/div>\n\t\t\t\t<div class=\"elementor-element elementor-element-26fff1e elementor-widget elementor-widget-text-editor\" data-id=\"26fff1e\" data-element_type=\"widget\" data-widget_type=\"text-editor.default\">\n\t\t\t\t\t\t\t\t\t<ul><li>Beherrschung der franz\u00f6sischen und englischen Sprache erforderlich.<\/li><li>Kenntnisse in Spanisch, Italienisch oder Deutsch sind von Vorteil.<\/li><\/ul>\t\t\t\t\t\t\t\t<\/div>\n\t\t\t\t<div class=\"elementor-element elementor-element-8ca50f1 elementor-widget-tablet__width-initial elementor-widget-mobile__width-inherit elementor-widget elementor-widget-heading\" data-id=\"8ca50f1\" data-element_type=\"widget\" data-settings=\"{&quot;_animation&quot;:&quot;none&quot;}\" data-widget_type=\"heading.default\">\n\t\t\t\t\t<h3 class=\"elementor-heading-title elementor-size-default\">Erwartete allgemeine Kompetenzen<\/h3>\t\t\t\t<\/div>\n\t\t\t\t<div class=\"elementor-element elementor-element-00a2e52 elementor-widget elementor-widget-text-editor\" data-id=\"00a2e52\" data-element_type=\"widget\" data-widget_type=\"text-editor.default\">\n\t\t\t\t\t\t\t\t\t<ul><li>Zuverl\u00e4ssigkeit und ein ausgepr\u00e4gtes Verantwortungsbewusstsein: Wir z\u00e4hlen darauf, dass Sie Ihre Aufgaben erfolgreich erf\u00fcllen und Ihre Verpflichtungen einhalten.<\/li><li>Strukturierte Denkweise, pragmatisch, ergebnisorientiert und auf Wertsch\u00f6pfung ausgerichtet.<\/li><li>Hervorragende zwischenmenschliche F\u00e4higkeiten: die F\u00e4higkeit, unterschiedliche Gespr\u00e4chspartner zusammenzubringen und zu motivieren.<\/li><li>Selbstst\u00e4ndigkeit, Eigeninitiative und vorausschauendes Handeln.<\/li><\/ul>\t\t\t\t\t\t\t\t<\/div>\n\t\t\t\t\t<\/div>\n\t\t\t\t<\/div>\n\t\t<div class=\"elementor-element elementor-element-7bf5787 e-flex e-con-boxed elementor-invisible e-con e-parent\" data-id=\"7bf5787\" data-element_type=\"container\" data-settings=\"{&quot;animation&quot;:&quot;fadeInUp&quot;}\">\n\t\t\t\t\t<div class=\"e-con-inner\">\n\t\t\t\t<div class=\"elementor-element elementor-element-cb08582 elementor-widget elementor-widget-heading\" data-id=\"cb08582\" data-element_type=\"widget\" data-widget_type=\"heading.default\">\n\t\t\t\t\t<h2 class=\"elementor-heading-title elementor-size-default\">Was wir anbieten<\/h2>\t\t\t\t<\/div>\n\t\t\t\t<div class=\"elementor-element elementor-element-8e9afe7 elementor-widget-tablet__width-initial elementor-widget-mobile__width-inherit elementor-widget elementor-widget-heading\" data-id=\"8e9afe7\" data-element_type=\"widget\" data-settings=\"{&quot;_animation&quot;:&quot;none&quot;}\" data-widget_type=\"heading.default\">\n\t\t\t\t\t<h3 class=\"elementor-heading-title elementor-size-default\">Verg\u00fctungspaket und Zusatzleistungen<\/h3>\t\t\t\t<\/div>\n\t\t\t\t<div class=\"elementor-element elementor-element-720e9ef elementor-widget elementor-widget-text-editor\" data-id=\"720e9ef\" data-element_type=\"widget\" data-widget_type=\"text-editor.default\">\n\t\t\t\t\t\t\t\t\t<ul><li>Ein unbefristeter Vollzeitvertrag und die Chance, Teil eines freundlichen, schnell wachsenden Unternehmens mit famili\u00e4rer Atmosph\u00e4re zu werden.<\/li><li>Verg\u00fctung je nach Erfahrung, einschlie\u00dflich Sozialleistungen: M\u00f6glichkeit eines Dienstwagens, Essensgutscheine, Krankenhausversicherung, flexible Arbeitszeitgestaltung, Zugang zur Kantine usw.<\/li><li>Ein Umfeld, das die berufliche Entfaltung jedes Einzelnen f\u00f6rdert.<\/li><\/ul>\t\t\t\t\t\t\t\t<\/div>\n\t\t\t\t\t<\/div>\n\t\t\t\t<\/div>\n\t\t<div class=\"elementor-element elementor-element-5afab14 e-flex e-con-boxed elementor-invisible e-con e-parent\" data-id=\"5afab14\" data-element_type=\"container\" id=\"postuler\" data-settings=\"{&quot;animation&quot;:&quot;fadeInUp&quot;}\">\n\t\t\t\t\t<div class=\"e-con-inner\">\n\t\t\t\t<div class=\"elementor-element elementor-element-2c4bbb7 elementor-widget__width-initial elementor-widget-tablet__width-initial elementor-widget-mobile__width-inherit animated-slow elementor-invisible elementor-widget elementor-widget-heading\" data-id=\"2c4bbb7\" data-element_type=\"widget\" data-settings=\"{&quot;_animation&quot;:&quot;fadeInUp&quot;}\" data-widget_type=\"heading.default\">\n\t\t\t\t\t<h2 class=\"elementor-heading-title elementor-size-default\">Auf diese Stelle bewerben<\/h2>\t\t\t\t<\/div>\n\t\t\t\t<div class=\"elementor-element elementor-element-c52c65a elementor-widget elementor-widget-html\" data-id=\"c52c65a\" data-element_type=\"widget\" data-widget_type=\"html.default\">\n\t\t\t\t\t<script src=\"https:\/\/js-eu1.hsforms.net\/forms\/embed\/145754356.js\" defer><\/script>\r\n<div class=\"hs-form-frame\" data-region=\"eu1\" data-form-id=\"3e77c933-072e-41c1-b193-3fa1ceb73ebb\" data-portal-id=\"145754356\"><\/div>\t\t\t\t<\/div>\n\t\t\t\t\t<\/div>\n\t\t\t\t<\/div>\n\t\t\t\t<\/div>\n\t\t","protected":false},"excerpt":{"rendered":"<p>Stellenbeschreibung Product Owner Wir suchen einen zuverl\u00e4ssigen und selbstst\u00e4ndigen Product Owner, der unsere Produkte im Tagesgesch\u00e4ft betreut \u2013 von der Anforderungsdefinition bis zur Auslieferung. Sie fungieren als zentraler Ansprechpartner zwischen den internen Teams (Entwicklung, Support, Vertrieb, Marketing) und unseren Kunden\/Interessenten und sorgen f\u00fcr funktionale Klarheit, eine einheitliche UX\/UI, die Einhaltung der Roadmap sowie die Produktkommunikation. [&hellip;]<\/p>\n","protected":false},"author":3,"featured_media":0,"parent":0,"menu_order":0,"comment_status":"closed","ping_status":"closed","template":"","meta":{"footnotes":""},"class_list":["post-16134","page","type-page","status-publish","hentry"],"_links":{"self":[{"href":"https:\/\/www.synerglass-soft.com\/de\/wp-json\/wp\/v2\/pages\/16134","targetHints":{"allow":["GET"]}}],"collection":[{"href":"https:\/\/www.synerglass-soft.com\/de\/wp-json\/wp\/v2\/pages"}],"about":[{"href":"https:\/\/www.synerglass-soft.com\/de\/wp-json\/wp\/v2\/types\/page"}],"author":[{"embeddable":true,"href":"https:\/\/www.synerglass-soft.com\/de\/wp-json\/wp\/v2\/users\/3"}],"replies":[{"embeddable":true,"href":"https:\/\/www.synerglass-soft.com\/de\/wp-json\/wp\/v2\/comments?post=16134"}],"version-history":[{"count":6,"href":"https:\/\/www.synerglass-soft.com\/de\/wp-json\/wp\/v2\/pages\/16134\/revisions"}],"predecessor-version":[{"id":18326,"href":"https:\/\/www.synerglass-soft.com\/de\/wp-json\/wp\/v2\/pages\/16134\/revisions\/18326"}],"wp:attachment":[{"href":"https:\/\/www.synerglass-soft.com\/de\/wp-json\/wp\/v2\/media?parent=16134"}],"curies":[{"name":"wp","href":"https:\/\/api.w.org\/{rel}","templated":true}]}}