{"id":16799,"date":"2026-04-13T15:55:47","date_gmt":"2026-04-13T13:55:47","guid":{"rendered":"https:\/\/www.synerglass-soft.com\/cookies\/"},"modified":"2026-04-23T15:56:50","modified_gmt":"2026-04-23T13:56:50","slug":"cookies","status":"publish","type":"page","link":"https:\/\/www.synerglass-soft.com\/es\/cookies\/","title":{"rendered":"Aviso legal &#8211; Pol\u00edtica de cookies"},"content":{"rendered":"\t\t<div data-elementor-type=\"wp-page\" data-elementor-id=\"16799\" class=\"elementor elementor-16799 elementor-14632\" data-elementor-post-type=\"page\">\n\t\t\t\t<div class=\"elementor-element elementor-element-6ce7623 e-flex e-con-boxed e-con e-parent\" data-id=\"6ce7623\" data-element_type=\"container\" data-settings=\"{&quot;background_background&quot;:&quot;classic&quot;}\">\n\t\t\t\t\t<div class=\"e-con-inner\">\n\t\t<div class=\"elementor-element elementor-element-14d32f3 e-con-full e-flex e-con e-child\" data-id=\"14d32f3\" data-element_type=\"container\" data-settings=\"{&quot;background_background&quot;:&quot;classic&quot;}\">\n\t\t\t\t<div class=\"elementor-element elementor-element-800dfde elementor-widget__width-initial elementor-widget-tablet__width-initial elementor-widget-mobile__width-initial hover-title elementor-invisible elementor-widget elementor-widget-heading\" data-id=\"800dfde\" data-element_type=\"widget\" data-settings=\"{&quot;_animation&quot;:&quot;fadeInUp&quot;}\" data-widget_type=\"heading.default\">\n\t\t\t\t\t<h1 class=\"elementor-heading-title elementor-size-default\">Pol\u00edtica de cookies<\/h1>\t\t\t\t<\/div>\n\t\t\t\t<div class=\"elementor-element elementor-element-42fb445 elementor-invisible elementor-widget elementor-widget-post-info\" data-id=\"42fb445\" data-element_type=\"widget\" data-settings=\"{&quot;_animation&quot;:&quot;fadeInUp&quot;}\" data-widget_type=\"post-info.default\">\n\t\t\t\t\t\t\t<ul class=\"elementor-inline-items elementor-icon-list-items elementor-post-info\">\n\t\t\t\t\t\t\t\t<li class=\"elementor-icon-list-item elementor-repeater-item-44b3136 elementor-inline-item\" itemprop=\"datePublished\">\n\t\t\t\t\t\t<a href=\"https:\/\/www.synerglass-soft.com\/es\/2026\/04\/13\/\">\n\t\t\t\t\t\t\t\t\t\t\t<span class=\"elementor-icon-list-icon\">\n\t\t\t\t\t\t\t\t<svg xmlns=\"http:\/\/www.w3.org\/2000\/svg\" viewBox=\"0,0,256,256\" width=\"24px\" height=\"24px\" fill-rule=\"nonzero\"><g transform=\"scale(10.66667,10.66667)\"><rect x=\"2\" y=\"3\" width=\"20\" height=\"19\" rx=\"3\" ry=\"3\" fill=\"#BCD9FF\" opacity=\"0.5\"><\/rect><rect x=\"2\" y=\"3\" width=\"20\" height=\"19\" rx=\"3\" ry=\"3\" fill=\"none\" stroke=\"#5CA3FF\" stroke-width=\"1.5\"><\/rect><rect x=\"2\" y=\"3\" width=\"20\" height=\"5\" rx=\"3\" ry=\"3\" fill=\"#5CA3FF\"><\/rect><rect x=\"2\" y=\"6\" width=\"20\" height=\"2\" fill=\"#5CA3FF\"><\/rect><line x1=\"7\" y1=\"1.5\" x2=\"7\" y2=\"5\" stroke=\"#5CA3FF\" stroke-width=\"1.5\" stroke-linecap=\"round\"><\/line><line x1=\"17\" y1=\"1.5\" x2=\"17\" y2=\"5\" stroke=\"#5CA3FF\" stroke-width=\"1.5\" stroke-linecap=\"round\"><\/line><rect x=\"5\" y=\"11\" width=\"2\" height=\"2\" rx=\"0.5\" fill=\"#F0F6FF\"><\/rect><rect x=\"9\" y=\"11\" width=\"2\" height=\"2\" rx=\"0.5\" fill=\"#F0F6FF\"><\/rect><rect x=\"13\" y=\"11\" width=\"2\" height=\"2\" rx=\"0.5\" fill=\"#F0F6FF\"><\/rect><rect x=\"17\" y=\"11\" width=\"2\" height=\"2\" rx=\"0.5\" fill=\"#F0F6FF\"><\/rect><rect x=\"5\" y=\"15\" width=\"2\" height=\"2\" rx=\"0.5\" fill=\"#F0F6FF\"><\/rect><rect x=\"9\" y=\"15\" width=\"2\" height=\"2\" rx=\"0.5\" fill=\"#F0F6FF\"><\/rect><rect x=\"13\" y=\"15\" width=\"2\" height=\"2\" rx=\"0.5\" fill=\"#F0F6FF\"><\/rect><rect x=\"17\" y=\"15\" width=\"2\" height=\"2\" rx=\"0.5\" fill=\"#F0F6FF\"><\/rect><\/g><\/svg>\t\t\t\t\t\t\t<\/span>\n\t\t\t\t\t\t\t\t\t<span class=\"elementor-icon-list-text elementor-post-info__item elementor-post-info__item--type-date\">\n\t\t\t\t\t\t\t\t\t\t<time>abril 13, 2026<\/time>\t\t\t\t\t<\/span>\n\t\t\t\t\t\t\t\t\t<\/a>\n\t\t\t\t<\/li>\n\t\t\t\t<\/ul>\n\t\t\t\t\t\t<\/div>\n\t\t\t\t<div class=\"elementor-element elementor-element-0a98527 elementor-invisible elementor-widget elementor-widget-image\" data-id=\"0a98527\" data-element_type=\"widget\" data-settings=\"{&quot;_animation&quot;:&quot;fadeInUp&quot;}\" data-widget_type=\"image.default\">\n\t\t\t\t\t\t\t\t\t\t\t\t\t\t\t<img fetchpriority=\"high\" decoding=\"async\" width=\"800\" height=\"181\" src=\"https:\/\/www.synerglass-soft.com\/wp-content\/uploads\/2026\/02\/Asset-1@1x.png\" class=\"attachment-large size-large wp-image-12943\" alt=\"\" \/>\t\t\t\t\t\t\t\t\t\t\t\t\t\t\t<\/div>\n\t\t\t\t<\/div>\n\t\t\t\t\t<\/div>\n\t\t\t\t<\/div>\n\t\t<div class=\"elementor-element elementor-element-992d888 e-flex e-con-boxed e-con e-parent\" data-id=\"992d888\" data-element_type=\"container\">\n\t\t\t\t\t<div class=\"e-con-inner\">\n\t\t<div class=\"elementor-element elementor-element-27fbecc e-con-full e-flex e-con e-child\" data-id=\"27fbecc\" data-element_type=\"container\">\n\t\t\t\t<div class=\"elementor-element elementor-element-366c0d5 elementor-hidden-tablet elementor-hidden-mobile elementor-widget elementor-widget-table-of-contents\" data-id=\"366c0d5\" data-element_type=\"widget\" data-settings=\"{&quot;headings_by_tags&quot;:[&quot;h2&quot;],&quot;exclude_headings_by_selector&quot;:[],&quot;marker_view&quot;:&quot;bullets&quot;,&quot;icon&quot;:{&quot;value&quot;:&quot;&quot;,&quot;library&quot;:&quot;&quot;},&quot;no_headings_message&quot;:&quot;Aucun titre n\\u2019a \\u00e9t\\u00e9 trouv\\u00e9 sur cette page.&quot;,&quot;sticky&quot;:&quot;top&quot;,&quot;sticky_parent&quot;:&quot;yes&quot;,&quot;_animation&quot;:&quot;none&quot;,&quot;hierarchical_view&quot;:&quot;yes&quot;,&quot;min_height&quot;:{&quot;unit&quot;:&quot;px&quot;,&quot;size&quot;:&quot;&quot;,&quot;sizes&quot;:[]},&quot;min_height_tablet&quot;:{&quot;unit&quot;:&quot;px&quot;,&quot;size&quot;:&quot;&quot;,&quot;sizes&quot;:[]},&quot;min_height_mobile&quot;:{&quot;unit&quot;:&quot;px&quot;,&quot;size&quot;:&quot;&quot;,&quot;sizes&quot;:[]},&quot;sticky_on&quot;:[&quot;desktop&quot;,&quot;tablet&quot;,&quot;mobile&quot;],&quot;sticky_offset&quot;:0,&quot;sticky_effects_offset&quot;:0,&quot;sticky_anchor_link_offset&quot;:0}\" data-widget_type=\"table-of-contents.default\">\n\t\t\t\t\t\t\t\t\t<div id=\"elementor-toc__366c0d5\" class=\"elementor-toc__body\">\n\t\t\t<div class=\"elementor-toc__spinner-container\">\n\t\t\t\t<svg class=\"elementor-toc__spinner eicon-animation-spin e-font-icon-svg e-eicon-loading\" aria-hidden=\"true\" viewBox=\"0 0 1000 1000\" xmlns=\"http:\/\/www.w3.org\/2000\/svg\"><path d=\"M500 975V858C696 858 858 696 858 500S696 142 500 142 142 304 142 500H25C25 237 238 25 500 25S975 237 975 500 763 975 500 975Z\"><\/path><\/svg>\t\t\t<\/div>\n\t\t<\/div>\n\t\t\t\t\t\t<\/div>\n\t\t\t\t<\/div>\n\t\t<div class=\"elementor-element elementor-element-b809dd9 e-con-full e-flex e-con e-child\" data-id=\"b809dd9\" data-element_type=\"container\">\n\t\t\t\t<div class=\"elementor-element elementor-element-e53f751 elementor-widget elementor-widget-heading\" data-id=\"e53f751\" data-element_type=\"widget\" data-widget_type=\"heading.default\">\n\t\t\t\t\t<h2 class=\"elementor-heading-title elementor-size-default\">1. Introducci\u00f3n<\/h2>\t\t\t\t<\/div>\n\t\t\t\t<div class=\"elementor-element elementor-element-faa418a elementor-widget elementor-widget-text-editor\" data-id=\"faa418a\" data-element_type=\"widget\" data-widget_type=\"text-editor.default\">\n\t\t\t\t\t\t\t\t\t<p data-start=\"35\" data-end=\"343\">Nuestro sitio web, <a href=\"https:\/\/www.synerglass-soft.com\/fr\/\">https:\/\/www.synerglass-soft.com<\/a>, utiliza cookies y otras tecnolog\u00edas similares (por simplicidad, todas estas tecnolog\u00edas se denominan \u00abcookies\u00bb). Tambi\u00e9n es posible que terceros con los que colaboramos instalen cookies. En el documento que figura a continuaci\u00f3n, le informamos sobre el uso de cookies en nuestro sitio web.  <\/p>\t\t\t\t\t\t\t\t<\/div>\n\t\t\t\t<div class=\"elementor-element elementor-element-58079b8 elementor-widget elementor-widget-heading\" data-id=\"58079b8\" data-element_type=\"widget\" data-widget_type=\"heading.default\">\n\t\t\t\t\t<h3 class=\"elementor-heading-title elementor-size-default\">1.1. \u00bfQu\u00e9 es una cookie?<\/h3>\t\t\t\t<\/div>\n\t\t\t\t<div class=\"elementor-element elementor-element-38ecd9c elementor-widget elementor-widget-text-editor\" data-id=\"38ecd9c\" data-element_type=\"widget\" data-widget_type=\"text-editor.default\">\n\t\t\t\t\t\t\t\t\t<p data-start=\"654\" data-end=\"916\">Una cookie es un peque\u00f1o archivo que se env\u00eda junto con las p\u00e1ginas de este sitio web y que su navegador almacena en el disco duro de su ordenador o de otro dispositivo. La informaci\u00f3n que contiene puede reenviarse a nuestros servidores o a los de terceros pertinentes durante una visita posterior. <\/p>\t\t\t\t\t\t\t\t<\/div>\n\t\t\t\t<div class=\"elementor-element elementor-element-9f8a5e5 elementor-widget elementor-widget-heading\" data-id=\"9f8a5e5\" data-element_type=\"widget\" data-widget_type=\"heading.default\">\n\t\t\t\t\t<h3 class=\"elementor-heading-title elementor-size-default\">1.2. \u00bfQu\u00e9 es un script?<\/h3>\t\t\t\t<\/div>\n\t\t\t\t<div class=\"elementor-element elementor-element-48c4a78 elementor-widget elementor-widget-text-editor\" data-id=\"48c4a78\" data-element_type=\"widget\" data-widget_type=\"text-editor.default\">\n\t\t\t\t\t\t\t\t\t<p>Un script es un fragmento de c\u00f3digo de programa que se utiliza para que nuestro sitio web funcione correctamente y de forma interactiva. Este c\u00f3digo se ejecuta en nuestro servidor o en tu dispositivo. <\/p>\t\t\t\t\t\t\t\t<\/div>\n\t\t\t\t<div class=\"elementor-element elementor-element-dd4e095 elementor-widget elementor-widget-heading\" data-id=\"dd4e095\" data-element_type=\"widget\" data-widget_type=\"heading.default\">\n\t\t\t\t\t<h3 class=\"elementor-heading-title elementor-size-default\">1.3. \u00bfQu\u00e9 es una baliza web?<\/h3>\t\t\t\t<\/div>\n\t\t\t\t<div class=\"elementor-element elementor-element-19cdcce elementor-widget elementor-widget-text-editor\" data-id=\"19cdcce\" data-element_type=\"widget\" data-widget_type=\"text-editor.default\">\n\t\t\t\t\t\t\t\t\t<p data-start=\"654\" data-end=\"916\">Una baliza web (o baliza invisible) es un peque\u00f1o texto o una imagen invisible en un sitio web que se utiliza para supervisar el tr\u00e1fico del sitio. Para ello, se almacenan diversos datos sobre usted a trav\u00e9s de las balizas web. <\/p>\t\t\t\t\t\t\t\t<\/div>\n\t\t\t\t<div class=\"elementor-element elementor-element-f049693 elementor-widget elementor-widget-heading\" data-id=\"f049693\" data-element_type=\"widget\" data-widget_type=\"heading.default\">\n\t\t\t\t\t<h2 class=\"elementor-heading-title elementor-size-default\">2. Nuestra pol\u00edtica sobre cookies<\/h2>\t\t\t\t<\/div>\n\t\t\t\t<div class=\"elementor-element elementor-element-b960968 elementor-widget elementor-widget-text-editor\" data-id=\"b960968\" data-element_type=\"widget\" data-widget_type=\"text-editor.default\">\n\t\t\t\t\t\t\t\t\t<p>La presente declaraci\u00f3n sobre cookies describe c\u00f3mo las aplicaciones de SYNERGLASS-SOFT utilizan cookies y tecnolog\u00edas similares para recopilar y almacenar informaci\u00f3n cuando usted visita el sitio web SYNERGLASS-SOFT.com o la aplicaci\u00f3n m\u00f3vil.<\/p><p>Las cookies son peque\u00f1os archivos que se almacenan en tu dispositivo (ordenador, tableta o smartphone). Cuando accedes a un sitio web o a una aplicaci\u00f3n, se almacena una cookie en tu dispositivo y esta env\u00eda informaci\u00f3n a la entidad que la ha instalado. <\/p><p>El sitio web o las aplicaciones de SYNERGLASS-SOFT utilizan cookies propias \u2014es decir, cookies instaladas por SYNERGLASS-SOFT y espec\u00edficas de nuestro sitio web y nuestra aplicaci\u00f3n m\u00f3vil\u2014 y no permiten que terceros instalen cookies en su dispositivo, con la \u00fanica excepci\u00f3n de nuestro socio de confianza HubPost, cuyas pol\u00edticas de recopilaci\u00f3n de datos cumplen con la normativa belga aplicable y con las pol\u00edticas correspondientes de SYNERGLASS-SOFT.<\/p><p>SYNERGLASS-SOFT utiliza cookies t\u00e9cnicas y funcionales que son estrictamente necesarias para el correcto funcionamiento y las funcionalidades del sitio web o de la aplicaci\u00f3n. Por lo tanto, utilizamos cookies de autenticaci\u00f3n para verificar su cuenta y determinar cu\u00e1ndo est\u00e1 conectado, con el fin de facilitarle el acceso a nuestros servicios en la nube. <\/p><p>SYNERGLASS-SOFT no utiliza en ning\u00fan caso cookies con fines publicitarios ni para recopilar datos personales.<\/p>\t\t\t\t\t\t\t\t<\/div>\n\t\t\t\t<\/div>\n\t\t\t\t\t<\/div>\n\t\t\t\t<\/div>\n\t\t\t\t<\/div>\n\t\t","protected":false},"excerpt":{"rendered":"<p>Pol\u00edtica de cookies 1. Introducci\u00f3n Nuestro sitio web, https:\/\/www.synerglass-soft.com, utiliza cookies y otras tecnolog\u00edas similares (por simplicidad, todas estas tecnolog\u00edas se denominan \u00abcookies\u00bb). Tambi\u00e9n es posible que terceros con los que colaboramos instalen cookies. En el documento que figura a continuaci\u00f3n, le informamos sobre el uso de cookies en nuestro sitio web. 1.1. \u00bfQu\u00e9 es [&hellip;]<\/p>\n","protected":false},"author":4,"featured_media":0,"parent":0,"menu_order":0,"comment_status":"closed","ping_status":"closed","template":"","meta":{"footnotes":""},"class_list":["post-16799","page","type-page","status-publish","hentry"],"_links":{"self":[{"href":"https:\/\/www.synerglass-soft.com\/es\/wp-json\/wp\/v2\/pages\/16799","targetHints":{"allow":["GET"]}}],"collection":[{"href":"https:\/\/www.synerglass-soft.com\/es\/wp-json\/wp\/v2\/pages"}],"about":[{"href":"https:\/\/www.synerglass-soft.com\/es\/wp-json\/wp\/v2\/types\/page"}],"author":[{"embeddable":true,"href":"https:\/\/www.synerglass-soft.com\/es\/wp-json\/wp\/v2\/users\/4"}],"replies":[{"embeddable":true,"href":"https:\/\/www.synerglass-soft.com\/es\/wp-json\/wp\/v2\/comments?post=16799"}],"version-history":[{"count":2,"href":"https:\/\/www.synerglass-soft.com\/es\/wp-json\/wp\/v2\/pages\/16799\/revisions"}],"predecessor-version":[{"id":17668,"href":"https:\/\/www.synerglass-soft.com\/es\/wp-json\/wp\/v2\/pages\/16799\/revisions\/17668"}],"wp:attachment":[{"href":"https:\/\/www.synerglass-soft.com\/es\/wp-json\/wp\/v2\/media?parent=16799"}],"curies":[{"name":"wp","href":"https:\/\/api.w.org\/{rel}","templated":true}]}}