{"id":16801,"date":"2026-04-13T14:22:38","date_gmt":"2026-04-13T12:22:38","guid":{"rendered":"https:\/\/www.synerglass-soft.com\/aviso-legal\/"},"modified":"2026-04-23T15:56:42","modified_gmt":"2026-04-23T13:56:42","slug":"aviso-legal","status":"publish","type":"page","link":"https:\/\/www.synerglass-soft.com\/es\/aviso-legal\/","title":{"rendered":"P\u00e1gina legal &#8211; Aviso legal"},"content":{"rendered":"\t\t<div data-elementor-type=\"wp-page\" data-elementor-id=\"16801\" class=\"elementor elementor-16801 elementor-14543\" data-elementor-post-type=\"page\">\n\t\t\t\t<div class=\"elementor-element elementor-element-4dfe38ef e-flex e-con-boxed e-con e-parent\" data-id=\"4dfe38ef\" data-element_type=\"container\" data-settings=\"{&quot;background_background&quot;:&quot;classic&quot;}\">\n\t\t\t\t\t<div class=\"e-con-inner\">\n\t\t<div class=\"elementor-element elementor-element-312d1c2d e-con-full e-flex e-con e-child\" data-id=\"312d1c2d\" data-element_type=\"container\" data-settings=\"{&quot;background_background&quot;:&quot;classic&quot;}\">\n\t\t\t\t<div class=\"elementor-element elementor-element-e4aab5c elementor-widget__width-initial elementor-widget-tablet__width-initial elementor-widget-mobile__width-initial hover-title elementor-invisible elementor-widget elementor-widget-heading\" data-id=\"e4aab5c\" data-element_type=\"widget\" data-settings=\"{&quot;_animation&quot;:&quot;fadeInUp&quot;}\" data-widget_type=\"heading.default\">\n\t\t\t\t\t<h1 class=\"elementor-heading-title elementor-size-default\">Aviso legal<\/h1>\t\t\t\t<\/div>\n\t\t\t\t<div class=\"elementor-element elementor-element-67a09c1e elementor-invisible elementor-widget elementor-widget-post-info\" data-id=\"67a09c1e\" data-element_type=\"widget\" data-settings=\"{&quot;_animation&quot;:&quot;fadeInUp&quot;}\" data-widget_type=\"post-info.default\">\n\t\t\t\t\t\t\t<ul class=\"elementor-inline-items elementor-icon-list-items elementor-post-info\">\n\t\t\t\t\t\t\t\t<li class=\"elementor-icon-list-item elementor-repeater-item-44b3136 elementor-inline-item\" itemprop=\"datePublished\">\n\t\t\t\t\t\t<a href=\"https:\/\/www.synerglass-soft.com\/es\/2026\/04\/13\/\">\n\t\t\t\t\t\t\t\t\t\t\t<span class=\"elementor-icon-list-icon\">\n\t\t\t\t\t\t\t\t<svg xmlns=\"http:\/\/www.w3.org\/2000\/svg\" viewBox=\"0,0,256,256\" width=\"24px\" height=\"24px\" fill-rule=\"nonzero\"><g transform=\"scale(10.66667,10.66667)\"><rect x=\"2\" y=\"3\" width=\"20\" height=\"19\" rx=\"3\" ry=\"3\" fill=\"#BCD9FF\" opacity=\"0.5\"><\/rect><rect x=\"2\" y=\"3\" width=\"20\" height=\"19\" rx=\"3\" ry=\"3\" fill=\"none\" stroke=\"#5CA3FF\" stroke-width=\"1.5\"><\/rect><rect x=\"2\" y=\"3\" width=\"20\" height=\"5\" rx=\"3\" ry=\"3\" fill=\"#5CA3FF\"><\/rect><rect x=\"2\" y=\"6\" width=\"20\" height=\"2\" fill=\"#5CA3FF\"><\/rect><line x1=\"7\" y1=\"1.5\" x2=\"7\" y2=\"5\" stroke=\"#5CA3FF\" stroke-width=\"1.5\" stroke-linecap=\"round\"><\/line><line x1=\"17\" y1=\"1.5\" x2=\"17\" y2=\"5\" stroke=\"#5CA3FF\" stroke-width=\"1.5\" stroke-linecap=\"round\"><\/line><rect x=\"5\" y=\"11\" width=\"2\" height=\"2\" rx=\"0.5\" fill=\"#F0F6FF\"><\/rect><rect x=\"9\" y=\"11\" width=\"2\" height=\"2\" rx=\"0.5\" fill=\"#F0F6FF\"><\/rect><rect x=\"13\" y=\"11\" width=\"2\" height=\"2\" rx=\"0.5\" fill=\"#F0F6FF\"><\/rect><rect x=\"17\" y=\"11\" width=\"2\" height=\"2\" rx=\"0.5\" fill=\"#F0F6FF\"><\/rect><rect x=\"5\" y=\"15\" width=\"2\" height=\"2\" rx=\"0.5\" fill=\"#F0F6FF\"><\/rect><rect x=\"9\" y=\"15\" width=\"2\" height=\"2\" rx=\"0.5\" fill=\"#F0F6FF\"><\/rect><rect x=\"13\" y=\"15\" width=\"2\" height=\"2\" rx=\"0.5\" fill=\"#F0F6FF\"><\/rect><rect x=\"17\" y=\"15\" width=\"2\" height=\"2\" rx=\"0.5\" fill=\"#F0F6FF\"><\/rect><\/g><\/svg>\t\t\t\t\t\t\t<\/span>\n\t\t\t\t\t\t\t\t\t<span class=\"elementor-icon-list-text elementor-post-info__item elementor-post-info__item--type-date\">\n\t\t\t\t\t\t\t\t\t\t<time>abril 13, 2026<\/time>\t\t\t\t\t<\/span>\n\t\t\t\t\t\t\t\t\t<\/a>\n\t\t\t\t<\/li>\n\t\t\t\t<\/ul>\n\t\t\t\t\t\t<\/div>\n\t\t\t\t<div class=\"elementor-element elementor-element-bbdd1d4 elementor-invisible elementor-widget elementor-widget-image\" data-id=\"bbdd1d4\" data-element_type=\"widget\" data-settings=\"{&quot;_animation&quot;:&quot;fadeInUp&quot;}\" data-widget_type=\"image.default\">\n\t\t\t\t\t\t\t\t\t\t\t\t\t\t\t<img fetchpriority=\"high\" decoding=\"async\" width=\"800\" height=\"181\" src=\"https:\/\/www.synerglass-soft.com\/wp-content\/uploads\/2026\/02\/Asset-1@1x.png\" class=\"attachment-large size-large wp-image-12943\" alt=\"\" \/>\t\t\t\t\t\t\t\t\t\t\t\t\t\t\t<\/div>\n\t\t\t\t<\/div>\n\t\t\t\t\t<\/div>\n\t\t\t\t<\/div>\n\t\t<div class=\"elementor-element elementor-element-22ee0f60 e-flex e-con-boxed e-con e-parent\" data-id=\"22ee0f60\" data-element_type=\"container\">\n\t\t\t\t\t<div class=\"e-con-inner\">\n\t\t<div class=\"elementor-element elementor-element-50ad10b3 e-con-full e-flex e-con e-child\" data-id=\"50ad10b3\" data-element_type=\"container\">\n\t\t\t\t<div class=\"elementor-element elementor-element-64da930a elementor-hidden-tablet elementor-hidden-mobile elementor-widget elementor-widget-table-of-contents\" data-id=\"64da930a\" data-element_type=\"widget\" data-settings=\"{&quot;headings_by_tags&quot;:[&quot;h2&quot;],&quot;exclude_headings_by_selector&quot;:[],&quot;marker_view&quot;:&quot;bullets&quot;,&quot;icon&quot;:{&quot;value&quot;:&quot;&quot;,&quot;library&quot;:&quot;&quot;},&quot;no_headings_message&quot;:&quot;Aucun titre n\\u2019a \\u00e9t\\u00e9 trouv\\u00e9 sur cette page.&quot;,&quot;sticky&quot;:&quot;top&quot;,&quot;sticky_parent&quot;:&quot;yes&quot;,&quot;_animation&quot;:&quot;none&quot;,&quot;hierarchical_view&quot;:&quot;yes&quot;,&quot;min_height&quot;:{&quot;unit&quot;:&quot;px&quot;,&quot;size&quot;:&quot;&quot;,&quot;sizes&quot;:[]},&quot;min_height_tablet&quot;:{&quot;unit&quot;:&quot;px&quot;,&quot;size&quot;:&quot;&quot;,&quot;sizes&quot;:[]},&quot;min_height_mobile&quot;:{&quot;unit&quot;:&quot;px&quot;,&quot;size&quot;:&quot;&quot;,&quot;sizes&quot;:[]},&quot;sticky_on&quot;:[&quot;desktop&quot;,&quot;tablet&quot;,&quot;mobile&quot;],&quot;sticky_offset&quot;:0,&quot;sticky_effects_offset&quot;:0,&quot;sticky_anchor_link_offset&quot;:0}\" data-widget_type=\"table-of-contents.default\">\n\t\t\t\t\t\t\t\t\t<div id=\"elementor-toc__64da930a\" class=\"elementor-toc__body\">\n\t\t\t<div class=\"elementor-toc__spinner-container\">\n\t\t\t\t<svg class=\"elementor-toc__spinner eicon-animation-spin e-font-icon-svg e-eicon-loading\" aria-hidden=\"true\" viewBox=\"0 0 1000 1000\" xmlns=\"http:\/\/www.w3.org\/2000\/svg\"><path d=\"M500 975V858C696 858 858 696 858 500S696 142 500 142 142 304 142 500H25C25 237 238 25 500 25S975 237 975 500 763 975 500 975Z\"><\/path><\/svg>\t\t\t<\/div>\n\t\t<\/div>\n\t\t\t\t\t\t<\/div>\n\t\t\t\t<\/div>\n\t\t<div class=\"elementor-element elementor-element-55122a6 e-con-full e-flex e-con e-child\" data-id=\"55122a6\" data-element_type=\"container\">\n\t\t\t\t<div class=\"elementor-element elementor-element-263f4cfb elementor-widget elementor-widget-heading\" data-id=\"263f4cfb\" data-element_type=\"widget\" data-widget_type=\"heading.default\">\n\t\t\t\t\t<h2 class=\"elementor-heading-title elementor-size-default\">1. Edici\u00f3n y alojamiento<\/h2>\t\t\t\t<\/div>\n\t\t\t\t<div class=\"elementor-element elementor-element-21651107 elementor-widget elementor-widget-text-editor\" data-id=\"21651107\" data-element_type=\"widget\" data-widget_type=\"text-editor.default\">\n\t\t\t\t\t\t\t\t\t<p>El presente sitio web, <a class=\"underline underline underline-offset-2 decoration-1 decoration-current\/40 hover:decoration-current focus:decoration-current\" href=\"https:\/\/www.synerglass-soft.com\/fr\/\">https:\/\/www.synerglass-soft.com\/<\/a> (en adelante, el \u00abSitio web\u00bb), es editado y alojado bajo la responsabilidad de SYNERGLASS-SOFT SA, con sede social en Sprimont, B\u00e9lgica, y est\u00e1 inscrita en el Registro Mercantil con el n\u00famero BE0442.553.491. Puede ponerse en contacto con el administrador del sitio web a trav\u00e9s de la siguiente direcci\u00f3n de correo electr\u00f3nico: <a class=\"underline underline underline-offset-2 decoration-1 decoration-current\/40 hover:decoration-current focus:decoration-current\" href=\"mailto:info@synerglass-soft.com\">info@synerglass-soft.com<\/a> o por tel\u00e9fono en el +32 4 295 31 10.<\/p>\t\t\t\t\t\t\t\t<\/div>\n\t\t\t\t<div class=\"elementor-element elementor-element-1c5f1fa elementor-widget elementor-widget-heading\" data-id=\"1c5f1fa\" data-element_type=\"widget\" data-widget_type=\"heading.default\">\n\t\t\t\t\t<h2 class=\"elementor-heading-title elementor-size-default\">2. Generalidades<\/h2>\t\t\t\t<\/div>\n\t\t\t\t<div class=\"elementor-element elementor-element-5f9c58cc elementor-widget elementor-widget-text-editor\" data-id=\"5f9c58cc\" data-element_type=\"widget\" data-widget_type=\"text-editor.default\">\n\t\t\t\t\t\t\t\t\t<p class=\"font-claude-response-body break-words whitespace-normal leading-[1.7]\">El acceso y el uso del sitio web est\u00e1n sujetos a las presentes condiciones generales de uso (en adelante, las \u00abCondiciones\u00bb), as\u00ed como a las leyes y\/o normativas aplicables. Por consiguiente, el acceso al Sitio web y su uso implican la aceptaci\u00f3n \u00edntegra y sin reservas por parte del Usuario de las presentes Condiciones, incluidas las disposiciones relativas a la protecci\u00f3n de datos personales de SYNERGLASS-SOFT, que pueden consultarse en el sitio. <\/p><p class=\"font-claude-response-body break-words whitespace-normal leading-[1.7]\">SYNERGLASS-SOFT se reserva el derecho a modificar y actualizar en cualquier momento, y sin previo aviso, las Condiciones, el acceso al sitio web y su contenido. Todas estas modificaciones son vinculantes para el usuario cada vez que acceda al sitio web. <\/p><p class=\"font-claude-response-body break-words whitespace-normal leading-[1.7]\">A efectos de las Condiciones, se entiende por \u00abUsuario\u00bb cualquier persona que utilice el Sitio web o cualquiera de los servicios ofrecidos en \u00e9l.<\/p><p class=\"font-claude-response-body break-words whitespace-normal leading-[1.7]\">Si el usuario desea ponerse en contacto con SYNERGLASS-SOFT en relaci\u00f3n con el uso del sitio web, puede hacer clic aqu\u00ed o enviar un correo electr\u00f3nico a <a class=\"underline underline underline-offset-2 decoration-1 decoration-current\/40 hover:decoration-current focus:decoration-current\" href=\"mailto:info@synerglass-soft.com\">info@synerglass-soft.com<\/a>.<\/p><p class=\"font-claude-response-body break-words whitespace-normal leading-[1.7]\">El hecho de que SYNERGLASS-SOFT no haga valer, en un momento dado, alguna de las disposiciones de las Condiciones, no podr\u00e1 interpretarse como una renuncia a hacer valer dicha disposici\u00f3n en el futuro.<\/p>\t\t\t\t\t\t\t\t<\/div>\n\t\t\t\t<div class=\"elementor-element elementor-element-1d4fa155 elementor-widget elementor-widget-heading\" data-id=\"1d4fa155\" data-element_type=\"widget\" data-widget_type=\"heading.default\">\n\t\t\t\t\t<h2 class=\"elementor-heading-title elementor-size-default\">3. Derechos de propiedad intelectual<\/h2>\t\t\t\t<\/div>\n\t\t\t\t<div class=\"elementor-element elementor-element-375232f6 elementor-widget elementor-widget-text-editor\" data-id=\"375232f6\" data-element_type=\"widget\" data-widget_type=\"text-editor.default\">\n\t\t\t\t\t\t\t\t\t<p class=\"font-claude-response-body break-words whitespace-normal leading-[1.7]\">El sitio web y todos los derechos asociados al mismo, as\u00ed como las marcas, los logotipos, los gr\u00e1ficos, las fotograf\u00edas, las animaciones, los v\u00eddeos, los textos y dem\u00e1s signos distintivos que figuran en el sitio web son propiedad exclusiva de SYNERGLASS-SOFT o de sus socios.<\/p><p class=\"font-claude-response-body break-words whitespace-normal leading-[1.7]\">Estos elementos constituyen creaciones protegidas por la legislaci\u00f3n en materia de propiedad intelectual y, en particular, por las disposiciones relativas a los derechos de autor, los dibujos y modelos y las marcas.<\/p><p class=\"font-claude-response-body break-words whitespace-normal leading-[1.7]\">Por lo tanto, no pueden reproducirse, utilizarse ni representarse, ni total ni parcialmente, sin la autorizaci\u00f3n previa y por escrito de SYNERGLASS-SOFT, bajo pena de acciones legales.<\/p>\t\t\t\t\t\t\t\t<\/div>\n\t\t\t\t<div class=\"elementor-element elementor-element-1ecc4ac5 elementor-widget elementor-widget-heading\" data-id=\"1ecc4ac5\" data-element_type=\"widget\" data-widget_type=\"heading.default\">\n\t\t\t\t\t<h2 class=\"elementor-heading-title elementor-size-default\">4. Enlaces hipertextuales<\/h2>\t\t\t\t<\/div>\n\t\t\t\t<div class=\"elementor-element elementor-element-fb5458b elementor-widget elementor-widget-heading\" data-id=\"fb5458b\" data-element_type=\"widget\" data-widget_type=\"heading.default\">\n\t\t\t\t\t<h2 class=\"elementor-heading-title elementor-size-default\">4.1. Enlaces a la p\u00e1gina web<\/h2>\t\t\t\t<\/div>\n\t\t\t\t<div class=\"elementor-element elementor-element-6b65ec76 elementor-widget elementor-widget-text-editor\" data-id=\"6b65ec76\" data-element_type=\"widget\" data-widget_type=\"text-editor.default\">\n\t\t\t\t\t\t\t\t\t<p class=\"font-claude-response-body break-words whitespace-normal leading-[1.7]\">Se autoriza la creaci\u00f3n de un hiperv\u00ednculo a la p\u00e1gina de inicio del sitio web, con exclusi\u00f3n de cualquier otra direcci\u00f3n, siempre que dicho enlace no perjudique a SYNERGLASS-SOFT y salvo indicaci\u00f3n contraria por parte de SYNERGLASS-SOFT. Por el contrario, queda prohibido cualquier hiperv\u00ednculo a una p\u00e1gina interna del sitio web, salvo autorizaci\u00f3n expresa y previa de SYNERGLASS-SOFT. <\/p>\t\t\t\t\t\t\t\t<\/div>\n\t\t\t\t<div class=\"elementor-element elementor-element-2123584d elementor-widget elementor-widget-heading\" data-id=\"2123584d\" data-element_type=\"widget\" data-widget_type=\"heading.default\">\n\t\t\t\t\t<h2 class=\"elementor-heading-title elementor-size-default\">4.2. Enlaces desde el sitio web<\/h2>\t\t\t\t<\/div>\n\t\t\t\t<div class=\"elementor-element elementor-element-3582b70a elementor-widget elementor-widget-text-editor\" data-id=\"3582b70a\" data-element_type=\"widget\" data-widget_type=\"text-editor.default\">\n\t\t\t\t\t\t\t\t\t<p>El Sitio web puede contener uno o varios enlaces a otros sitios web que puedan resultar de inter\u00e9s para los usuarios. No obstante, dichos enlaces se facilitan a t\u00edtulo meramente informativo y SYNERGLASS-SOFT no ofrece garant\u00eda alguna al respecto. La presencia de estos enlaces no implica en modo alguno que SYNERGLASS-SOFT apruebe totalmente su contenido ni que asuma responsabilidad alguna por el contenido o el uso de dichos sitios web.  <\/p>\t\t\t\t\t\t\t\t<\/div>\n\t\t\t\t<div class=\"elementor-element elementor-element-6fee848a elementor-widget elementor-widget-heading\" data-id=\"6fee848a\" data-element_type=\"widget\" data-widget_type=\"heading.default\">\n\t\t\t\t\t<h2 class=\"elementor-heading-title elementor-size-default\">5. Limitaci\u00f3n de responsabilidad<\/h2>\t\t\t\t<\/div>\n\t\t\t\t<div class=\"elementor-element elementor-element-3095fe8d elementor-widget elementor-widget-text-editor\" data-id=\"3095fe8d\" data-element_type=\"widget\" data-widget_type=\"text-editor.default\">\n\t\t\t\t\t\t\t\t\t<p class=\"font-claude-response-body break-words whitespace-normal leading-[1.7]\">Los usuarios utilizan el sitio web bajo su propia responsabilidad. SYNERGLASS-SOFT no se hace responsable de los da\u00f1os que puedan derivarse del uso directo o indirecto del sitio web por parte de los usuarios en contravenci\u00f3n de las Condiciones. SYNERGLASS-SOFT declina toda responsabilidad al respecto y no ofrece garant\u00eda alguna en relaci\u00f3n con los servicios puestos a disposici\u00f3n a trav\u00e9s del sitio web.  <\/p><p class=\"font-claude-response-body break-words whitespace-normal leading-[1.7]\">El usuario se compromete a no utilizar el sitio web de tal manera que dicho uso pueda causar da\u00f1os a terceros o a SYNERGLASS-SOFT.<\/p><p class=\"font-claude-response-body break-words whitespace-normal leading-[1.7]\">Del mismo modo, SYNERGLASS-SOFT no puede garantizar la disponibilidad permanente, sin errores ni interrupciones, de todas las funciones del sitio web, ni la correcci\u00f3n inmediata de los errores, ni la ausencia total de virus o de cualquier otro elemento da\u00f1ino en el sitio web y en la infraestructura a trav\u00e9s de la cual se ofrece dicho sitio web.<\/p><p class=\"font-claude-response-body break-words whitespace-normal leading-[1.7]\">Pueden producirse restricciones temporales debido a problemas t\u00e9cnicos, tales como interrupciones, fallos en las telecomunicaciones, errores de programaci\u00f3n o problemas de hardware, etc. SYNERGLASS-SOFT se reserva el derecho de suspender, en cualquier momento, la disponibilidad del sitio web por motivos de mantenimiento y actualizaci\u00f3n. <\/p><p class=\"font-claude-response-body break-words whitespace-normal leading-[1.7]\">SYNERGLASS-SOFT no se hace responsable de ninguna p\u00e9rdida o da\u00f1o (directo, indirecto, material o inmaterial) que se derive de estas restricciones temporales, ni que est\u00e9 relacionado con el uso del sitio web o con la imposibilidad de utilizarlo.<\/p>\t\t\t\t\t\t\t\t<\/div>\n\t\t\t\t<div class=\"elementor-element elementor-element-3261cf99 elementor-widget elementor-widget-heading\" data-id=\"3261cf99\" data-element_type=\"widget\" data-widget_type=\"heading.default\">\n\t\t\t\t\t<h2 class=\"elementor-heading-title elementor-size-default\">6. Nulidad de una cl\u00e1usula<\/h2>\t\t\t\t<\/div>\n\t\t\t\t<div class=\"elementor-element elementor-element-10752921 elementor-widget elementor-widget-text-editor\" data-id=\"10752921\" data-element_type=\"widget\" data-widget_type=\"text-editor.default\">\n\t\t\t\t\t\t\t\t\t<p class=\"font-claude-response-body break-words whitespace-normal leading-[1.7]\">La nulidad, caducidad o inaplicabilidad total o parcial de cualquiera de las disposiciones de las Condiciones no implicar\u00e1 la nulidad del conjunto de las Condiciones. La disposici\u00f3n total o parcialmente nula, caducada o inaplicable se considerar\u00e1 como no escrita. <\/p><p class=\"font-claude-response-body break-words whitespace-normal leading-[1.7]\">SYNERGLASS-SOFT se compromete a sustituir esta disposici\u00f3n por otra que cumpla, en la medida de lo posible, la misma funci\u00f3n.<\/p>\t\t\t\t\t\t\t\t<\/div>\n\t\t\t\t<div class=\"elementor-element elementor-element-241a7029 elementor-widget elementor-widget-heading\" data-id=\"241a7029\" data-element_type=\"widget\" data-widget_type=\"heading.default\">\n\t\t\t\t\t<h2 class=\"elementor-heading-title elementor-size-default\">7. Legislaci\u00f3n aplicable y tribunales competentes<\/h2>\t\t\t\t<\/div>\n\t\t\t\t<div class=\"elementor-element elementor-element-14141b57 elementor-widget elementor-widget-text-editor\" data-id=\"14141b57\" data-element_type=\"widget\" data-widget_type=\"text-editor.default\">\n\t\t\t\t\t\t\t\t\t<p class=\"font-claude-response-body break-words whitespace-normal leading-[1.7]\">La validez, interpretaci\u00f3n y ejecuci\u00f3n de las presentes Condiciones Generales se regir\u00e1n por la legislaci\u00f3n belga y estar\u00e1n sujetas a la competencia de los tribunales de Nivelles.<\/p><p class=\"font-claude-response-body break-words whitespace-normal leading-[1.7]\">Cualquier controversia relacionada con el sitio web o con su uso se regir\u00e1 exclusivamente por la legislaci\u00f3n belga, y los tribunales de Lieja ser\u00e1n los competentes en caso de litigio.<\/p>\t\t\t\t\t\t\t\t<\/div>\n\t\t\t\t<\/div>\n\t\t\t\t\t<\/div>\n\t\t\t\t<\/div>\n\t\t\t\t<\/div>\n\t\t","protected":false},"excerpt":{"rendered":"<p>Aviso legal 1. Edici\u00f3n y alojamiento El presente sitio web, https:\/\/www.synerglass-soft.com\/ (en adelante, el \u00abSitio web\u00bb), es editado y alojado bajo la responsabilidad de SYNERGLASS-SOFT SA, con sede social en Sprimont, B\u00e9lgica, y est\u00e1 inscrita en el Registro Mercantil con el n\u00famero BE0442.553.491. Puede ponerse en contacto con el administrador del sitio web a trav\u00e9s [&hellip;]<\/p>\n","protected":false},"author":4,"featured_media":0,"parent":0,"menu_order":0,"comment_status":"closed","ping_status":"closed","template":"","meta":{"footnotes":""},"class_list":["post-16801","page","type-page","status-publish","hentry"],"_links":{"self":[{"href":"https:\/\/www.synerglass-soft.com\/es\/wp-json\/wp\/v2\/pages\/16801","targetHints":{"allow":["GET"]}}],"collection":[{"href":"https:\/\/www.synerglass-soft.com\/es\/wp-json\/wp\/v2\/pages"}],"about":[{"href":"https:\/\/www.synerglass-soft.com\/es\/wp-json\/wp\/v2\/types\/page"}],"author":[{"embeddable":true,"href":"https:\/\/www.synerglass-soft.com\/es\/wp-json\/wp\/v2\/users\/4"}],"replies":[{"embeddable":true,"href":"https:\/\/www.synerglass-soft.com\/es\/wp-json\/wp\/v2\/comments?post=16801"}],"version-history":[{"count":2,"href":"https:\/\/www.synerglass-soft.com\/es\/wp-json\/wp\/v2\/pages\/16801\/revisions"}],"predecessor-version":[{"id":17667,"href":"https:\/\/www.synerglass-soft.com\/es\/wp-json\/wp\/v2\/pages\/16801\/revisions\/17667"}],"wp:attachment":[{"href":"https:\/\/www.synerglass-soft.com\/es\/wp-json\/wp\/v2\/media?parent=16801"}],"curies":[{"name":"wp","href":"https:\/\/api.w.org\/{rel}","templated":true}]}}