{"id":16803,"date":"2026-04-13T15:29:25","date_gmt":"2026-04-13T13:29:25","guid":{"rendered":"https:\/\/www.synerglass-soft.com\/politica-de-privacidad-rgpd\/"},"modified":"2026-04-23T15:57:09","modified_gmt":"2026-04-23T13:57:09","slug":"politica-de-privacidad-rgpd","status":"publish","type":"page","link":"https:\/\/www.synerglass-soft.com\/es\/politica-de-privacidad-rgpd\/","title":{"rendered":"Aviso legal &#8211; Pol\u00edtica de privacidad"},"content":{"rendered":"\t\t<div data-elementor-type=\"wp-page\" data-elementor-id=\"16803\" class=\"elementor elementor-16803 elementor-14615\" data-elementor-post-type=\"page\">\n\t\t\t\t<div class=\"elementor-element elementor-element-4cf53e1 e-flex e-con-boxed e-con e-parent\" data-id=\"4cf53e1\" data-element_type=\"container\" data-settings=\"{&quot;background_background&quot;:&quot;classic&quot;}\">\n\t\t\t\t\t<div class=\"e-con-inner\">\n\t\t<div class=\"elementor-element elementor-element-cdb0b85 e-con-full e-flex e-con e-child\" data-id=\"cdb0b85\" data-element_type=\"container\" data-settings=\"{&quot;background_background&quot;:&quot;classic&quot;}\">\n\t\t\t\t<div class=\"elementor-element elementor-element-4717af8 elementor-widget__width-initial elementor-widget-tablet__width-initial elementor-widget-mobile__width-initial hover-title elementor-invisible elementor-widget elementor-widget-heading\" data-id=\"4717af8\" data-element_type=\"widget\" data-settings=\"{&quot;_animation&quot;:&quot;fadeInUp&quot;}\" data-widget_type=\"heading.default\">\n\t\t\t\t\t<h1 class=\"elementor-heading-title elementor-size-default\">Pol\u00edtica de privacidad (RGPD)<\/h1>\t\t\t\t<\/div>\n\t\t\t\t<div class=\"elementor-element elementor-element-96b2f72 elementor-invisible elementor-widget elementor-widget-post-info\" data-id=\"96b2f72\" data-element_type=\"widget\" data-settings=\"{&quot;_animation&quot;:&quot;fadeInUp&quot;}\" data-widget_type=\"post-info.default\">\n\t\t\t\t\t\t\t<ul class=\"elementor-inline-items elementor-icon-list-items elementor-post-info\">\n\t\t\t\t\t\t\t\t<li class=\"elementor-icon-list-item elementor-repeater-item-44b3136 elementor-inline-item\" itemprop=\"datePublished\">\n\t\t\t\t\t\t<a href=\"https:\/\/www.synerglass-soft.com\/es\/2026\/04\/13\/\">\n\t\t\t\t\t\t\t\t\t\t\t<span class=\"elementor-icon-list-icon\">\n\t\t\t\t\t\t\t\t<svg xmlns=\"http:\/\/www.w3.org\/2000\/svg\" viewBox=\"0,0,256,256\" width=\"24px\" height=\"24px\" fill-rule=\"nonzero\"><g transform=\"scale(10.66667,10.66667)\"><rect x=\"2\" y=\"3\" width=\"20\" height=\"19\" rx=\"3\" ry=\"3\" fill=\"#BCD9FF\" opacity=\"0.5\"><\/rect><rect x=\"2\" y=\"3\" width=\"20\" height=\"19\" rx=\"3\" ry=\"3\" fill=\"none\" stroke=\"#5CA3FF\" stroke-width=\"1.5\"><\/rect><rect x=\"2\" y=\"3\" width=\"20\" height=\"5\" rx=\"3\" ry=\"3\" fill=\"#5CA3FF\"><\/rect><rect x=\"2\" y=\"6\" width=\"20\" height=\"2\" fill=\"#5CA3FF\"><\/rect><line x1=\"7\" y1=\"1.5\" x2=\"7\" y2=\"5\" stroke=\"#5CA3FF\" stroke-width=\"1.5\" stroke-linecap=\"round\"><\/line><line x1=\"17\" y1=\"1.5\" x2=\"17\" y2=\"5\" stroke=\"#5CA3FF\" stroke-width=\"1.5\" stroke-linecap=\"round\"><\/line><rect x=\"5\" y=\"11\" width=\"2\" height=\"2\" rx=\"0.5\" fill=\"#F0F6FF\"><\/rect><rect x=\"9\" y=\"11\" width=\"2\" height=\"2\" rx=\"0.5\" fill=\"#F0F6FF\"><\/rect><rect x=\"13\" y=\"11\" width=\"2\" height=\"2\" rx=\"0.5\" fill=\"#F0F6FF\"><\/rect><rect x=\"17\" y=\"11\" width=\"2\" height=\"2\" rx=\"0.5\" fill=\"#F0F6FF\"><\/rect><rect x=\"5\" y=\"15\" width=\"2\" height=\"2\" rx=\"0.5\" fill=\"#F0F6FF\"><\/rect><rect x=\"9\" y=\"15\" width=\"2\" height=\"2\" rx=\"0.5\" fill=\"#F0F6FF\"><\/rect><rect x=\"13\" y=\"15\" width=\"2\" height=\"2\" rx=\"0.5\" fill=\"#F0F6FF\"><\/rect><rect x=\"17\" y=\"15\" width=\"2\" height=\"2\" rx=\"0.5\" fill=\"#F0F6FF\"><\/rect><\/g><\/svg>\t\t\t\t\t\t\t<\/span>\n\t\t\t\t\t\t\t\t\t<span class=\"elementor-icon-list-text elementor-post-info__item elementor-post-info__item--type-date\">\n\t\t\t\t\t\t\t\t\t\t<time>abril 13, 2026<\/time>\t\t\t\t\t<\/span>\n\t\t\t\t\t\t\t\t\t<\/a>\n\t\t\t\t<\/li>\n\t\t\t\t<\/ul>\n\t\t\t\t\t\t<\/div>\n\t\t\t\t<div class=\"elementor-element elementor-element-ff4caf9 elementor-invisible elementor-widget elementor-widget-image\" data-id=\"ff4caf9\" data-element_type=\"widget\" data-settings=\"{&quot;_animation&quot;:&quot;fadeInUp&quot;}\" data-widget_type=\"image.default\">\n\t\t\t\t\t\t\t\t\t\t\t\t\t\t\t<img fetchpriority=\"high\" decoding=\"async\" width=\"800\" height=\"181\" src=\"https:\/\/www.synerglass-soft.com\/wp-content\/uploads\/2026\/02\/Asset-1@1x.png\" class=\"attachment-large size-large wp-image-12943\" alt=\"\" \/>\t\t\t\t\t\t\t\t\t\t\t\t\t\t\t<\/div>\n\t\t\t\t<\/div>\n\t\t\t\t\t<\/div>\n\t\t\t\t<\/div>\n\t\t<div class=\"elementor-element elementor-element-69ecb8c e-flex e-con-boxed e-con e-parent\" data-id=\"69ecb8c\" data-element_type=\"container\">\n\t\t\t\t\t<div class=\"e-con-inner\">\n\t\t<div class=\"elementor-element elementor-element-23c10c8 e-con-full e-flex e-con e-child\" data-id=\"23c10c8\" data-element_type=\"container\">\n\t\t\t\t<div class=\"elementor-element elementor-element-58ccaf4 elementor-hidden-tablet elementor-hidden-mobile elementor-widget elementor-widget-table-of-contents\" data-id=\"58ccaf4\" data-element_type=\"widget\" data-settings=\"{&quot;headings_by_tags&quot;:[&quot;h2&quot;],&quot;exclude_headings_by_selector&quot;:[],&quot;marker_view&quot;:&quot;bullets&quot;,&quot;icon&quot;:{&quot;value&quot;:&quot;&quot;,&quot;library&quot;:&quot;&quot;},&quot;no_headings_message&quot;:&quot;Aucun titre n\\u2019a \\u00e9t\\u00e9 trouv\\u00e9 sur cette page.&quot;,&quot;sticky&quot;:&quot;top&quot;,&quot;sticky_parent&quot;:&quot;yes&quot;,&quot;_animation&quot;:&quot;none&quot;,&quot;hierarchical_view&quot;:&quot;yes&quot;,&quot;min_height&quot;:{&quot;unit&quot;:&quot;px&quot;,&quot;size&quot;:&quot;&quot;,&quot;sizes&quot;:[]},&quot;min_height_tablet&quot;:{&quot;unit&quot;:&quot;px&quot;,&quot;size&quot;:&quot;&quot;,&quot;sizes&quot;:[]},&quot;min_height_mobile&quot;:{&quot;unit&quot;:&quot;px&quot;,&quot;size&quot;:&quot;&quot;,&quot;sizes&quot;:[]},&quot;sticky_on&quot;:[&quot;desktop&quot;,&quot;tablet&quot;,&quot;mobile&quot;],&quot;sticky_offset&quot;:0,&quot;sticky_effects_offset&quot;:0,&quot;sticky_anchor_link_offset&quot;:0}\" data-widget_type=\"table-of-contents.default\">\n\t\t\t\t\t\t\t\t\t<div id=\"elementor-toc__58ccaf4\" class=\"elementor-toc__body\">\n\t\t\t<div class=\"elementor-toc__spinner-container\">\n\t\t\t\t<svg class=\"elementor-toc__spinner eicon-animation-spin e-font-icon-svg e-eicon-loading\" aria-hidden=\"true\" viewBox=\"0 0 1000 1000\" xmlns=\"http:\/\/www.w3.org\/2000\/svg\"><path d=\"M500 975V858C696 858 858 696 858 500S696 142 500 142 142 304 142 500H25C25 237 238 25 500 25S975 237 975 500 763 975 500 975Z\"><\/path><\/svg>\t\t\t<\/div>\n\t\t<\/div>\n\t\t\t\t\t\t<\/div>\n\t\t\t\t<\/div>\n\t\t<div class=\"elementor-element elementor-element-426d94a e-con-full e-flex e-con e-child\" data-id=\"426d94a\" data-element_type=\"container\">\n\t\t\t\t<div class=\"elementor-element elementor-element-b5499b9 elementor-widget elementor-widget-heading\" data-id=\"b5499b9\" data-element_type=\"widget\" data-widget_type=\"heading.default\">\n\t\t\t\t\t<h2 class=\"elementor-heading-title elementor-size-default\">1. Declaraci\u00f3n de privacidad<\/h2>\t\t\t\t<\/div>\n\t\t\t\t<div class=\"elementor-element elementor-element-d21fd23 elementor-widget elementor-widget-text-editor\" data-id=\"d21fd23\" data-element_type=\"widget\" data-widget_type=\"text-editor.default\">\n\t\t\t\t\t\t\t\t\t<p data-start=\"35\" data-end=\"343\">La presente Declaraci\u00f3n de privacidad refleja nuestro compromiso con la protecci\u00f3n de la privacidad y los datos. En este documento se describen nuestras pr\u00e1cticas de gesti\u00f3n de la informaci\u00f3n que puede identificar a una persona de forma directa o indirecta (\u00abDatos personales\u00bb). <\/p><p data-start=\"345\" data-end=\"627\">El objetivo de la pol\u00edtica de privacidad es explicar qu\u00e9 datos personales trata SYNERGLASS-SOFT, qui\u00e9n utiliza sus datos personales, con qu\u00e9 fines, durante cu\u00e1nto tiempo y cu\u00e1les son sus derechos en este contexto.<\/p>\t\t\t\t\t\t\t\t<\/div>\n\t\t\t\t<div class=\"elementor-element elementor-element-2cf7d09 elementor-widget elementor-widget-heading\" data-id=\"2cf7d09\" data-element_type=\"widget\" data-widget_type=\"heading.default\">\n\t\t\t\t\t<h2 class=\"elementor-heading-title elementor-size-default\">2. Recopilaci\u00f3n de datos<\/h2>\t\t\t\t<\/div>\n\t\t\t\t<div class=\"elementor-element elementor-element-e2022f0 elementor-widget elementor-widget-text-editor\" data-id=\"e2022f0\" data-element_type=\"widget\" data-widget_type=\"text-editor.default\">\n\t\t\t\t\t\t\t\t\t<p data-start=\"654\" data-end=\"916\">SYNERGLASS-SOFT trata informaci\u00f3n, incluidos datos personales relativos a los usuarios de los Servicios de Synerglass-Soft, mediante cookies o tecnolog\u00edas similares con los fines definidos en la Declaraci\u00f3n sobre cookies que figura a continuaci\u00f3n.<\/p><p data-start=\"918\" data-end=\"1058\">SYNERGLASS-SOFT puede recopilar diferentes tipos de datos personales sobre usted en el marco de sus actividades, en particular:<\/p>\t\t\t\t\t\t\t\t<\/div>\n\t\t\t\t<div class=\"elementor-element elementor-element-af77e97 elementor-widget elementor-widget-heading\" data-id=\"af77e97\" data-element_type=\"widget\" data-widget_type=\"heading.default\">\n\t\t\t\t\t<h2 class=\"elementor-heading-title elementor-size-default\">2.1. Tipos de datos recopilados<\/h2>\t\t\t\t<\/div>\n\t\t\t\t<div class=\"elementor-element elementor-element-ad7dfc0 elementor-widget elementor-widget-text-editor\" data-id=\"ad7dfc0\" data-element_type=\"widget\" data-widget_type=\"text-editor.default\">\n\t\t\t\t\t\t\t\t\t<p>\u2022 datos de contacto personales;<br>\u2022 los datos personales relacionados con su relaci\u00f3n comercial con SYNERGLASS-SOFT o con la de su empleador;<br data-start=\"1121\" data-end=\"1124\">\u2022 los datos personales que SYNERGLASS-SOFT debe recopilar con fines legales y de cumplimiento normativo;<br>\u2022 datos de uso, registro y participaci\u00f3n personales que SYNERGLASS-SOFT pueda generar a lo largo de su uso de sus ofertas web y en l\u00ednea;<br data-start=\"1247\" data-end=\"1250\">\u2022 categor\u00edas especiales de datos personales;<br>\u2022 datos personales relacionados con las aplicaciones;<br data-start=\"1358\" data-end=\"1361\">\u2022 datos personales que SYNERGLASS-SOFT pueda recibir de terceros;<br>\u2022 los datos personales que SYNERGLASS-SOFT necesita para garantizar su satisfacci\u00f3n y la de su empleador con respecto a nuestros productos, servicios y ofertas.<br><br><\/p>\t\t\t\t\t\t\t\t<\/div>\n\t\t\t\t<div class=\"elementor-element elementor-element-f155ee9 elementor-widget elementor-widget-heading\" data-id=\"f155ee9\" data-element_type=\"widget\" data-widget_type=\"heading.default\">\n\t\t\t\t\t<h2 class=\"elementor-heading-title elementor-size-default\">3. Uso de los datos<\/h2>\t\t\t\t<\/div>\n\t\t\t\t<div class=\"elementor-element elementor-element-a72624d elementor-widget elementor-widget-text-editor\" data-id=\"a72624d\" data-element_type=\"widget\" data-widget_type=\"text-editor.default\">\n\t\t\t\t\t\t\t\t\t<p data-start=\"654\" data-end=\"916\">SYNERGLASS-SOFT trata sus datos personales con el fin de:<\/p>\t\t\t\t\t\t\t\t<\/div>\n\t\t\t\t<div class=\"elementor-element elementor-element-c21a0e6 elementor-widget elementor-widget-heading\" data-id=\"c21a0e6\" data-element_type=\"widget\" data-widget_type=\"heading.default\">\n\t\t\t\t\t<h2 class=\"elementor-heading-title elementor-size-default\">3.1. Finalidades del tratamiento<\/h2>\t\t\t\t<\/div>\n\t\t\t\t<div class=\"elementor-element elementor-element-ea37002 elementor-widget elementor-widget-text-editor\" data-id=\"ea37002\" data-element_type=\"widget\" data-widget_type=\"text-editor.default\">\n\t\t\t\t\t\t\t\t\t<p data-start=\"654\" data-end=\"916\">\u2022 mantener nuestras relaciones comerciales con usted, su empresa o los clientes de su empresa, en particular garantizando su satisfacci\u00f3n con nuestros productos y servicios y manteni\u00e9ndole informado de las \u00faltimas novedades;<br><br data-start=\"2286\" data-end=\"2289\">\u2022 desarrollar y ofrecerle sus productos de software, sus servicios en la nube y otros servicios;<br><br data-start=\"2384\" data-end=\"2387\">\u2022 proteger la calidad y la seguridad de sus instalaciones, productos o servicios;<br><br data-start=\"2476\" data-end=\"2479\">\u2022 proteger y, en caso necesario, defender nuestros activos jur\u00eddicos frente a ataques ilegales, hacer valer nuestros derechos o defender a SYNERGLASS-SOFT frente a cualquier acci\u00f3n judicial;<br><br data-start=\"2665\" data-end=\"2668\">\u2022 garantizar el cumplimiento de las leyes y normativas aplicables a SYNERGLASS-SOFT;<br><br data-start=\"2760\" data-end=\"2763\">\u2022 gestionar p\u00e1ginas web, ofertas en l\u00ednea u otros eventos en l\u00ednea de SYNERGLASS-SOFT, incluido el an\u00e1lisis del comportamiento de los usuarios, lo que le permite crear un perfil de usuario, aprovechar un servicio de gesti\u00f3n de identidades y promover y mejorar continuamente su experiencia de usuario;<br><br data-start=\"3092\" data-end=\"3095\">\u2022 encontrar su perfil cuando se busquen posibles candidatos para SYNERGLASS-SOFT;<br><br data-start=\"3181\" data-end=\"3184\">\u2022 transferirlos a destinatarios tales como otras entidades del Grupo SYNERGLASS-SOFT, proveedores de servicios externos, socios de SYNERGLASS-SOFT y otros.<br><br><\/p>\t\t\t\t\t\t\t\t<\/div>\n\t\t\t\t<div class=\"elementor-element elementor-element-018a993 elementor-widget elementor-widget-heading\" data-id=\"018a993\" data-element_type=\"widget\" data-widget_type=\"heading.default\">\n\t\t\t\t\t<h2 class=\"elementor-heading-title elementor-size-default\">4. Tus derechos<\/h2>\t\t\t\t<\/div>\n\t\t\t\t<div class=\"elementor-element elementor-element-3f1219f elementor-widget elementor-widget-text-editor\" data-id=\"3f1219f\" data-element_type=\"widget\" data-widget_type=\"text-editor.default\">\n\t\t\t\t\t\t\t\t\t<p data-start=\"3887\" data-end=\"4145\">\u00bfCu\u00e1les son sus derechos en materia de protecci\u00f3n de datos? Tiene derecho a solicitar a SYNERGLASS-SOFT el acceso a sus datos personales y\/o la rectificaci\u00f3n, la restituci\u00f3n o la supresi\u00f3n de dichos datos personales. <\/p><p data-start=\"4147\" data-end=\"4292\">Puede solicitar a SYNERGLASS-SOFT que restrinja el acceso a sus datos personales o que los excluya de cualquier tratamiento posterior.<\/p><p data-start=\"4294\" data-end=\"4449\">Vous pouvez r\u00e9voquer un consentement donn\u00e9 pr\u00e9alablement ou vous opposer aux activit\u00e9s de traitement que SYNERGLASS-SOFT peut envisager dans un cas pr\u00e9cis.<\/p><p data-start=\"4608\" data-end=\"4903\">Si considera que SYNERGLASS-SOFT no trata sus datos personales de conformidad con la presente declaraci\u00f3n de privacidad o con la legislaci\u00f3n aplicable en materia de protecci\u00f3n de datos, tiene derecho a presentar una reclamaci\u00f3n ante una autoridad de control competente.<\/p>\t\t\t\t\t\t\t\t<\/div>\n\t\t\t\t<div class=\"elementor-element elementor-element-fac42bb elementor-widget elementor-widget-heading\" data-id=\"fac42bb\" data-element_type=\"widget\" data-widget_type=\"heading.default\">\n\t\t\t\t\t<h2 class=\"elementor-heading-title elementor-size-default\">5. Reglamento General de Protecci\u00f3n de Datos (RGPD)<\/h2>\t\t\t\t<\/div>\n\t\t\t\t<div class=\"elementor-element elementor-element-b2c64d5 elementor-widget elementor-widget-text-editor\" data-id=\"b2c64d5\" data-element_type=\"widget\" data-widget_type=\"text-editor.default\">\n\t\t\t\t\t\t\t\t\t<p>Synerglass-Soft es una empresa de desarrollo de software que respeta la privacidad de sus usuarios y protege sus datos personales de conformidad con los requisitos del Reglamento General de Protecci\u00f3n de Datos (RGPD) (Reglamento (UE) 2016\/679).<\/p>\t\t\t\t\t\t\t\t<\/div>\n\t\t\t\t<div class=\"elementor-element elementor-element-6c0615d elementor-widget elementor-widget-heading\" data-id=\"6c0615d\" data-element_type=\"widget\" data-widget_type=\"heading.default\">\n\t\t\t\t\t<h2 class=\"elementor-heading-title elementor-size-default\">5.1. Responsable del tratamiento de datos<\/h2>\t\t\t\t<\/div>\n\t\t\t\t<div class=\"elementor-element elementor-element-935f25e elementor-widget elementor-widget-text-editor\" data-id=\"935f25e\" data-element_type=\"widget\" data-widget_type=\"text-editor.default\">\n\t\t\t\t\t\t\t\t\t<p>Synerglass-Soft es responsable del tratamiento de los datos personales de los usuarios de sus aplicaciones. Los datos de contacto de la empresa son los siguientes: <\/p><p>Nombre: Synerglass-Soft SA<\/p><p>Direcci\u00f3n registrada: Z.I. Damr\u00e9, rue des Spinettes 7, 4140 Sprimont, Belgique<\/p><p>Tel\u00e9fono: +32 (0)4 247 63 50<\/p><p>E-mail: <a href=\"mailto:info@synerglass-soft.com\">info@synerglass-soft.com<\/a><\/p>\t\t\t\t\t\t\t\t<\/div>\n\t\t\t\t<div class=\"elementor-element elementor-element-86c27c4 elementor-widget elementor-widget-heading\" data-id=\"86c27c4\" data-element_type=\"widget\" data-widget_type=\"heading.default\">\n\t\t\t\t\t<h2 class=\"elementor-heading-title elementor-size-default\">5.2. Recopilaci\u00f3n de datos personales<\/h2>\t\t\t\t<\/div>\n\t\t\t\t<div class=\"elementor-element elementor-element-4e2e172 elementor-widget elementor-widget-text-editor\" data-id=\"4e2e172\" data-element_type=\"widget\" data-widget_type=\"text-editor.default\">\n\t\t\t\t\t\t\t\t\t<p>Synerglass-Soft recopila datos personales con el \u00fanico fin de desarrollar y poner en funcionamiento las funcionalidades del software de conformidad con las especificaciones indicadas en la orden de compra.<\/p><p>Los datos recopilados pueden incluir, entre otros:<\/p><ul><li>Datos de identificaci\u00f3n: nombre, direcci\u00f3n de correo electr\u00f3nico, n\u00famero de tel\u00e9fono, nombre de usuario y contrase\u00f1a.<br><br><\/li><li>Datos de uso: datos sobre el uso de la aplicaci\u00f3n, incluyendo las funciones utilizadas, las p\u00e1ginas visitadas, las acciones realizadas y los errores detectados.<br><br><\/li><li>Datos de localizaci\u00f3n: datos de geolocalizaci\u00f3n del usuario, siempre que este haya dado su consentimiento previo para la recogida de dichos datos.<br><br><\/li><li>Im\u00e1genes: las aplicaciones m\u00f3viles de Synerglass-Soft pueden acceder a la c\u00e1mara del tel\u00e9fono m\u00f3vil del usuario para escanear c\u00f3digos de barras y tomar otras im\u00e1genes relacionadas con la prestaci\u00f3n de los Servicios.<\/li><\/ul>\t\t\t\t\t\t\t\t<\/div>\n\t\t\t\t<\/div>\n\t\t\t\t\t<\/div>\n\t\t\t\t<\/div>\n\t\t\t\t<\/div>\n\t\t","protected":false},"excerpt":{"rendered":"<p>Pol\u00edtica de privacidad (RGPD) 1. Declaraci\u00f3n de privacidad La presente Declaraci\u00f3n de privacidad refleja nuestro compromiso con la protecci\u00f3n de la privacidad y los datos. En este documento se describen nuestras pr\u00e1cticas de gesti\u00f3n de la informaci\u00f3n que puede identificar a una persona de forma directa o indirecta (\u00abDatos personales\u00bb). El objetivo de la pol\u00edtica [&hellip;]<\/p>\n","protected":false},"author":4,"featured_media":0,"parent":0,"menu_order":0,"comment_status":"closed","ping_status":"closed","template":"","meta":{"footnotes":""},"class_list":["post-16803","page","type-page","status-publish","hentry"],"_links":{"self":[{"href":"https:\/\/www.synerglass-soft.com\/es\/wp-json\/wp\/v2\/pages\/16803","targetHints":{"allow":["GET"]}}],"collection":[{"href":"https:\/\/www.synerglass-soft.com\/es\/wp-json\/wp\/v2\/pages"}],"about":[{"href":"https:\/\/www.synerglass-soft.com\/es\/wp-json\/wp\/v2\/types\/page"}],"author":[{"embeddable":true,"href":"https:\/\/www.synerglass-soft.com\/es\/wp-json\/wp\/v2\/users\/4"}],"replies":[{"embeddable":true,"href":"https:\/\/www.synerglass-soft.com\/es\/wp-json\/wp\/v2\/comments?post=16803"}],"version-history":[{"count":2,"href":"https:\/\/www.synerglass-soft.com\/es\/wp-json\/wp\/v2\/pages\/16803\/revisions"}],"predecessor-version":[{"id":17669,"href":"https:\/\/www.synerglass-soft.com\/es\/wp-json\/wp\/v2\/pages\/16803\/revisions\/17669"}],"wp:attachment":[{"href":"https:\/\/www.synerglass-soft.com\/es\/wp-json\/wp\/v2\/media?parent=16803"}],"curies":[{"name":"wp","href":"https:\/\/api.w.org\/{rel}","templated":true}]}}