{"id":16820,"date":"2026-03-30T14:57:21","date_gmt":"2026-03-30T12:57:21","guid":{"rendered":"https:\/\/www.synerglass-soft.com\/solicitar-empleo\/"},"modified":"2026-04-24T14:40:32","modified_gmt":"2026-04-24T12:40:32","slug":"solicitar-empleo","status":"publish","type":"page","link":"https:\/\/www.synerglass-soft.com\/es\/solicitar-empleo\/","title":{"rendered":"Oferta de empleo: Product Owner"},"content":{"rendered":"\t\t<div data-elementor-type=\"wp-page\" data-elementor-id=\"16820\" class=\"elementor elementor-16820 elementor-12155\" data-elementor-post-type=\"page\">\n\t\t\t\t<div class=\"elementor-element elementor-element-c2df16e e-flex e-con-boxed elementor-invisible e-con e-parent\" data-id=\"c2df16e\" data-element_type=\"container\" data-settings=\"{&quot;animation&quot;:&quot;fadeInUp&quot;}\">\n\t\t\t\t\t<div class=\"e-con-inner\">\n\t\t\t\t<div class=\"elementor-element elementor-element-e4fd8c9 elementor-widget-tablet__width-initial elementor-widget-mobile__width-inherit hover-title elementor-widget elementor-widget-heading\" data-id=\"e4fd8c9\" data-element_type=\"widget\" data-settings=\"{&quot;_animation&quot;:&quot;none&quot;}\" data-widget_type=\"heading.default\">\n\t\t\t\t\t<h3 class=\"elementor-heading-title elementor-size-default\">Descripci\u00f3n de la oferta de empleo<\/h3>\t\t\t\t<\/div>\n\t\t\t\t\t<\/div>\n\t\t\t\t<\/div>\n\t\t<div class=\"elementor-element elementor-element-f5e4f02 e-flex e-con-boxed e-con e-parent\" data-id=\"f5e4f02\" data-element_type=\"container\">\n\t\t\t\t\t<div class=\"e-con-inner\">\n\t\t<a class=\"elementor-element elementor-element-49c29cb e-con-full e-transform e-flex elementor-invisible e-con e-child\" data-id=\"49c29cb\" data-element_type=\"container\" data-settings=\"{&quot;animation&quot;:&quot;fadeInUp&quot;,&quot;_transform_translateY_effect_hover&quot;:{&quot;unit&quot;:&quot;px&quot;,&quot;size&quot;:-5,&quot;sizes&quot;:[]},&quot;_transform_translateX_effect_hover&quot;:{&quot;unit&quot;:&quot;px&quot;,&quot;size&quot;:&quot;&quot;,&quot;sizes&quot;:[]},&quot;_transform_translateX_effect_hover_tablet&quot;:{&quot;unit&quot;:&quot;px&quot;,&quot;size&quot;:&quot;&quot;,&quot;sizes&quot;:[]},&quot;_transform_translateX_effect_hover_mobile&quot;:{&quot;unit&quot;:&quot;px&quot;,&quot;size&quot;:&quot;&quot;,&quot;sizes&quot;:[]},&quot;_transform_translateY_effect_hover_tablet&quot;:{&quot;unit&quot;:&quot;px&quot;,&quot;size&quot;:&quot;&quot;,&quot;sizes&quot;:[]},&quot;_transform_translateY_effect_hover_mobile&quot;:{&quot;unit&quot;:&quot;px&quot;,&quot;size&quot;:&quot;&quot;,&quot;sizes&quot;:[]}}\" href=\"#postuler\">\n\t\t\t\t<div class=\"elementor-element elementor-element-99083a7 elementor-widget elementor-widget-heading\" data-id=\"99083a7\" data-element_type=\"widget\" data-widget_type=\"heading.default\">\n\t\t\t\t\t<h3 class=\"elementor-heading-title elementor-size-default\">Product Owner<\/h3>\t\t\t\t<\/div>\n\t\t\t\t<div class=\"elementor-element elementor-element-a8f6054 elementor-widget elementor-widget-text-editor\" data-id=\"a8f6054\" data-element_type=\"widget\" data-widget_type=\"text-editor.default\">\n\t\t\t\t\t\t\t\t\t<p>Buscamos un Product Owner fiable y aut\u00f3nomo para gestionar nuestros productos en el d\u00eda a d\u00eda, desde la definici\u00f3n de las necesidades hasta la entrega. Ser\u00e1s el interlocutor principal entre los equipos internos (desarrollo, soporte, ventas, marketing) y nuestros clientes y clientes potenciales, y velar\u00e1s por la claridad funcional, la coherencia de la UX\/UI, la hoja de ruta y la comunicaci\u00f3n del producto. <\/p>\t\t\t\t\t\t\t\t<\/div>\n\t\t<div class=\"elementor-element elementor-element-f8f176d e-con-full e-flex e-con e-child\" data-id=\"f8f176d\" data-element_type=\"container\">\n\t\t<div class=\"elementor-element elementor-element-9d27bd6 e-con-full e-flex e-con e-child\" data-id=\"9d27bd6\" data-element_type=\"container\">\n\t\t\t\t<div class=\"elementor-element elementor-element-02c502d elementor-position-left elementor-vertical-align-middle elementor-position-left elementor-widget-mobile__width-inherit elementor-widget elementor-widget-image-box\" data-id=\"02c502d\" data-element_type=\"widget\" data-widget_type=\"image-box.default\">\n\t\t\t\t\t<div class=\"elementor-image-box-wrapper\"><figure class=\"elementor-image-box-img\"><img decoding=\"async\" width=\"96\" height=\"96\" src=\"https:\/\/www.synerglass-soft.com\/wp-content\/uploads\/2026\/03\/Adresse-Siegle-social-Synerglass-Soft.png\" class=\"attachment-full size-full wp-image-16492\" alt=\"\" \/><\/figure><div class=\"elementor-image-box-content\"><p class=\"elementor-image-box-title\">In situ<\/p><\/div><\/div>\t\t\t\t<\/div>\n\t\t\t\t<div class=\"elementor-element elementor-element-e9add2f elementor-position-left elementor-vertical-align-middle elementor-position-left elementor-widget-mobile__width-inherit elementor-widget elementor-widget-image-box\" data-id=\"e9add2f\" data-element_type=\"widget\" data-widget_type=\"image-box.default\">\n\t\t\t\t\t<div class=\"elementor-image-box-wrapper\"><figure class=\"elementor-image-box-img\"><img decoding=\"async\" width=\"96\" height=\"96\" src=\"https:\/\/www.synerglass-soft.com\/wp-content\/uploads\/2026\/03\/Planning-planification-agenda.png\" class=\"attachment-full size-full wp-image-14378\" alt=\"\" \/><\/figure><div class=\"elementor-image-box-content\"><p class=\"elementor-image-box-title\">Templos llenos<\/p><\/div><\/div>\t\t\t\t<\/div>\n\t\t<div class=\"elementor-element elementor-element-34abdda e-con-full e-flex e-con e-child\" data-id=\"34abdda\" data-element_type=\"container\">\n\t\t\t\t<div class=\"elementor-element elementor-element-a9bd1b3 elementor-widget elementor-widget-heading\" data-id=\"a9bd1b3\" data-element_type=\"widget\" data-settings=\"{&quot;_animation&quot;:&quot;none&quot;}\" data-widget_type=\"heading.default\">\n\t\t\t\t\t<p class=\"elementor-heading-title elementor-size-default\">Idiomas<\/p>\t\t\t\t<\/div>\n\t\t\t\t<div class=\"elementor-element elementor-element-733d600 elementor-widget__width-initial elementor-widget elementor-widget-image\" data-id=\"733d600\" data-element_type=\"widget\" id=\"review-avatar\" data-widget_type=\"image.default\">\n\t\t\t\t\t\t\t\t\t\t\t\t\t\t\t<img decoding=\"async\" width=\"64\" height=\"64\" src=\"https:\/\/www.synerglass-soft.com\/wp-content\/uploads\/2026\/03\/France-Flag-website.png\" class=\"attachment-large size-large wp-image-16817\" alt=\"\" \/>\t\t\t\t\t\t\t\t\t\t\t\t\t\t\t<\/div>\n\t\t\t\t<div class=\"elementor-element elementor-element-f5ac516 elementor-widget__width-initial elementor-widget elementor-widget-image\" data-id=\"f5ac516\" data-element_type=\"widget\" id=\"review-avatar\" data-widget_type=\"image.default\">\n\t\t\t\t\t\t\t\t\t\t\t\t\t\t\t<img loading=\"lazy\" decoding=\"async\" width=\"64\" height=\"64\" src=\"https:\/\/www.synerglass-soft.com\/wp-content\/uploads\/2026\/03\/Flag_of_United_Kingdom_Flat_Round-64x64-1.png\" class=\"attachment-large size-large wp-image-16818\" alt=\"\" \/>\t\t\t\t\t\t\t\t\t\t\t\t\t\t\t<\/div>\n\t\t\t\t<\/div>\n\t\t\t\t<\/div>\n\t\t<div class=\"elementor-element elementor-element-d7c4c5a e-con-full e-flex e-con e-child\" data-id=\"d7c4c5a\" data-element_type=\"container\">\n\t\t\t\t<div class=\"elementor-element elementor-element-f1408a2 elementor-position-right elementor-vertical-align-middle elementor-position-left elementor-widget-mobile__width-inherit e-transform elementor-vertical-align-bottom elementor-widget elementor-widget-image-box\" data-id=\"f1408a2\" data-element_type=\"widget\" data-settings=\"{&quot;_transform_translateY_effect_hover&quot;:{&quot;unit&quot;:&quot;px&quot;,&quot;size&quot;:-5,&quot;sizes&quot;:[]},&quot;_transform_translateX_effect_hover&quot;:{&quot;unit&quot;:&quot;px&quot;,&quot;size&quot;:&quot;&quot;,&quot;sizes&quot;:[]},&quot;_transform_translateX_effect_hover_tablet&quot;:{&quot;unit&quot;:&quot;px&quot;,&quot;size&quot;:&quot;&quot;,&quot;sizes&quot;:[]},&quot;_transform_translateX_effect_hover_mobile&quot;:{&quot;unit&quot;:&quot;px&quot;,&quot;size&quot;:&quot;&quot;,&quot;sizes&quot;:[]},&quot;_transform_translateY_effect_hover_tablet&quot;:{&quot;unit&quot;:&quot;px&quot;,&quot;size&quot;:&quot;&quot;,&quot;sizes&quot;:[]},&quot;_transform_translateY_effect_hover_mobile&quot;:{&quot;unit&quot;:&quot;px&quot;,&quot;size&quot;:&quot;&quot;,&quot;sizes&quot;:[]}}\" data-widget_type=\"image-box.default\">\n\t\t\t\t\t<div class=\"elementor-image-box-wrapper\"><figure class=\"elementor-image-box-img\"><img loading=\"lazy\" decoding=\"async\" width=\"48\" height=\"48\" src=\"https:\/\/www.synerglass-soft.com\/wp-content\/uploads\/2026\/01\/Fleche-vers-la-droite-menu.png\" class=\"attachment-full size-full wp-image-16819\" alt=\"\" \/><\/figure><div class=\"elementor-image-box-content\"><p class=\"elementor-image-box-title\">Solicitar<\/p><\/div><\/div>\t\t\t\t<\/div>\n\t\t\t\t<\/div>\n\t\t\t\t<\/div>\n\t\t\t\t<\/a>\n\t\t\t\t\t<\/div>\n\t\t\t\t<\/div>\n\t\t<div class=\"elementor-element elementor-element-4de7dd7 e-flex e-con-boxed elementor-invisible e-con e-parent\" data-id=\"4de7dd7\" data-element_type=\"container\" data-settings=\"{&quot;animation&quot;:&quot;fadeInUp&quot;}\">\n\t\t\t\t\t<div class=\"e-con-inner\">\n\t\t\t\t<div class=\"elementor-element elementor-element-7177189 elementor-widget elementor-widget-heading\" data-id=\"7177189\" data-element_type=\"widget\" data-widget_type=\"heading.default\">\n\t\t\t\t\t<h2 class=\"elementor-heading-title elementor-size-default\">Responsabilidades<\/h2>\t\t\t\t<\/div>\n\t\t\t\t<div class=\"elementor-element elementor-element-429142b elementor-widget-tablet__width-initial elementor-widget-mobile__width-inherit elementor-widget elementor-widget-heading\" data-id=\"429142b\" data-element_type=\"widget\" data-settings=\"{&quot;_animation&quot;:&quot;none&quot;}\" data-widget_type=\"heading.default\">\n\t\t\t\t\t<h3 class=\"elementor-heading-title elementor-size-default\">Gesti\u00f3n de productos<\/h3>\t\t\t\t<\/div>\n\t\t\t\t<div class=\"elementor-element elementor-element-217af2b elementor-widget elementor-widget-text-editor\" data-id=\"217af2b\" data-element_type=\"widget\" data-widget_type=\"text-editor.default\">\n\t\t\t\t\t\t\t\t\t<ul><li>Gestionar todo el ciclo de vida del producto: descubrimiento, definici\u00f3n del alcance, establecimiento de prioridades, entrega y mejora continua.<\/li><li>Traducir la estrategia de producto (definida junto con el jefe de producto) en iniciativas concretas y viables.<\/li><li>Colaborar en la elaboraci\u00f3n de la hoja de ruta junto con el jefe de producto y garantizar su ejecuci\u00f3n dentro del alcance definido (priorizaci\u00f3n, divisi\u00f3n y secuenciaci\u00f3n del backlog).<\/li><li>Hacer un seguimiento de los indicadores de rendimiento (adopci\u00f3n, satisfacci\u00f3n, impacto comercial).<\/li><\/ul>\t\t\t\t\t\t\t\t<\/div>\n\t\t\t\t<div class=\"elementor-element elementor-element-1ce710e elementor-widget-tablet__width-initial elementor-widget-mobile__width-inherit elementor-widget elementor-widget-heading\" data-id=\"1ce710e\" data-element_type=\"widget\" data-settings=\"{&quot;_animation&quot;:&quot;none&quot;}\" data-widget_type=\"heading.default\">\n\t\t\t\t\t<h3 class=\"elementor-heading-title elementor-size-default\">An\u00e1lisis funcional y calidad de la entregaGesti\u00f3n de productos<\/h3>\t\t\t\t<\/div>\n\t\t\t\t<div class=\"elementor-element elementor-element-0e1acf0 elementor-widget elementor-widget-text-editor\" data-id=\"0e1acf0\" data-element_type=\"widget\" data-widget_type=\"text-editor.default\">\n\t\t\t\t\t\t\t\t\t<ul><li>Dirigir, validar y cuestionar los an\u00e1lisis funcionales (procesos, reglas de negocio, flujos, casos l\u00edmite).<\/li><li>Redactar o perfeccionar las historias de usuario, los criterios de aceptaci\u00f3n y los requisitos no funcionales.<\/li><li>Validar las interfaces desde el punto de vista del producto (UX\/UI): coherencia funcional, facilidad de uso y adecuaci\u00f3n a las necesidades del producto.<\/li><li>Organizar y dirigir los procesos de validaci\u00f3n: mejoras, revisiones del backlog, demostraciones y pruebas de aceptaci\u00f3n del usuario (UAT).<\/li><\/ul>\t\t\t\t\t\t\t\t<\/div>\n\t\t\t\t<div class=\"elementor-element elementor-element-6c59392 elementor-widget-tablet__width-initial elementor-widget-mobile__width-inherit elementor-widget elementor-widget-heading\" data-id=\"6c59392\" data-element_type=\"widget\" data-settings=\"{&quot;_animation&quot;:&quot;none&quot;}\" data-widget_type=\"heading.default\">\n\t\t\t\t\t<h3 class=\"elementor-heading-title elementor-size-default\">Clientes y clientes potenciales<\/h3>\t\t\t\t<\/div>\n\t\t\t\t<div class=\"elementor-element elementor-element-27c66a5 elementor-widget elementor-widget-text-editor\" data-id=\"27c66a5\" data-element_type=\"widget\" data-widget_type=\"text-editor.default\">\n\t\t\t\t\t\t\t\t\t<ul><li>Organizar talleres para definir el alcance: recopilar los requisitos detallados, reformularlos y priorizarlos.<\/li><li>Prestar apoyo al equipo comercial durante las demostraciones de productos y las sesiones de preguntas y respuestas. Realizar el seguimiento operativo de los asuntos relacionados con los productos directamente con los clientes: comprender el contexto, proponer soluciones y hacer un seguimiento de los compromisos hasta su finalizaci\u00f3n. <\/li><\/ul>\t\t\t\t\t\t\t\t<\/div>\n\t\t\t\t<div class=\"elementor-element elementor-element-bb3852c elementor-widget-tablet__width-initial elementor-widget-mobile__width-inherit elementor-widget elementor-widget-heading\" data-id=\"bb3852c\" data-element_type=\"widget\" data-settings=\"{&quot;_animation&quot;:&quot;none&quot;}\" data-widget_type=\"heading.default\">\n\t\t\t\t\t<h3 class=\"elementor-heading-title elementor-size-default\">Comunicaci\u00f3n y contenido del producto<\/h3>\t\t\t\t<\/div>\n\t\t\t\t<div class=\"elementor-element elementor-element-0f51293 elementor-widget elementor-widget-text-editor\" data-id=\"0f51293\" data-element_type=\"widget\" data-widget_type=\"text-editor.default\">\n\t\t\t\t\t\t\t\t\t<ul><li>Crear y actualizar los materiales de comunicaci\u00f3n sobre los productos: presentaciones, res\u00famenes y herramientas de apoyo a la venta.<\/li><li>Elaborar mensajes que se ajusten a la estrategia de producto (ventajas, diferenciaci\u00f3n, limitaciones, pr\u00f3ximos pasos).<\/li><\/ul>\t\t\t\t\t\t\t\t<\/div>\n\t\t\t\t<div class=\"elementor-element elementor-element-e78a2f0 elementor-widget-tablet__width-initial elementor-widget-mobile__width-inherit elementor-widget elementor-widget-heading\" data-id=\"e78a2f0\" data-element_type=\"widget\" data-settings=\"{&quot;_animation&quot;:&quot;none&quot;}\" data-widget_type=\"heading.default\">\n\t\t\t\t\t<h3 class=\"elementor-heading-title elementor-size-default\">M\u00e9todos \u00e1giles\/Scrum<\/h3>\t\t\t\t<\/div>\n\t\t\t\t<div class=\"elementor-element elementor-element-a2a0869 elementor-widget elementor-widget-text-editor\" data-id=\"a2a0869\" data-element_type=\"widget\" data-widget_type=\"text-editor.default\">\n\t\t\t\t\t\t\t\t\t<ul><li>Trabajar con el m\u00e9todo \u00e1gil\/Scrum: gesti\u00f3n del backlog, establecimiento de prioridades, planificaci\u00f3n y reuniones de sprint.<\/li><li>Colaborar estrechamente con los equipos de desarrollo para maximizar el valor a\u00f1adido y minimizar los malentendidos.<\/li><\/ul>\t\t\t\t\t\t\t\t<\/div>\n\t\t\t\t<div class=\"elementor-element elementor-element-30c5b45 elementor-widget-tablet__width-initial elementor-widget-mobile__width-inherit elementor-widget elementor-widget-heading\" data-id=\"30c5b45\" data-element_type=\"widget\" data-settings=\"{&quot;_animation&quot;:&quot;none&quot;}\" data-widget_type=\"heading.default\">\n\t\t\t\t\t<h3 class=\"elementor-heading-title elementor-size-default\">Herramientas<\/h3>\t\t\t\t<\/div>\n\t\t\t\t<div class=\"elementor-element elementor-element-8cfad6f elementor-widget elementor-widget-text-editor\" data-id=\"8cfad6f\" data-element_type=\"widget\" data-widget_type=\"text-editor.default\">\n\t\t\t\t\t\t\t\t\t<ul><li>Jira: backlog, sprints, tickets, informes<\/li><li>Confluence: documentaci\u00f3n, especificaciones, decisiones, actas de reuniones<\/li><\/ul>\t\t\t\t\t\t\t\t<\/div>\n\t\t\t\t\t<\/div>\n\t\t\t\t<\/div>\n\t\t<div class=\"elementor-element elementor-element-4033d0b e-flex e-con-boxed elementor-invisible e-con e-parent\" data-id=\"4033d0b\" data-element_type=\"container\" data-settings=\"{&quot;animation&quot;:&quot;fadeInUp&quot;}\">\n\t\t\t\t\t<div class=\"e-con-inner\">\n\t\t\t\t<div class=\"elementor-element elementor-element-beed3c1 elementor-widget elementor-widget-heading\" data-id=\"beed3c1\" data-element_type=\"widget\" data-widget_type=\"heading.default\">\n\t\t\t\t\t<h2 class=\"elementor-heading-title elementor-size-default\">Perfil<\/h2>\t\t\t\t<\/div>\n\t\t\t\t<div class=\"elementor-element elementor-element-820b460 elementor-widget-tablet__width-initial elementor-widget-mobile__width-inherit elementor-widget elementor-widget-heading\" data-id=\"820b460\" data-element_type=\"widget\" data-settings=\"{&quot;_animation&quot;:&quot;none&quot;}\" data-widget_type=\"heading.default\">\n\t\t\t\t\t<h3 class=\"elementor-heading-title elementor-size-default\">Experiencia y competencias<\/h3>\t\t\t\t<\/div>\n\t\t\t\t<div class=\"elementor-element elementor-element-9606526 elementor-widget elementor-widget-text-editor\" data-id=\"9606526\" data-element_type=\"widget\" data-widget_type=\"text-editor.default\">\n\t\t\t\t\t\t\t\t\t<ul><li>Al menos 5 a\u00f1os de experiencia demostrada como Product Owner (o en un puesto equivalente: Product Manager orientado a la entrega, analista de negocios).<\/li><li>Excelente capacidad para definir los requisitos y validar los an\u00e1lisis funcionales y los recorridos de los usuarios.<\/li><li>Capacidad para tomar decisiones, establecer prioridades, decir \u00abno\u00bb cuando sea necesario y mantener el rumbo seg\u00fan la hoja de ruta con firmeza y tacto.<\/li><li>Excelentes habilidades de comunicaci\u00f3n (escrita y oral) y gran capacidad para la ense\u00f1anza y la explicaci\u00f3n.<\/li><li>Facilidad para realizar demostraciones de productos e interactuar con los clientes, incluso en situaciones de gran presi\u00f3n.<\/li><li>Requisitos de calidad: especificaciones claras, validaci\u00f3n de la experiencia de usuario, criterios de aceptaci\u00f3n, validaci\u00f3n de extremo a extremo.<\/li><\/ul>\t\t\t\t\t\t\t\t<\/div>\n\t\t\t\t<div class=\"elementor-element elementor-element-857aa0e elementor-widget-tablet__width-initial elementor-widget-mobile__width-inherit elementor-widget elementor-widget-heading\" data-id=\"857aa0e\" data-element_type=\"widget\" data-settings=\"{&quot;_animation&quot;:&quot;none&quot;}\" data-widget_type=\"heading.default\">\n\t\t\t\t\t<h3 class=\"elementor-heading-title elementor-size-default\">Idiomas<\/h3>\t\t\t\t<\/div>\n\t\t\t\t<div class=\"elementor-element elementor-element-26fff1e elementor-widget elementor-widget-text-editor\" data-id=\"26fff1e\" data-element_type=\"widget\" data-widget_type=\"text-editor.default\">\n\t\t\t\t\t\t\t\t\t<ul><li>Se requiere un dominio del franc\u00e9s y del ingl\u00e9s.<\/li><li>Se valorar\u00e1 el dominio del espa\u00f1ol, el italiano o el alem\u00e1n.<\/li><\/ul>\t\t\t\t\t\t\t\t<\/div>\n\t\t\t\t<div class=\"elementor-element elementor-element-8ca50f1 elementor-widget-tablet__width-initial elementor-widget-mobile__width-inherit elementor-widget elementor-widget-heading\" data-id=\"8ca50f1\" data-element_type=\"widget\" data-settings=\"{&quot;_animation&quot;:&quot;none&quot;}\" data-widget_type=\"heading.default\">\n\t\t\t\t\t<h3 class=\"elementor-heading-title elementor-size-default\">Competencias generales requeridas<\/h3>\t\t\t\t<\/div>\n\t\t\t\t<div class=\"elementor-element elementor-element-00a2e52 elementor-widget elementor-widget-text-editor\" data-id=\"00a2e52\" data-element_type=\"widget\" data-widget_type=\"text-editor.default\">\n\t\t\t\t\t\t\t\t\t<ul><li>Fiabilidad y gran sentido de la responsabilidad: contamos contigo para que lleves a cabo tus tareas y cumplas con tus compromisos.<\/li><li>Mente estructurada, pragm\u00e1tica, orientada a los resultados y a la creaci\u00f3n de valor.<\/li><li>Excelentes habilidades interpersonales: capacidad para unir y movilizar a interlocutores de diversa \u00edndole.<\/li><li>Autonom\u00eda, iniciativa y capacidad de previsi\u00f3n.<\/li><\/ul>\t\t\t\t\t\t\t\t<\/div>\n\t\t\t\t\t<\/div>\n\t\t\t\t<\/div>\n\t\t<div class=\"elementor-element elementor-element-7bf5787 e-flex e-con-boxed elementor-invisible e-con e-parent\" data-id=\"7bf5787\" data-element_type=\"container\" data-settings=\"{&quot;animation&quot;:&quot;fadeInUp&quot;}\">\n\t\t\t\t\t<div class=\"e-con-inner\">\n\t\t\t\t<div class=\"elementor-element elementor-element-cb08582 elementor-widget elementor-widget-heading\" data-id=\"cb08582\" data-element_type=\"widget\" data-widget_type=\"heading.default\">\n\t\t\t\t\t<h2 class=\"elementor-heading-title elementor-size-default\">Lo que ofrecemos<\/h2>\t\t\t\t<\/div>\n\t\t\t\t<div class=\"elementor-element elementor-element-8e9afe7 elementor-widget-tablet__width-initial elementor-widget-mobile__width-inherit elementor-widget elementor-widget-heading\" data-id=\"8e9afe7\" data-element_type=\"widget\" data-settings=\"{&quot;_animation&quot;:&quot;none&quot;}\" data-widget_type=\"heading.default\">\n\t\t\t\t\t<h3 class=\"elementor-heading-title elementor-size-default\">Paquete salarial y prestaciones<\/h3>\t\t\t\t<\/div>\n\t\t\t\t<div class=\"elementor-element elementor-element-720e9ef elementor-widget elementor-widget-text-editor\" data-id=\"720e9ef\" data-element_type=\"widget\" data-widget_type=\"text-editor.default\">\n\t\t\t\t\t\t\t\t\t<ul><li>Un contrato indefinido a tiempo completo y la oportunidad de incorporarte a una empresa acogedora y en pleno crecimiento, de tama\u00f1o humano.<\/li><li>Salario acorde con la experiencia, incluyendo prestaciones sociales: posibilidad de disponer de un veh\u00edculo de empresa, vales de comida, seguro de hospitalizaci\u00f3n, flexibilidad en el horario laboral, acceso a la cafeter\u00eda, etc.<\/li><li>Un entorno propicio para el desarrollo profesional de todos.<\/li><\/ul>\t\t\t\t\t\t\t\t<\/div>\n\t\t\t\t\t<\/div>\n\t\t\t\t<\/div>\n\t\t<div class=\"elementor-element elementor-element-5afab14 e-flex e-con-boxed elementor-invisible e-con e-parent\" data-id=\"5afab14\" data-element_type=\"container\" id=\"postuler\" data-settings=\"{&quot;animation&quot;:&quot;fadeInUp&quot;}\">\n\t\t\t\t\t<div class=\"e-con-inner\">\n\t\t\t\t<div class=\"elementor-element elementor-element-2c4bbb7 elementor-widget__width-initial elementor-widget-tablet__width-initial elementor-widget-mobile__width-inherit animated-slow elementor-invisible elementor-widget elementor-widget-heading\" data-id=\"2c4bbb7\" data-element_type=\"widget\" data-settings=\"{&quot;_animation&quot;:&quot;fadeInUp&quot;}\" data-widget_type=\"heading.default\">\n\t\t\t\t\t<h2 class=\"elementor-heading-title elementor-size-default\">Solicitar este puesto<\/h2>\t\t\t\t<\/div>\n\t\t\t\t<div class=\"elementor-element elementor-element-c52c65a elementor-widget elementor-widget-html\" data-id=\"c52c65a\" data-element_type=\"widget\" data-widget_type=\"html.default\">\n\t\t\t\t\t<script src=\"https:\/\/js-eu1.hsforms.net\/forms\/embed\/145754356.js\" defer><\/script>\r\n<div class=\"hs-form-frame\" data-region=\"eu1\" data-form-id=\"8e077f3f-bc5f-4ddc-9aa7-01e53aeaa3df\" data-portal-id=\"145754356\"><\/div>\t\t\t\t<\/div>\n\t\t\t\t\t<\/div>\n\t\t\t\t<\/div>\n\t\t\t\t<\/div>\n\t\t","protected":false},"excerpt":{"rendered":"<p>Descripci\u00f3n de la oferta de empleo Product Owner Buscamos un Product Owner fiable y aut\u00f3nomo para gestionar nuestros productos en el d\u00eda a d\u00eda, desde la definici\u00f3n de las necesidades hasta la entrega. Ser\u00e1s el interlocutor principal entre los equipos internos (desarrollo, soporte, ventas, marketing) y nuestros clientes y clientes potenciales, y velar\u00e1s por la [&hellip;]<\/p>\n","protected":false},"author":3,"featured_media":0,"parent":0,"menu_order":0,"comment_status":"closed","ping_status":"closed","template":"","meta":{"footnotes":""},"class_list":["post-16820","page","type-page","status-publish","hentry"],"_links":{"self":[{"href":"https:\/\/www.synerglass-soft.com\/es\/wp-json\/wp\/v2\/pages\/16820","targetHints":{"allow":["GET"]}}],"collection":[{"href":"https:\/\/www.synerglass-soft.com\/es\/wp-json\/wp\/v2\/pages"}],"about":[{"href":"https:\/\/www.synerglass-soft.com\/es\/wp-json\/wp\/v2\/types\/page"}],"author":[{"embeddable":true,"href":"https:\/\/www.synerglass-soft.com\/es\/wp-json\/wp\/v2\/users\/3"}],"replies":[{"embeddable":true,"href":"https:\/\/www.synerglass-soft.com\/es\/wp-json\/wp\/v2\/comments?post=16820"}],"version-history":[{"count":4,"href":"https:\/\/www.synerglass-soft.com\/es\/wp-json\/wp\/v2\/pages\/16820\/revisions"}],"predecessor-version":[{"id":18361,"href":"https:\/\/www.synerglass-soft.com\/es\/wp-json\/wp\/v2\/pages\/16820\/revisions\/18361"}],"wp:attachment":[{"href":"https:\/\/www.synerglass-soft.com\/es\/wp-json\/wp\/v2\/media?parent=16820"}],"curies":[{"name":"wp","href":"https:\/\/api.w.org\/{rel}","templated":true}]}}