{"id":14615,"date":"2026-04-13T15:29:25","date_gmt":"2026-04-13T13:29:25","guid":{"rendered":"https:\/\/www.synerglass-soft.com\/?page_id=14615"},"modified":"2026-04-23T15:46:53","modified_gmt":"2026-04-23T13:46:53","slug":"politique-de-confidentialite-rgpd","status":"publish","type":"page","link":"https:\/\/www.synerglass-soft.com\/fr\/politique-de-confidentialite-rgpd\/","title":{"rendered":"Legal Page &#8211; Politique de confidentialit\u00e9"},"content":{"rendered":"\t\t<div data-elementor-type=\"wp-page\" data-elementor-id=\"14615\" class=\"elementor elementor-14615\" data-elementor-post-type=\"page\">\n\t\t\t\t<div class=\"elementor-element elementor-element-4cf53e1 e-flex e-con-boxed e-con e-parent\" data-id=\"4cf53e1\" data-element_type=\"container\" data-settings=\"{&quot;background_background&quot;:&quot;classic&quot;}\">\n\t\t\t\t\t<div class=\"e-con-inner\">\n\t\t<div class=\"elementor-element elementor-element-cdb0b85 e-con-full e-flex e-con e-child\" data-id=\"cdb0b85\" data-element_type=\"container\" data-settings=\"{&quot;background_background&quot;:&quot;classic&quot;}\">\n\t\t\t\t<div class=\"elementor-element elementor-element-4717af8 elementor-widget__width-initial elementor-widget-tablet__width-initial elementor-widget-mobile__width-initial hover-title elementor-invisible elementor-widget elementor-widget-heading\" data-id=\"4717af8\" data-element_type=\"widget\" data-settings=\"{&quot;_animation&quot;:&quot;fadeInUp&quot;}\" data-widget_type=\"heading.default\">\n\t\t\t\t\t<h1 class=\"elementor-heading-title elementor-size-default\">Politique de confidentialit\u00e9 (RGPD)<\/h1>\t\t\t\t<\/div>\n\t\t\t\t<div class=\"elementor-element elementor-element-96b2f72 elementor-invisible elementor-widget elementor-widget-post-info\" data-id=\"96b2f72\" data-element_type=\"widget\" data-settings=\"{&quot;_animation&quot;:&quot;fadeInUp&quot;}\" data-widget_type=\"post-info.default\">\n\t\t\t\t\t\t\t<ul class=\"elementor-inline-items elementor-icon-list-items elementor-post-info\">\n\t\t\t\t\t\t\t\t<li class=\"elementor-icon-list-item elementor-repeater-item-44b3136 elementor-inline-item\" itemprop=\"datePublished\">\n\t\t\t\t\t\t<a href=\"https:\/\/www.synerglass-soft.com\/fr\/2026\/04\/13\/\">\n\t\t\t\t\t\t\t\t\t\t\t<span class=\"elementor-icon-list-icon\">\n\t\t\t\t\t\t\t\t<svg xmlns=\"http:\/\/www.w3.org\/2000\/svg\" viewBox=\"0,0,256,256\" width=\"24px\" height=\"24px\" fill-rule=\"nonzero\"><g transform=\"scale(10.66667,10.66667)\"><rect x=\"2\" y=\"3\" width=\"20\" height=\"19\" rx=\"3\" ry=\"3\" fill=\"#BCD9FF\" opacity=\"0.5\"><\/rect><rect x=\"2\" y=\"3\" width=\"20\" height=\"19\" rx=\"3\" ry=\"3\" fill=\"none\" stroke=\"#5CA3FF\" stroke-width=\"1.5\"><\/rect><rect x=\"2\" y=\"3\" width=\"20\" height=\"5\" rx=\"3\" ry=\"3\" fill=\"#5CA3FF\"><\/rect><rect x=\"2\" y=\"6\" width=\"20\" height=\"2\" fill=\"#5CA3FF\"><\/rect><line x1=\"7\" y1=\"1.5\" x2=\"7\" y2=\"5\" stroke=\"#5CA3FF\" stroke-width=\"1.5\" stroke-linecap=\"round\"><\/line><line x1=\"17\" y1=\"1.5\" x2=\"17\" y2=\"5\" stroke=\"#5CA3FF\" stroke-width=\"1.5\" stroke-linecap=\"round\"><\/line><rect x=\"5\" y=\"11\" width=\"2\" height=\"2\" rx=\"0.5\" fill=\"#F0F6FF\"><\/rect><rect x=\"9\" y=\"11\" width=\"2\" height=\"2\" rx=\"0.5\" fill=\"#F0F6FF\"><\/rect><rect x=\"13\" y=\"11\" width=\"2\" height=\"2\" rx=\"0.5\" fill=\"#F0F6FF\"><\/rect><rect x=\"17\" y=\"11\" width=\"2\" height=\"2\" rx=\"0.5\" fill=\"#F0F6FF\"><\/rect><rect x=\"5\" y=\"15\" width=\"2\" height=\"2\" rx=\"0.5\" fill=\"#F0F6FF\"><\/rect><rect x=\"9\" y=\"15\" width=\"2\" height=\"2\" rx=\"0.5\" fill=\"#F0F6FF\"><\/rect><rect x=\"13\" y=\"15\" width=\"2\" height=\"2\" rx=\"0.5\" fill=\"#F0F6FF\"><\/rect><rect x=\"17\" y=\"15\" width=\"2\" height=\"2\" rx=\"0.5\" fill=\"#F0F6FF\"><\/rect><\/g><\/svg>\t\t\t\t\t\t\t<\/span>\n\t\t\t\t\t\t\t\t\t<span class=\"elementor-icon-list-text elementor-post-info__item elementor-post-info__item--type-date\">\n\t\t\t\t\t\t\t\t\t\t<time>avril 13, 2026<\/time>\t\t\t\t\t<\/span>\n\t\t\t\t\t\t\t\t\t<\/a>\n\t\t\t\t<\/li>\n\t\t\t\t<\/ul>\n\t\t\t\t\t\t<\/div>\n\t\t\t\t<div class=\"elementor-element elementor-element-ff4caf9 elementor-invisible elementor-widget elementor-widget-image\" data-id=\"ff4caf9\" data-element_type=\"widget\" data-settings=\"{&quot;_animation&quot;:&quot;fadeInUp&quot;}\" data-widget_type=\"image.default\">\n\t\t\t\t\t\t\t\t\t\t\t\t\t\t\t<img fetchpriority=\"high\" decoding=\"async\" width=\"800\" height=\"181\" src=\"https:\/\/www.synerglass-soft.com\/wp-content\/uploads\/2026\/02\/Asset-1@1x.png\" class=\"attachment-large size-large wp-image-7121\" alt=\"\" \/>\t\t\t\t\t\t\t\t\t\t\t\t\t\t\t<\/div>\n\t\t\t\t<\/div>\n\t\t\t\t\t<\/div>\n\t\t\t\t<\/div>\n\t\t<div class=\"elementor-element elementor-element-69ecb8c e-flex e-con-boxed e-con e-parent\" data-id=\"69ecb8c\" data-element_type=\"container\">\n\t\t\t\t\t<div class=\"e-con-inner\">\n\t\t<div class=\"elementor-element elementor-element-23c10c8 e-con-full e-flex e-con e-child\" data-id=\"23c10c8\" data-element_type=\"container\">\n\t\t\t\t<div class=\"elementor-element elementor-element-58ccaf4 elementor-hidden-tablet elementor-hidden-mobile elementor-widget elementor-widget-table-of-contents\" data-id=\"58ccaf4\" data-element_type=\"widget\" data-settings=\"{&quot;headings_by_tags&quot;:[&quot;h2&quot;],&quot;exclude_headings_by_selector&quot;:[],&quot;marker_view&quot;:&quot;bullets&quot;,&quot;icon&quot;:{&quot;value&quot;:&quot;&quot;,&quot;library&quot;:&quot;&quot;},&quot;no_headings_message&quot;:&quot;Aucun titre n\\u2019a \\u00e9t\\u00e9 trouv\\u00e9 sur cette page.&quot;,&quot;sticky&quot;:&quot;top&quot;,&quot;sticky_parent&quot;:&quot;yes&quot;,&quot;_animation&quot;:&quot;none&quot;,&quot;hierarchical_view&quot;:&quot;yes&quot;,&quot;min_height&quot;:{&quot;unit&quot;:&quot;px&quot;,&quot;size&quot;:&quot;&quot;,&quot;sizes&quot;:[]},&quot;min_height_tablet&quot;:{&quot;unit&quot;:&quot;px&quot;,&quot;size&quot;:&quot;&quot;,&quot;sizes&quot;:[]},&quot;min_height_mobile&quot;:{&quot;unit&quot;:&quot;px&quot;,&quot;size&quot;:&quot;&quot;,&quot;sizes&quot;:[]},&quot;sticky_on&quot;:[&quot;desktop&quot;,&quot;tablet&quot;,&quot;mobile&quot;],&quot;sticky_offset&quot;:0,&quot;sticky_effects_offset&quot;:0,&quot;sticky_anchor_link_offset&quot;:0}\" data-widget_type=\"table-of-contents.default\">\n\t\t\t\t\t\t\t\t\t<div id=\"elementor-toc__58ccaf4\" class=\"elementor-toc__body\">\n\t\t\t<div class=\"elementor-toc__spinner-container\">\n\t\t\t\t<svg class=\"elementor-toc__spinner eicon-animation-spin e-font-icon-svg e-eicon-loading\" aria-hidden=\"true\" viewBox=\"0 0 1000 1000\" xmlns=\"http:\/\/www.w3.org\/2000\/svg\"><path d=\"M500 975V858C696 858 858 696 858 500S696 142 500 142 142 304 142 500H25C25 237 238 25 500 25S975 237 975 500 763 975 500 975Z\"><\/path><\/svg>\t\t\t<\/div>\n\t\t<\/div>\n\t\t\t\t\t\t<\/div>\n\t\t\t\t<\/div>\n\t\t<div class=\"elementor-element elementor-element-426d94a e-con-full e-flex e-con e-child\" data-id=\"426d94a\" data-element_type=\"container\">\n\t\t\t\t<div class=\"elementor-element elementor-element-b5499b9 elementor-widget elementor-widget-heading\" data-id=\"b5499b9\" data-element_type=\"widget\" data-widget_type=\"heading.default\">\n\t\t\t\t\t<h2 class=\"elementor-heading-title elementor-size-default\">1. D\u00e9claration de confidentialit\u00e9<\/h2>\t\t\t\t<\/div>\n\t\t\t\t<div class=\"elementor-element elementor-element-d21fd23 elementor-widget elementor-widget-text-editor\" data-id=\"d21fd23\" data-element_type=\"widget\" data-widget_type=\"text-editor.default\">\n\t\t\t\t\t\t\t\t\t<p data-start=\"35\" data-end=\"343\">La pr\u00e9sente D\u00e9claration de confidentialit\u00e9 comme un reflet de notre engagement vis-\u00e0-vis de la protection de la vie priv\u00e9e et des donn\u00e9es. Le pr\u00e9sent document expose nos pratiques de gestion des informations pouvant identifier une personne de mani\u00e8re directe ou indirecte (\u00ab Donn\u00e9es \u00e0 caract\u00e8re personnel \u00bb).<\/p><p data-start=\"345\" data-end=\"627\">La d\u00e9claration de confidentialit\u00e9 vise \u00e0 expliquer quelles sont les Donn\u00e9es \u00e0 caract\u00e8re personnel trait\u00e9es par SYNERGLASS-SOFT, qui utilise vos Donn\u00e9es \u00e0 caract\u00e8re personnel, \u00e0 quelle(s) fin(s), pendant combien de temps, et quels sont les droits dont vous disposez dans ce contexte.<\/p>\t\t\t\t\t\t\t\t<\/div>\n\t\t\t\t<div class=\"elementor-element elementor-element-2cf7d09 elementor-widget elementor-widget-heading\" data-id=\"2cf7d09\" data-element_type=\"widget\" data-widget_type=\"heading.default\">\n\t\t\t\t\t<h2 class=\"elementor-heading-title elementor-size-default\">2. Collecte des donn\u00e9es<\/h2>\t\t\t\t<\/div>\n\t\t\t\t<div class=\"elementor-element elementor-element-e2022f0 elementor-widget elementor-widget-text-editor\" data-id=\"e2022f0\" data-element_type=\"widget\" data-widget_type=\"text-editor.default\">\n\t\t\t\t\t\t\t\t\t<p data-start=\"654\" data-end=\"916\">SYNERGLASS-SOFT traite des informations, y compris des Donn\u00e9es \u00e0 caract\u00e8re personnel relatives aux utilisateurs des Services Synerglass-Soft, \u00e0 l\u2019aide de cookies ou de technologies similaires aux fins d\u00e9finies dans la D\u00e9claration relative aux Cookies ci-dessous.<\/p><p data-start=\"918\" data-end=\"1058\">SYNERGLASS-SOFT peut collecter diff\u00e9rents types de Donn\u00e9es \u00e0 caract\u00e8re personnel vous concernant dans le cadre de ses activit\u00e9s, notamment :<\/p>\t\t\t\t\t\t\t\t<\/div>\n\t\t\t\t<div class=\"elementor-element elementor-element-af77e97 elementor-widget elementor-widget-heading\" data-id=\"af77e97\" data-element_type=\"widget\" data-widget_type=\"heading.default\">\n\t\t\t\t\t<h2 class=\"elementor-heading-title elementor-size-default\">2.1. Types de donn\u00e9es collect\u00e9es<\/h2>\t\t\t\t<\/div>\n\t\t\t\t<div class=\"elementor-element elementor-element-ad7dfc0 elementor-widget elementor-widget-text-editor\" data-id=\"ad7dfc0\" data-element_type=\"widget\" data-widget_type=\"text-editor.default\">\n\t\t\t\t\t\t\t\t\t<p>\u2022 coordonn\u00e9es personnelles ;<br \/><br data-start=\"1121\" data-end=\"1124\" \/>\u2022 les donn\u00e9es \u00e0 caract\u00e8re personnel li\u00e9es \u00e0 votre relation commerciale avec SYNERGLASS-SOFT ou \u00e0 celle de votre employeur ;<br \/><br data-start=\"1247\" data-end=\"1250\" \/>\u2022 les donn\u00e9es \u00e0 caract\u00e8re personnel que SYNERGLASS-SOFT doit collecter \u00e0 des fins l\u00e9gales et de conformit\u00e9 ;<br \/><br data-start=\"1358\" data-end=\"1361\" \/>\u2022 les donn\u00e9es d\u2019utilisation, d\u2019inscription et de participation personnelles que SYNERGLASS-SOFT peut g\u00e9n\u00e9rer au fil de votre utilisation de ses offres Web et en ligne ;<br \/><br data-start=\"1529\" data-end=\"1532\" \/>\u2022 les cat\u00e9gories sp\u00e9ciales de donn\u00e9es \u00e0 caract\u00e8re personnel ;<br \/><br data-start=\"1593\" data-end=\"1596\" \/>\u2022 les donn\u00e9es \u00e0 caract\u00e8re personnel li\u00e9es aux applications ;<br \/><br data-start=\"1656\" data-end=\"1659\" \/>\u2022 les donn\u00e9es \u00e0 caract\u00e8re personnel que SYNERGLASS-SOFT peut recevoir de la part de tiers;<br \/><br data-start=\"1749\" data-end=\"1752\" \/>\u2022 les donn\u00e9es \u00e0 caract\u00e8re personnel dont SYNERGLASS-SOFT a besoin pour garantir votre satisfaction et celle de votre employeur \u00e0 l\u2019\u00e9gard de nos produits, services et offres.<br \/><br \/><\/p>\t\t\t\t\t\t\t\t<\/div>\n\t\t\t\t<div class=\"elementor-element elementor-element-f155ee9 elementor-widget elementor-widget-heading\" data-id=\"f155ee9\" data-element_type=\"widget\" data-widget_type=\"heading.default\">\n\t\t\t\t\t<h2 class=\"elementor-heading-title elementor-size-default\">3. Utilisation des donn\u00e9es<\/h2>\t\t\t\t<\/div>\n\t\t\t\t<div class=\"elementor-element elementor-element-a72624d elementor-widget elementor-widget-text-editor\" data-id=\"a72624d\" data-element_type=\"widget\" data-widget_type=\"text-editor.default\">\n\t\t\t\t\t\t\t\t\t<p data-start=\"654\" data-end=\"916\">SYNERGLASS-SOFT traite vos Donn\u00e9es \u00e0 caract\u00e8re personnel pour :<\/p>\t\t\t\t\t\t\t\t<\/div>\n\t\t\t\t<div class=\"elementor-element elementor-element-c21a0e6 elementor-widget elementor-widget-heading\" data-id=\"c21a0e6\" data-element_type=\"widget\" data-widget_type=\"heading.default\">\n\t\t\t\t\t<h2 class=\"elementor-heading-title elementor-size-default\">3.1. Finalit\u00e9s du traitement<\/h2>\t\t\t\t<\/div>\n\t\t\t\t<div class=\"elementor-element elementor-element-ea37002 elementor-widget elementor-widget-text-editor\" data-id=\"ea37002\" data-element_type=\"widget\" data-widget_type=\"text-editor.default\">\n\t\t\t\t\t\t\t\t\t<p data-start=\"654\" data-end=\"916\">\u2022 entretenir ses relations commerciales avec vous, votre employeur ou les clients de votre employeur, notamment en garantissant votre satisfaction \u00e0 l\u2019\u00e9gard de nos produits et services et en vous tenant inform\u00e9 des derni\u00e8res nouveaut\u00e9s ;<br \/><br data-start=\"2286\" data-end=\"2289\" \/>\u2022 d\u00e9velopper et vous proposer ses produits logiciels, ses services Cloud et d\u2019autres services ;<br \/><br data-start=\"2384\" data-end=\"2387\" \/>\u2022 prot\u00e9ger la qualit\u00e9 et la s\u00e9curit\u00e9 de ses locaux, installations, produits ou services ;<br \/><br data-start=\"2476\" data-end=\"2479\" \/>\u2022 s\u00e9curiser et, si n\u00e9cessaire, d\u00e9fendre ses actifs juridiques prot\u00e9g\u00e9s contre les attaques ill\u00e9gales, faire valoir nos droits ou d\u00e9fendre SYNERGLASS-SOFT contre toute action en justice ;<br \/><br data-start=\"2665\" data-end=\"2668\" \/>\u2022 garantir la conformit\u00e9 aux lois et r\u00e9glementations l\u00e9gales applicables \u00e0 SYNERGLASS-SOFT ;<br \/><br data-start=\"2760\" data-end=\"2763\" \/>\u2022 g\u00e9rer des pages Internet, des offres Web ou d\u2019autres \u00e9v\u00e9nements en ligne de SYNERGLASS-SOFT, y compris l\u2019analyse du comportement des utilisateurs, ce qui vous permet de cr\u00e9er un profil utilisateur, de tirer parti d\u2019un service de gestion d\u2019identit\u00e9, et de promouvoir et d\u2019am\u00e9liorer continuellement votre exp\u00e9rience utilisateur ;<br \/><br data-start=\"3092\" data-end=\"3095\" \/>\u2022 trouver votre profil lors de recherches de talents potentiels pour SYNERGLASS-SOFT ;<br \/><br data-start=\"3181\" data-end=\"3184\" \/>\u2022 les transf\u00e9rer \u00e0 des destinataires tels que d\u2019autres entit\u00e9s du Groupe SYNERGLASS-SOFT, des prestataires de services tiers, des partenaires SYNERGLASS-SOFT et autres.<br \/><br \/><\/p>\t\t\t\t\t\t\t\t<\/div>\n\t\t\t\t<div class=\"elementor-element elementor-element-018a993 elementor-widget elementor-widget-heading\" data-id=\"018a993\" data-element_type=\"widget\" data-widget_type=\"heading.default\">\n\t\t\t\t\t<h2 class=\"elementor-heading-title elementor-size-default\">4. Vos droits<\/h2>\t\t\t\t<\/div>\n\t\t\t\t<div class=\"elementor-element elementor-element-3f1219f elementor-widget elementor-widget-text-editor\" data-id=\"3f1219f\" data-element_type=\"widget\" data-widget_type=\"text-editor.default\">\n\t\t\t\t\t\t\t\t\t<p data-start=\"3887\" data-end=\"4145\">Quels sont vos droits en mati\u00e8re de protection des donn\u00e9es ? Vous avez le droit de demander \u00e0 SYNERGLASS-SOFT la possibilit\u00e9 d\u2019acc\u00e9der \u00e0 vos Donn\u00e9es \u00e0 caract\u00e8re personnel et\/ou la correction, restitution ou suppression desdites Donn\u00e9es \u00e0 caract\u00e8re personnel.<\/p><p data-start=\"4147\" data-end=\"4292\">Vous pouvez demander \u00e0 SYNERGLASS-SOFT de restreindre l\u2019acc\u00e8s \u00e0 vos Donn\u00e9es \u00e0 caract\u00e8re personnel ou de les exclure de tout traitement ult\u00e9rieur.<\/p><p data-start=\"4294\" data-end=\"4449\">Vous pouvez r\u00e9voquer un consentement donn\u00e9 pr\u00e9alablement ou vous opposer aux activit\u00e9s de traitement que SYNERGLASS-SOFT peut envisager dans un cas pr\u00e9cis.<\/p><p data-start=\"4608\" data-end=\"4903\">Si vous pensez que SYNERGLASS-SOFT ne traite pas vos Donn\u00e9es \u00e0 caract\u00e8re personnel conform\u00e9ment \u00e0 la pr\u00e9sente d\u00e9claration de confidentialit\u00e9 ou aux lois applicables en mati\u00e8re de protection des donn\u00e9es, vous \u00eates en droit de formuler une r\u00e9clamation aupr\u00e8s d\u2019une autorit\u00e9 de contr\u00f4le comp\u00e9tente.<\/p>\t\t\t\t\t\t\t\t<\/div>\n\t\t\t\t<div class=\"elementor-element elementor-element-fac42bb elementor-widget elementor-widget-heading\" data-id=\"fac42bb\" data-element_type=\"widget\" data-widget_type=\"heading.default\">\n\t\t\t\t\t<h2 class=\"elementor-heading-title elementor-size-default\">5. R\u00e9glement g\u00e9n\u00e9ral sur la protection des donn\u00e9es (RGPD)<\/h2>\t\t\t\t<\/div>\n\t\t\t\t<div class=\"elementor-element elementor-element-b2c64d5 elementor-widget elementor-widget-text-editor\" data-id=\"b2c64d5\" data-element_type=\"widget\" data-widget_type=\"text-editor.default\">\n\t\t\t\t\t\t\t\t\t<p>Synerglass-Soft est une entreprise de d\u00e9veloppement de logiciels qui respecte la vie priv\u00e9e de ses utilisateurs et prot\u00e9ge leurs donn\u00e9es personnelles conform\u00e9ment aux exigences du R\u00e8glement G\u00e9n\u00e9ral sur la Protection des Donn\u00e9es (RGPD) (R\u00e8glement (UE) 2016\/679).<\/p>\t\t\t\t\t\t\t\t<\/div>\n\t\t\t\t<div class=\"elementor-element elementor-element-6c0615d elementor-widget elementor-widget-heading\" data-id=\"6c0615d\" data-element_type=\"widget\" data-widget_type=\"heading.default\">\n\t\t\t\t\t<h2 class=\"elementor-heading-title elementor-size-default\">5.1. Contr\u00f4leur de traitement des donn\u00e9es<\/h2>\t\t\t\t<\/div>\n\t\t\t\t<div class=\"elementor-element elementor-element-935f25e elementor-widget elementor-widget-text-editor\" data-id=\"935f25e\" data-element_type=\"widget\" data-widget_type=\"text-editor.default\">\n\t\t\t\t\t\t\t\t\t<p>Synerglass-Soft est responsable du traitement des donn\u00e9es personnelles des utilisateurs de ses applications. Les coordonn\u00e9es de l&rsquo;entreprise sont les suivantes :<\/p><p>Nom : Synerglass-Soft SA<\/p><p>Adresse enregistr\u00e9e : Z.I. Damr\u00e9, rue des Spinettes 7, 4140 Sprimont, Belgique<\/p><p>T\u00e9l\u00e9phone : +32 (0)4 247 63 50<\/p><p>E-mail : <a href=\"mailto:info@synerglass-soft.com\">info@synerglass-soft.com<\/a><\/p>\t\t\t\t\t\t\t\t<\/div>\n\t\t\t\t<div class=\"elementor-element elementor-element-86c27c4 elementor-widget elementor-widget-heading\" data-id=\"86c27c4\" data-element_type=\"widget\" data-widget_type=\"heading.default\">\n\t\t\t\t\t<h2 class=\"elementor-heading-title elementor-size-default\">5.2. Collecte de donn\u00e9es personnelles<\/h2>\t\t\t\t<\/div>\n\t\t\t\t<div class=\"elementor-element elementor-element-4e2e172 elementor-widget elementor-widget-text-editor\" data-id=\"4e2e172\" data-element_type=\"widget\" data-widget_type=\"text-editor.default\">\n\t\t\t\t\t\t\t\t\t<p>Synerglass-Soft collecte des donn\u00e9es personnelles dans le seul but de d\u00e9velopper et d&rsquo;exploiter les fonctionnalit\u00e9s du logiciel conform\u00e9ment aux sp\u00e9cifications indiqu\u00e9es dans le Bon de Commande.<\/p><p>Les donn\u00e9es collect\u00e9es peuvent inclure mais ne sont pas limit\u00e9es \u00e0 :<\/p><ul><li>Informations d&rsquo;identification : nom, adresse e-mail, num\u00e9ro de t\u00e9l\u00e9phone, nom d&rsquo;utilisateur et mot de passe.<br \/><br \/><\/li><li>Donn\u00e9es d&rsquo;utilisation : donn\u00e9es sur l&rsquo;utilisation de l&rsquo;application, y compris les fonctionnalit\u00e9s utilis\u00e9es, les pages visit\u00e9es, les actions entreprises et les erreurs rencontr\u00e9es.<br \/><br \/><\/li><li>Donn\u00e9es de localisation : donn\u00e9es de g\u00e9olocalisation de l&rsquo;utilisateur, si l&rsquo;utilisateur a donn\u00e9 son consentement pr\u00e9alable \u00e0 la collecte de ces donn\u00e9es.<br \/><br \/><\/li><li>Images\u00a0: les applications mobiles de Synerglass-Soft peuvent acc\u00e9der \u00e0 la cam\u00e9ra du t\u00e9l\u00e9phone portable de l\u2019utilisateur pour scanner des codes-barres et prendre d\u2019autres images en lien avec l\u2019ex\u00e9cution des Services.<\/li><\/ul>\t\t\t\t\t\t\t\t<\/div>\n\t\t\t\t<\/div>\n\t\t\t\t\t<\/div>\n\t\t\t\t<\/div>\n\t\t\t\t<\/div>\n\t\t","protected":false},"excerpt":{"rendered":"<p>Politique de confidentialit\u00e9 (RGPD) 1. D\u00e9claration de confidentialit\u00e9 La pr\u00e9sente D\u00e9claration de confidentialit\u00e9 comme un reflet de notre engagement vis-\u00e0-vis de la protection de la vie priv\u00e9e et des donn\u00e9es. Le pr\u00e9sent document expose nos pratiques de gestion des informations pouvant identifier une personne de mani\u00e8re directe ou indirecte (\u00ab Donn\u00e9es \u00e0 caract\u00e8re personnel \u00bb). [&hellip;]<\/p>\n","protected":false},"author":4,"featured_media":0,"parent":0,"menu_order":0,"comment_status":"closed","ping_status":"closed","template":"","meta":{"footnotes":""},"class_list":["post-14615","page","type-page","status-publish","hentry"],"_links":{"self":[{"href":"https:\/\/www.synerglass-soft.com\/fr\/wp-json\/wp\/v2\/pages\/14615","targetHints":{"allow":["GET"]}}],"collection":[{"href":"https:\/\/www.synerglass-soft.com\/fr\/wp-json\/wp\/v2\/pages"}],"about":[{"href":"https:\/\/www.synerglass-soft.com\/fr\/wp-json\/wp\/v2\/types\/page"}],"author":[{"embeddable":true,"href":"https:\/\/www.synerglass-soft.com\/fr\/wp-json\/wp\/v2\/users\/4"}],"replies":[{"embeddable":true,"href":"https:\/\/www.synerglass-soft.com\/fr\/wp-json\/wp\/v2\/comments?post=14615"}],"version-history":[{"count":13,"href":"https:\/\/www.synerglass-soft.com\/fr\/wp-json\/wp\/v2\/pages\/14615\/revisions"}],"predecessor-version":[{"id":17645,"href":"https:\/\/www.synerglass-soft.com\/fr\/wp-json\/wp\/v2\/pages\/14615\/revisions\/17645"}],"wp:attachment":[{"href":"https:\/\/www.synerglass-soft.com\/fr\/wp-json\/wp\/v2\/media?parent=14615"}],"curies":[{"name":"wp","href":"https:\/\/api.w.org\/{rel}","templated":true}]}}