{"id":17305,"date":"2026-04-13T14:22:38","date_gmt":"2026-04-13T12:22:38","guid":{"rendered":"https:\/\/www.synerglass-soft.com\/note-legali\/"},"modified":"2026-04-23T15:54:46","modified_gmt":"2026-04-23T13:54:46","slug":"note-legali","status":"publish","type":"page","link":"https:\/\/www.synerglass-soft.com\/it\/note-legali\/","title":{"rendered":"Pagina legale &#8211; Note legali"},"content":{"rendered":"\t\t<div data-elementor-type=\"wp-page\" data-elementor-id=\"17305\" class=\"elementor elementor-17305 elementor-14543\" data-elementor-post-type=\"page\">\n\t\t\t\t<div class=\"elementor-element elementor-element-4dfe38ef e-flex e-con-boxed e-con e-parent\" data-id=\"4dfe38ef\" data-element_type=\"container\" data-settings=\"{&quot;background_background&quot;:&quot;classic&quot;}\">\n\t\t\t\t\t<div class=\"e-con-inner\">\n\t\t<div class=\"elementor-element elementor-element-312d1c2d e-con-full e-flex e-con e-child\" data-id=\"312d1c2d\" data-element_type=\"container\" data-settings=\"{&quot;background_background&quot;:&quot;classic&quot;}\">\n\t\t\t\t<div class=\"elementor-element elementor-element-e4aab5c elementor-widget__width-initial elementor-widget-tablet__width-initial elementor-widget-mobile__width-initial hover-title elementor-invisible elementor-widget elementor-widget-heading\" data-id=\"e4aab5c\" data-element_type=\"widget\" data-settings=\"{&quot;_animation&quot;:&quot;fadeInUp&quot;}\" data-widget_type=\"heading.default\">\n\t\t\t\t\t<h1 class=\"elementor-heading-title elementor-size-default\">Note legali<\/h1>\t\t\t\t<\/div>\n\t\t\t\t<div class=\"elementor-element elementor-element-67a09c1e elementor-invisible elementor-widget elementor-widget-post-info\" data-id=\"67a09c1e\" data-element_type=\"widget\" data-settings=\"{&quot;_animation&quot;:&quot;fadeInUp&quot;}\" data-widget_type=\"post-info.default\">\n\t\t\t\t\t\t\t<ul class=\"elementor-inline-items elementor-icon-list-items elementor-post-info\">\n\t\t\t\t\t\t\t\t<li class=\"elementor-icon-list-item elementor-repeater-item-44b3136 elementor-inline-item\" itemprop=\"datePublished\">\n\t\t\t\t\t\t<a href=\"https:\/\/www.synerglass-soft.com\/it\/2026\/04\/13\/\">\n\t\t\t\t\t\t\t\t\t\t\t<span class=\"elementor-icon-list-icon\">\n\t\t\t\t\t\t\t\t<svg xmlns=\"http:\/\/www.w3.org\/2000\/svg\" viewBox=\"0,0,256,256\" width=\"24px\" height=\"24px\" fill-rule=\"nonzero\"><g transform=\"scale(10.66667,10.66667)\"><rect x=\"2\" y=\"3\" width=\"20\" height=\"19\" rx=\"3\" ry=\"3\" fill=\"#BCD9FF\" opacity=\"0.5\"><\/rect><rect x=\"2\" y=\"3\" width=\"20\" height=\"19\" rx=\"3\" ry=\"3\" fill=\"none\" stroke=\"#5CA3FF\" stroke-width=\"1.5\"><\/rect><rect x=\"2\" y=\"3\" width=\"20\" height=\"5\" rx=\"3\" ry=\"3\" fill=\"#5CA3FF\"><\/rect><rect x=\"2\" y=\"6\" width=\"20\" height=\"2\" fill=\"#5CA3FF\"><\/rect><line x1=\"7\" y1=\"1.5\" x2=\"7\" y2=\"5\" stroke=\"#5CA3FF\" stroke-width=\"1.5\" stroke-linecap=\"round\"><\/line><line x1=\"17\" y1=\"1.5\" x2=\"17\" y2=\"5\" stroke=\"#5CA3FF\" stroke-width=\"1.5\" stroke-linecap=\"round\"><\/line><rect x=\"5\" y=\"11\" width=\"2\" height=\"2\" rx=\"0.5\" fill=\"#F0F6FF\"><\/rect><rect x=\"9\" y=\"11\" width=\"2\" height=\"2\" rx=\"0.5\" fill=\"#F0F6FF\"><\/rect><rect x=\"13\" y=\"11\" width=\"2\" height=\"2\" rx=\"0.5\" fill=\"#F0F6FF\"><\/rect><rect x=\"17\" y=\"11\" width=\"2\" height=\"2\" rx=\"0.5\" fill=\"#F0F6FF\"><\/rect><rect x=\"5\" y=\"15\" width=\"2\" height=\"2\" rx=\"0.5\" fill=\"#F0F6FF\"><\/rect><rect x=\"9\" y=\"15\" width=\"2\" height=\"2\" rx=\"0.5\" fill=\"#F0F6FF\"><\/rect><rect x=\"13\" y=\"15\" width=\"2\" height=\"2\" rx=\"0.5\" fill=\"#F0F6FF\"><\/rect><rect x=\"17\" y=\"15\" width=\"2\" height=\"2\" rx=\"0.5\" fill=\"#F0F6FF\"><\/rect><\/g><\/svg>\t\t\t\t\t\t\t<\/span>\n\t\t\t\t\t\t\t\t\t<span class=\"elementor-icon-list-text elementor-post-info__item elementor-post-info__item--type-date\">\n\t\t\t\t\t\t\t\t\t\t<time>Aprile 13, 2026<\/time>\t\t\t\t\t<\/span>\n\t\t\t\t\t\t\t\t\t<\/a>\n\t\t\t\t<\/li>\n\t\t\t\t<\/ul>\n\t\t\t\t\t\t<\/div>\n\t\t\t\t<div class=\"elementor-element elementor-element-bbdd1d4 elementor-invisible elementor-widget elementor-widget-image\" data-id=\"bbdd1d4\" data-element_type=\"widget\" data-settings=\"{&quot;_animation&quot;:&quot;fadeInUp&quot;}\" data-widget_type=\"image.default\">\n\t\t\t\t\t\t\t\t\t\t\t\t\t\t\t<img fetchpriority=\"high\" decoding=\"async\" width=\"800\" height=\"181\" src=\"https:\/\/www.synerglass-soft.com\/wp-content\/uploads\/2026\/02\/Asset-1@1x.png\" class=\"attachment-large size-large wp-image-12889\" alt=\"\" \/>\t\t\t\t\t\t\t\t\t\t\t\t\t\t\t<\/div>\n\t\t\t\t<\/div>\n\t\t\t\t\t<\/div>\n\t\t\t\t<\/div>\n\t\t<div class=\"elementor-element elementor-element-22ee0f60 e-flex e-con-boxed e-con e-parent\" data-id=\"22ee0f60\" data-element_type=\"container\">\n\t\t\t\t\t<div class=\"e-con-inner\">\n\t\t<div class=\"elementor-element elementor-element-50ad10b3 e-con-full e-flex e-con e-child\" data-id=\"50ad10b3\" data-element_type=\"container\">\n\t\t\t\t<div class=\"elementor-element elementor-element-64da930a elementor-hidden-tablet elementor-hidden-mobile elementor-widget elementor-widget-table-of-contents\" data-id=\"64da930a\" data-element_type=\"widget\" data-settings=\"{&quot;headings_by_tags&quot;:[&quot;h2&quot;],&quot;exclude_headings_by_selector&quot;:[],&quot;marker_view&quot;:&quot;bullets&quot;,&quot;icon&quot;:{&quot;value&quot;:&quot;&quot;,&quot;library&quot;:&quot;&quot;},&quot;no_headings_message&quot;:&quot;Aucun titre n\\u2019a \\u00e9t\\u00e9 trouv\\u00e9 sur cette page.&quot;,&quot;sticky&quot;:&quot;top&quot;,&quot;sticky_parent&quot;:&quot;yes&quot;,&quot;_animation&quot;:&quot;none&quot;,&quot;hierarchical_view&quot;:&quot;yes&quot;,&quot;min_height&quot;:{&quot;unit&quot;:&quot;px&quot;,&quot;size&quot;:&quot;&quot;,&quot;sizes&quot;:[]},&quot;min_height_tablet&quot;:{&quot;unit&quot;:&quot;px&quot;,&quot;size&quot;:&quot;&quot;,&quot;sizes&quot;:[]},&quot;min_height_mobile&quot;:{&quot;unit&quot;:&quot;px&quot;,&quot;size&quot;:&quot;&quot;,&quot;sizes&quot;:[]},&quot;sticky_on&quot;:[&quot;desktop&quot;,&quot;tablet&quot;,&quot;mobile&quot;],&quot;sticky_offset&quot;:0,&quot;sticky_effects_offset&quot;:0,&quot;sticky_anchor_link_offset&quot;:0}\" data-widget_type=\"table-of-contents.default\">\n\t\t\t\t\t\t\t\t\t<div id=\"elementor-toc__64da930a\" class=\"elementor-toc__body\">\n\t\t\t<div class=\"elementor-toc__spinner-container\">\n\t\t\t\t<svg class=\"elementor-toc__spinner eicon-animation-spin e-font-icon-svg e-eicon-loading\" aria-hidden=\"true\" viewBox=\"0 0 1000 1000\" xmlns=\"http:\/\/www.w3.org\/2000\/svg\"><path d=\"M500 975V858C696 858 858 696 858 500S696 142 500 142 142 304 142 500H25C25 237 238 25 500 25S975 237 975 500 763 975 500 975Z\"><\/path><\/svg>\t\t\t<\/div>\n\t\t<\/div>\n\t\t\t\t\t\t<\/div>\n\t\t\t\t<\/div>\n\t\t<div class=\"elementor-element elementor-element-55122a6 e-con-full e-flex e-con e-child\" data-id=\"55122a6\" data-element_type=\"container\">\n\t\t\t\t<div class=\"elementor-element elementor-element-263f4cfb elementor-widget elementor-widget-heading\" data-id=\"263f4cfb\" data-element_type=\"widget\" data-widget_type=\"heading.default\">\n\t\t\t\t\t<h2 class=\"elementor-heading-title elementor-size-default\">1. Pubblicazione e hosting<\/h2>\t\t\t\t<\/div>\n\t\t\t\t<div class=\"elementor-element elementor-element-21651107 elementor-widget elementor-widget-text-editor\" data-id=\"21651107\" data-element_type=\"widget\" data-widget_type=\"text-editor.default\">\n\t\t\t\t\t\t\t\t\t<p>Il presente sito web, <a class=\"underline underline underline-offset-2 decoration-1 decoration-current\/40 hover:decoration-current focus:decoration-current\" href=\"https:\/\/www.synerglass-soft.com\/fr\/\">https:\/\/www.synerglass-soft.com\/<\/a> (di seguito denominato il \u00abSito web\u00bb), \u00e8 pubblicato e ospitato sotto la responsabilit\u00e0 di SYNERGLASS-SOFT SA, con sede legale a Sprimont, Belgio, e iscritta alla Banca dati centrale delle imprese con il numero BE0442.553.491. Il webmaster del sito web pu\u00f2 essere contattato tramite il seguente indirizzo e-mail: <a class=\"underline underline underline-offset-2 decoration-1 decoration-current\/40 hover:decoration-current focus:decoration-current\" href=\"mailto:info@synerglass-soft.com\">info@synerglass-soft.com<\/a> o per telefono al numero + 32 4 295 31 10<\/p>\t\t\t\t\t\t\t\t<\/div>\n\t\t\t\t<div class=\"elementor-element elementor-element-1c5f1fa elementor-widget elementor-widget-heading\" data-id=\"1c5f1fa\" data-element_type=\"widget\" data-widget_type=\"heading.default\">\n\t\t\t\t\t<h2 class=\"elementor-heading-title elementor-size-default\">2. G\u00e9n\u00e9ralit\u00e9s<\/h2>\t\t\t\t<\/div>\n\t\t\t\t<div class=\"elementor-element elementor-element-5f9c58cc elementor-widget elementor-widget-text-editor\" data-id=\"5f9c58cc\" data-element_type=\"widget\" data-widget_type=\"text-editor.default\">\n\t\t\t\t\t\t\t\t\t<p class=\"font-claude-response-body break-words whitespace-normal leading-[1.7]\">L&#8217;accesso e l&#8217;utilizzo del sito web sono soggetti alle presenti condizioni generali di utilizzo (di seguito le \u00abCondizioni\u00bb) nonch\u00e9 alle leggi e\/o ai regolamenti applicabili. Di conseguenza, l&#8217;accesso al Sito Internet e il suo utilizzo implicano l&#8217;accettazione integrale e senza riserve da parte dell&#8217;Utente delle presenti Condizioni, comprese le disposizioni relative alla protezione dei dati personali di SYNERGLASS-SOFT consultabili sul sito. <\/p><p class=\"font-claude-response-body break-words whitespace-normal leading-[1.7]\">SYNERGLASS-SOFT si riserva il diritto di modificare e aggiornare in qualsiasi momento, e senza preavviso, le Condizioni, l&#8217;accesso al sito web e i relativi contenuti. Tutte queste modifiche sono vincolanti per l&#8217;Utente ad ogni accesso al sito web. <\/p><p class=\"font-claude-response-body break-words whitespace-normal leading-[1.7]\">Ai fini delle presenti Condizioni, per \u00abUtente\u00bb si intende qualsiasi persona che utilizzi il Sito o uno dei servizi offerti sul Sito.<\/p><p class=\"font-claude-response-body break-words whitespace-normal leading-[1.7]\">Se l&#8217;Utente desidera contattare SYNERGLASS-SOFT in merito all&#8217;utilizzo del Sito, pu\u00f2 cliccare qui o inviare un&#8217;e-mail all&#8217;indirizzo <a class=\"underline underline underline-offset-2 decoration-1 decoration-current\/40 hover:decoration-current focus:decoration-current\" href=\"mailto:info@synerglass-soft.com\">info@synerglass-soft.com<\/a>.<\/p><p class=\"font-claude-response-body break-words whitespace-normal leading-[1.7]\">Le fait pour SYNERGLASS-SOFT de ne pas se pr\u00e9valoir, \u00e0 un moment donn\u00e9, d&#8217;une disposition des Conditions, ne pourra \u00eatre interpr\u00e9t\u00e9 comme une renonciation \u00e0 faire valoir ult\u00e9rieurement cette m\u00eame disposition.<\/p>\t\t\t\t\t\t\t\t<\/div>\n\t\t\t\t<div class=\"elementor-element elementor-element-1d4fa155 elementor-widget elementor-widget-heading\" data-id=\"1d4fa155\" data-element_type=\"widget\" data-widget_type=\"heading.default\">\n\t\t\t\t\t<h2 class=\"elementor-heading-title elementor-size-default\">3. Droit de propri\u00e9t\u00e9 intellectuelle<\/h2>\t\t\t\t<\/div>\n\t\t\t\t<div class=\"elementor-element elementor-element-375232f6 elementor-widget elementor-widget-text-editor\" data-id=\"375232f6\" data-element_type=\"widget\" data-widget_type=\"text-editor.default\">\n\t\t\t\t\t\t\t\t\t<p class=\"font-claude-response-body break-words whitespace-normal leading-[1.7]\">Le Site Internet et tous les droits qui lui sont rattach\u00e9s, les marques, les logos, les graphismes, les photographies, les animations, les vid\u00e9os, les textes et autres signes distinctifs contenus sur le Site Internet sont la propri\u00e9t\u00e9 exclusive de SYNERGLASS-SOFT ou de ses partenaires.<\/p><p class=\"font-claude-response-body break-words whitespace-normal leading-[1.7]\">Tali elementi costituiscono opere protette dal diritto della propriet\u00e0 intellettuale e, in particolare, dalle disposizioni relative al diritto d&#8217;autore, ai disegni e modelli e ai marchi.<\/p><p class=\"font-claude-response-body break-words whitespace-normal leading-[1.7]\">Pertanto, non possono essere riprodotti, utilizzati o rappresentati, in tutto o in parte, senza la previa autorizzazione scritta di SYNERGLASS-SOFT, pena l&#8217;avvio di un&#8217;azione legale.<\/p>\t\t\t\t\t\t\t\t<\/div>\n\t\t\t\t<div class=\"elementor-element elementor-element-1ecc4ac5 elementor-widget elementor-widget-heading\" data-id=\"1ecc4ac5\" data-element_type=\"widget\" data-widget_type=\"heading.default\">\n\t\t\t\t\t<h2 class=\"elementor-heading-title elementor-size-default\">4. Collegamenti ipertestuali<\/h2>\t\t\t\t<\/div>\n\t\t\t\t<div class=\"elementor-element elementor-element-fb5458b elementor-widget elementor-widget-heading\" data-id=\"fb5458b\" data-element_type=\"widget\" data-widget_type=\"heading.default\">\n\t\t\t\t\t<h2 class=\"elementor-heading-title elementor-size-default\">4.1. Hyperliens vers le site internet<\/h2>\t\t\t\t<\/div>\n\t\t\t\t<div class=\"elementor-element elementor-element-6b65ec76 elementor-widget elementor-widget-text-editor\" data-id=\"6b65ec76\" data-element_type=\"widget\" data-widget_type=\"text-editor.default\">\n\t\t\t\t\t\t\t\t\t<p class=\"font-claude-response-body break-words whitespace-normal leading-[1.7]\">La cr\u00e9ation d&#8217;un lien hypertexte vers la page d&#8217;accueil du Site Internet, \u00e0 l&#8217;exclusion de toute autre adresse, est autoris\u00e9e d\u00e8s lors que ce lien ne porte pas pr\u00e9judice \u00e0 SYNERGLASS-SOFT et sauf avis contraire de SYNERGLASS-SOFT. En revanche, tout hyperlien vers une page int\u00e9rieure du Site est interdit, sauf autorisation expresse et pr\u00e9alable de SYNERGLASS-SOFT. <\/p>\t\t\t\t\t\t\t\t<\/div>\n\t\t\t\t<div class=\"elementor-element elementor-element-2123584d elementor-widget elementor-widget-heading\" data-id=\"2123584d\" data-element_type=\"widget\" data-widget_type=\"heading.default\">\n\t\t\t\t\t<h2 class=\"elementor-heading-title elementor-size-default\">4.2. Hyperliens \u00e0 partir du site<\/h2>\t\t\t\t<\/div>\n\t\t\t\t<div class=\"elementor-element elementor-element-3582b70a elementor-widget elementor-widget-text-editor\" data-id=\"3582b70a\" data-element_type=\"widget\" data-widget_type=\"text-editor.default\">\n\t\t\t\t\t\t\t\t\t<p>Il Sito pu\u00f2 contenere uno o pi\u00f9 link ad altri siti Internet che potrebbero risultare di interesse per gli Utenti. Tuttavia, tali link sono forniti a titolo puramente indicativo e SYNERGLASS-SOFT non fornisce alcuna garanzia al riguardo. La presenza di tali link non implica in alcun modo che SYNERGLASS-SOFT approvi pienamente il loro contenuto o si assuma alcuna responsabilit\u00e0 per il contenuto o l&#8217;utilizzo di tali altri siti.  <\/p>\t\t\t\t\t\t\t\t<\/div>\n\t\t\t\t<div class=\"elementor-element elementor-element-6fee848a elementor-widget elementor-widget-heading\" data-id=\"6fee848a\" data-element_type=\"widget\" data-widget_type=\"heading.default\">\n\t\t\t\t\t<h2 class=\"elementor-heading-title elementor-size-default\">5. Limitation de responsabilit\u00e9<\/h2>\t\t\t\t<\/div>\n\t\t\t\t<div class=\"elementor-element elementor-element-3095fe8d elementor-widget elementor-widget-text-editor\" data-id=\"3095fe8d\" data-element_type=\"widget\" data-widget_type=\"text-editor.default\">\n\t\t\t\t\t\t\t\t\t<p class=\"font-claude-response-body break-words whitespace-normal leading-[1.7]\">Gli Utenti utilizzano il Sito Internet sotto la propria responsabilit\u00e0. SYNERGLASS-SOFT non potr\u00e0 essere ritenuta responsabile per eventuali danni derivanti dall&#8217;utilizzo diretto o indiretto del Sito Internet da parte degli Utenti in violazione delle Condizioni. SYNERGLASS-SOFT declina ogni responsabilit\u00e0 al riguardo e non offre alcuna garanzia in merito ai servizi messi a disposizione tramite il Sito Internet.  <\/p><p class=\"font-claude-response-body break-words whitespace-normal leading-[1.7]\">L&#8217;Utilisateur s&#8217;engage \u00e0 ne pas utiliser le Site Internet d&#8217;une mani\u00e8re telle que cette utilisation causerait un dommage \u00e0 un tiers ou \u00e0 SYNERGLASS-SOFT.<\/p><p class=\"font-claude-response-body break-words whitespace-normal leading-[1.7]\">De m\u00eame, SYNERGLASS-SOFT ne peut garantir la disponibilit\u00e9 permanente, sans erreur ni interruption, de toutes les fonctions du Site Internet, ni la r\u00e9paration imm\u00e9diate des erreurs, ni l&#8217;absence totale de virus ou de tout autre \u00e9l\u00e9ment dommageable sur le Site Internet et sur l&#8217;infrastructure par laquelle le Site Internet est offert.<\/p><p class=\"font-claude-response-body break-words whitespace-normal leading-[1.7]\">Des restrictions temporaires peuvent survenir en raison de probl\u00e8mes techniques tels que des interruptions, des t\u00e9l\u00e9communications, des erreurs de programme ou des probl\u00e8mes mat\u00e9riels, etc. SYNERGLASS-SOFT se r\u00e9serve le droit de suspendre, \u00e0 tout moment, la disponibilit\u00e9 du Site Internet pour des raisons de maintenance et d&#8217;actualisation. <\/p><p class=\"font-claude-response-body break-words whitespace-normal leading-[1.7]\">SYNERGLASS-SOFT ne peut \u00eatre tenue pour responsable de toute perte ou tout dommage (direct, indirect, mat\u00e9riel ou immat\u00e9riel) subis en raison de ces restrictions temporaires, ni en lien avec l&#8217;utilisation du Site Internet ou de l&#8217;impossibilit\u00e9 d&#8217;utiliser celui-ci.<\/p>\t\t\t\t\t\t\t\t<\/div>\n\t\t\t\t<div class=\"elementor-element elementor-element-3261cf99 elementor-widget elementor-widget-heading\" data-id=\"3261cf99\" data-element_type=\"widget\" data-widget_type=\"heading.default\">\n\t\t\t\t\t<h2 class=\"elementor-heading-title elementor-size-default\">6. Nullit\u00e9 d'une clause<\/h2>\t\t\t\t<\/div>\n\t\t\t\t<div class=\"elementor-element elementor-element-10752921 elementor-widget elementor-widget-text-editor\" data-id=\"10752921\" data-element_type=\"widget\" data-widget_type=\"text-editor.default\">\n\t\t\t\t\t\t\t\t\t<p class=\"font-claude-response-body break-words whitespace-normal leading-[1.7]\">La nullit\u00e9, la caducit\u00e9 ou le caract\u00e8re non ex\u00e9cutoire de tout ou partie d&#8217;une des dispositions des Conditions n&#8217;entra\u00eenera pas la nullit\u00e9 de l&#8217;ensemble des Conditions. La disposition enti\u00e8rement ou partiellement nulle, caduque ou non ex\u00e9cutoire sera r\u00e9put\u00e9e non \u00e9crite. <\/p><p class=\"font-claude-response-body break-words whitespace-normal leading-[1.7]\">SYNERGLASS-SOFT si impegna a sostituire la presente disposizione con un&#8217;altra che, per quanto possibile, svolga la stessa funzione.<\/p>\t\t\t\t\t\t\t\t<\/div>\n\t\t\t\t<div class=\"elementor-element elementor-element-241a7029 elementor-widget elementor-widget-heading\" data-id=\"241a7029\" data-element_type=\"widget\" data-widget_type=\"heading.default\">\n\t\t\t\t\t<h2 class=\"elementor-heading-title elementor-size-default\">7. Diritto applicabile e fori competenti<\/h2>\t\t\t\t<\/div>\n\t\t\t\t<div class=\"elementor-element elementor-element-14141b57 elementor-widget elementor-widget-text-editor\" data-id=\"14141b57\" data-element_type=\"widget\" data-widget_type=\"text-editor.default\">\n\t\t\t\t\t\t\t\t\t<p class=\"font-claude-response-body break-words whitespace-normal leading-[1.7]\">La validit\u00e9, l&#8217;interpr\u00e9tation et l&#8217;ex\u00e9cution des pr\u00e9sentes Conditions g\u00e9n\u00e9rales seront r\u00e9gies par le droit belge et seront soumises \u00e0 la comp\u00e9tence des tribunaux de Nivelles.<\/p><p class=\"font-claude-response-body break-words whitespace-normal leading-[1.7]\">Tout diff\u00e9rend relatif au Site Internet ou \u00e0 son utilisation sera exclusivement r\u00e9gi par le droit belge et les tribunaux de Li\u00e8ge sont comp\u00e9tents en cas de litige.<\/p>\t\t\t\t\t\t\t\t<\/div>\n\t\t\t\t<\/div>\n\t\t\t\t\t<\/div>\n\t\t\t\t<\/div>\n\t\t\t\t<\/div>\n\t\t","protected":false},"excerpt":{"rendered":"<p>Note legali 1. Pubblicazione e hosting Il presente sito web, https:\/\/www.synerglass-soft.com\/ (di seguito denominato il \u00abSito web\u00bb), \u00e8 pubblicato e ospitato sotto la responsabilit\u00e0 di SYNERGLASS-SOFT SA, con sede legale a Sprimont, Belgio, e iscritta alla Banca dati centrale delle imprese con il numero BE0442.553.491. Il webmaster del sito web pu\u00f2 essere contattato tramite il [&hellip;]<\/p>\n","protected":false},"author":4,"featured_media":0,"parent":0,"menu_order":0,"comment_status":"closed","ping_status":"closed","template":"","meta":{"footnotes":""},"class_list":["post-17305","page","type-page","status-publish","hentry"],"_links":{"self":[{"href":"https:\/\/www.synerglass-soft.com\/it\/wp-json\/wp\/v2\/pages\/17305","targetHints":{"allow":["GET"]}}],"collection":[{"href":"https:\/\/www.synerglass-soft.com\/it\/wp-json\/wp\/v2\/pages"}],"about":[{"href":"https:\/\/www.synerglass-soft.com\/it\/wp-json\/wp\/v2\/types\/page"}],"author":[{"embeddable":true,"href":"https:\/\/www.synerglass-soft.com\/it\/wp-json\/wp\/v2\/users\/4"}],"replies":[{"embeddable":true,"href":"https:\/\/www.synerglass-soft.com\/it\/wp-json\/wp\/v2\/comments?post=17305"}],"version-history":[{"count":2,"href":"https:\/\/www.synerglass-soft.com\/it\/wp-json\/wp\/v2\/pages\/17305\/revisions"}],"predecessor-version":[{"id":17663,"href":"https:\/\/www.synerglass-soft.com\/it\/wp-json\/wp\/v2\/pages\/17305\/revisions\/17663"}],"wp:attachment":[{"href":"https:\/\/www.synerglass-soft.com\/it\/wp-json\/wp\/v2\/media?parent=17305"}],"curies":[{"name":"wp","href":"https:\/\/api.w.org\/{rel}","templated":true}]}}