{"id":17393,"date":"2026-03-30T14:57:21","date_gmt":"2026-03-30T12:57:21","guid":{"rendered":"https:\/\/www.synerglass-soft.com\/candidarsi-lavoro\/"},"modified":"2026-04-24T14:38:21","modified_gmt":"2026-04-24T12:38:21","slug":"candidarsi-lavoro","status":"publish","type":"page","link":"https:\/\/www.synerglass-soft.com\/it\/candidarsi-lavoro\/","title":{"rendered":"Offerta di lavoro &#8211; Product Owner"},"content":{"rendered":"\t\t<div data-elementor-type=\"wp-page\" data-elementor-id=\"17393\" class=\"elementor elementor-17393 elementor-12155\" data-elementor-post-type=\"page\">\n\t\t\t\t<div class=\"elementor-element elementor-element-c2df16e e-flex e-con-boxed elementor-invisible e-con e-parent\" data-id=\"c2df16e\" data-element_type=\"container\" data-settings=\"{&quot;animation&quot;:&quot;fadeInUp&quot;}\">\n\t\t\t\t\t<div class=\"e-con-inner\">\n\t\t\t\t<div class=\"elementor-element elementor-element-e4fd8c9 elementor-widget-tablet__width-initial elementor-widget-mobile__width-inherit hover-title elementor-widget elementor-widget-heading\" data-id=\"e4fd8c9\" data-element_type=\"widget\" data-settings=\"{&quot;_animation&quot;:&quot;none&quot;}\" data-widget_type=\"heading.default\">\n\t\t\t\t\t<h3 class=\"elementor-heading-title elementor-size-default\">Descrizione dell'offerta di lavoro<\/h3>\t\t\t\t<\/div>\n\t\t\t\t\t<\/div>\n\t\t\t\t<\/div>\n\t\t<div class=\"elementor-element elementor-element-f5e4f02 e-flex e-con-boxed e-con e-parent\" data-id=\"f5e4f02\" data-element_type=\"container\">\n\t\t\t\t\t<div class=\"e-con-inner\">\n\t\t<a class=\"elementor-element elementor-element-49c29cb e-con-full e-transform e-flex elementor-invisible e-con e-child\" data-id=\"49c29cb\" data-element_type=\"container\" data-settings=\"{&quot;animation&quot;:&quot;fadeInUp&quot;,&quot;_transform_translateY_effect_hover&quot;:{&quot;unit&quot;:&quot;px&quot;,&quot;size&quot;:-5,&quot;sizes&quot;:[]},&quot;_transform_translateX_effect_hover&quot;:{&quot;unit&quot;:&quot;px&quot;,&quot;size&quot;:&quot;&quot;,&quot;sizes&quot;:[]},&quot;_transform_translateX_effect_hover_tablet&quot;:{&quot;unit&quot;:&quot;px&quot;,&quot;size&quot;:&quot;&quot;,&quot;sizes&quot;:[]},&quot;_transform_translateX_effect_hover_mobile&quot;:{&quot;unit&quot;:&quot;px&quot;,&quot;size&quot;:&quot;&quot;,&quot;sizes&quot;:[]},&quot;_transform_translateY_effect_hover_tablet&quot;:{&quot;unit&quot;:&quot;px&quot;,&quot;size&quot;:&quot;&quot;,&quot;sizes&quot;:[]},&quot;_transform_translateY_effect_hover_mobile&quot;:{&quot;unit&quot;:&quot;px&quot;,&quot;size&quot;:&quot;&quot;,&quot;sizes&quot;:[]}}\" href=\"#postuler\">\n\t\t\t\t<div class=\"elementor-element elementor-element-99083a7 elementor-widget elementor-widget-heading\" data-id=\"99083a7\" data-element_type=\"widget\" data-widget_type=\"heading.default\">\n\t\t\t\t\t<h3 class=\"elementor-heading-title elementor-size-default\">Product Owner<\/h3>\t\t\t\t<\/div>\n\t\t\t\t<div class=\"elementor-element elementor-element-a8f6054 elementor-widget elementor-widget-text-editor\" data-id=\"a8f6054\" data-element_type=\"widget\" data-widget_type=\"text-editor.default\">\n\t\t\t\t\t\t\t\t\t<p>Stiamo cercando un Product Owner affidabile e autonomo che gestisca i nostri prodotti su base quotidiana, dalla definizione delle esigenze alla consegna. Sarai il punto di riferimento principale tra i team interni (sviluppo, assistenza, vendite, marketing) e i nostri clienti\/potenziali clienti, e ti occuperai di garantire la chiarezza funzionale, la coerenza dell&#8217;UX\/UI, la roadmap e la comunicazione relativa al prodotto. <\/p>\t\t\t\t\t\t\t\t<\/div>\n\t\t<div class=\"elementor-element elementor-element-f8f176d e-con-full e-flex e-con e-child\" data-id=\"f8f176d\" data-element_type=\"container\">\n\t\t<div class=\"elementor-element elementor-element-9d27bd6 e-con-full e-flex e-con e-child\" data-id=\"9d27bd6\" data-element_type=\"container\">\n\t\t\t\t<div class=\"elementor-element elementor-element-02c502d elementor-position-left elementor-vertical-align-middle elementor-position-left elementor-widget-mobile__width-inherit elementor-widget elementor-widget-image-box\" data-id=\"02c502d\" data-element_type=\"widget\" data-widget_type=\"image-box.default\">\n\t\t\t\t\t<div class=\"elementor-image-box-wrapper\"><figure class=\"elementor-image-box-img\"><img decoding=\"async\" width=\"96\" height=\"96\" src=\"https:\/\/www.synerglass-soft.com\/wp-content\/uploads\/2026\/03\/Adresse-Siegle-social-Synerglass-Soft.png\" class=\"attachment-full size-full wp-image-17095\" alt=\"\" \/><\/figure><div class=\"elementor-image-box-content\"><p class=\"elementor-image-box-title\">In loco<\/p><\/div><\/div>\t\t\t\t<\/div>\n\t\t\t\t<div class=\"elementor-element elementor-element-e9add2f elementor-position-left elementor-vertical-align-middle elementor-position-left elementor-widget-mobile__width-inherit elementor-widget elementor-widget-image-box\" data-id=\"e9add2f\" data-element_type=\"widget\" data-widget_type=\"image-box.default\">\n\t\t\t\t\t<div class=\"elementor-image-box-wrapper\"><figure class=\"elementor-image-box-img\"><img decoding=\"async\" width=\"96\" height=\"96\" src=\"https:\/\/www.synerglass-soft.com\/wp-content\/uploads\/2026\/03\/Planning-planification-agenda.png\" class=\"attachment-full size-full wp-image-14374\" alt=\"\" \/><\/figure><div class=\"elementor-image-box-content\"><p class=\"elementor-image-box-title\">Templi pieni<\/p><\/div><\/div>\t\t\t\t<\/div>\n\t\t<div class=\"elementor-element elementor-element-34abdda e-con-full e-flex e-con e-child\" data-id=\"34abdda\" data-element_type=\"container\">\n\t\t\t\t<div class=\"elementor-element elementor-element-a9bd1b3 elementor-widget elementor-widget-heading\" data-id=\"a9bd1b3\" data-element_type=\"widget\" data-settings=\"{&quot;_animation&quot;:&quot;none&quot;}\" data-widget_type=\"heading.default\">\n\t\t\t\t\t<p class=\"elementor-heading-title elementor-size-default\">Lingue<\/p>\t\t\t\t<\/div>\n\t\t\t\t<div class=\"elementor-element elementor-element-733d600 elementor-widget__width-initial elementor-widget elementor-widget-image\" data-id=\"733d600\" data-element_type=\"widget\" id=\"review-avatar\" data-widget_type=\"image.default\">\n\t\t\t\t\t\t\t\t\t\t\t\t\t\t\t<img decoding=\"async\" width=\"64\" height=\"64\" src=\"https:\/\/www.synerglass-soft.com\/wp-content\/uploads\/2026\/03\/France-Flag-website.png\" class=\"attachment-large size-large wp-image-17384\" alt=\"\" \/>\t\t\t\t\t\t\t\t\t\t\t\t\t\t\t<\/div>\n\t\t\t\t<div class=\"elementor-element elementor-element-f5ac516 elementor-widget__width-initial elementor-widget elementor-widget-image\" data-id=\"f5ac516\" data-element_type=\"widget\" id=\"review-avatar\" data-widget_type=\"image.default\">\n\t\t\t\t\t\t\t\t\t\t\t\t\t\t\t<img loading=\"lazy\" decoding=\"async\" width=\"64\" height=\"64\" src=\"https:\/\/www.synerglass-soft.com\/wp-content\/uploads\/2026\/03\/Flag_of_United_Kingdom_Flat_Round-64x64-1.png\" class=\"attachment-large size-large wp-image-17385\" alt=\"\" \/>\t\t\t\t\t\t\t\t\t\t\t\t\t\t\t<\/div>\n\t\t\t\t<\/div>\n\t\t\t\t<\/div>\n\t\t<div class=\"elementor-element elementor-element-d7c4c5a e-con-full e-flex e-con e-child\" data-id=\"d7c4c5a\" data-element_type=\"container\">\n\t\t\t\t<div class=\"elementor-element elementor-element-f1408a2 elementor-position-right elementor-vertical-align-middle elementor-position-left elementor-widget-mobile__width-inherit e-transform elementor-vertical-align-bottom elementor-widget elementor-widget-image-box\" data-id=\"f1408a2\" data-element_type=\"widget\" data-settings=\"{&quot;_transform_translateY_effect_hover&quot;:{&quot;unit&quot;:&quot;px&quot;,&quot;size&quot;:-5,&quot;sizes&quot;:[]},&quot;_transform_translateX_effect_hover&quot;:{&quot;unit&quot;:&quot;px&quot;,&quot;size&quot;:&quot;&quot;,&quot;sizes&quot;:[]},&quot;_transform_translateX_effect_hover_tablet&quot;:{&quot;unit&quot;:&quot;px&quot;,&quot;size&quot;:&quot;&quot;,&quot;sizes&quot;:[]},&quot;_transform_translateX_effect_hover_mobile&quot;:{&quot;unit&quot;:&quot;px&quot;,&quot;size&quot;:&quot;&quot;,&quot;sizes&quot;:[]},&quot;_transform_translateY_effect_hover_tablet&quot;:{&quot;unit&quot;:&quot;px&quot;,&quot;size&quot;:&quot;&quot;,&quot;sizes&quot;:[]},&quot;_transform_translateY_effect_hover_mobile&quot;:{&quot;unit&quot;:&quot;px&quot;,&quot;size&quot;:&quot;&quot;,&quot;sizes&quot;:[]}}\" data-widget_type=\"image-box.default\">\n\t\t\t\t\t<div class=\"elementor-image-box-wrapper\"><figure class=\"elementor-image-box-img\"><img loading=\"lazy\" decoding=\"async\" width=\"48\" height=\"48\" src=\"https:\/\/www.synerglass-soft.com\/wp-content\/uploads\/2026\/01\/Fleche-vers-la-droite-menu.png\" class=\"attachment-full size-full wp-image-17386\" alt=\"\" \/><\/figure><div class=\"elementor-image-box-content\"><p class=\"elementor-image-box-title\">Candidati<\/p><\/div><\/div>\t\t\t\t<\/div>\n\t\t\t\t<\/div>\n\t\t\t\t<\/div>\n\t\t\t\t<\/a>\n\t\t\t\t\t<\/div>\n\t\t\t\t<\/div>\n\t\t<div class=\"elementor-element elementor-element-4de7dd7 e-flex e-con-boxed elementor-invisible e-con e-parent\" data-id=\"4de7dd7\" data-element_type=\"container\" data-settings=\"{&quot;animation&quot;:&quot;fadeInUp&quot;}\">\n\t\t\t\t\t<div class=\"e-con-inner\">\n\t\t\t\t<div class=\"elementor-element elementor-element-7177189 elementor-widget elementor-widget-heading\" data-id=\"7177189\" data-element_type=\"widget\" data-widget_type=\"heading.default\">\n\t\t\t\t\t<h2 class=\"elementor-heading-title elementor-size-default\">Responsabilit\u00e0<\/h2>\t\t\t\t<\/div>\n\t\t\t\t<div class=\"elementor-element elementor-element-429142b elementor-widget-tablet__width-initial elementor-widget-mobile__width-inherit elementor-widget elementor-widget-heading\" data-id=\"429142b\" data-element_type=\"widget\" data-settings=\"{&quot;_animation&quot;:&quot;none&quot;}\" data-widget_type=\"heading.default\">\n\t\t\t\t\t<h3 class=\"elementor-heading-title elementor-size-default\">Gestione dei prodotti<\/h3>\t\t\t\t<\/div>\n\t\t\t\t<div class=\"elementor-element elementor-element-217af2b elementor-widget elementor-widget-text-editor\" data-id=\"217af2b\" data-element_type=\"widget\" data-widget_type=\"text-editor.default\">\n\t\t\t\t\t\t\t\t\t<ul><li>Gestire l&#8217;intero ciclo di vita del prodotto: individuazione, definizione dell&#8217;ambito, definizione delle priorit\u00e0, consegna e miglioramento continuo.<\/li><li>Tradurre la strategia di prodotto (definita insieme al responsabile di prodotto) in iniziative concrete e realizzabili.<\/li><li>Contribuire all&#8217;elaborazione della roadmap insieme al product manager e garantirne l&#8217;attuazione nell&#8217;ambito definito (definizione delle priorit\u00e0, suddivisione e sequenzializzazione del backlog).<\/li><li>Monitorare gli indicatori di performance (adozione, soddisfazione, impatto commerciale).<\/li><\/ul>\t\t\t\t\t\t\t\t<\/div>\n\t\t\t\t<div class=\"elementor-element elementor-element-1ce710e elementor-widget-tablet__width-initial elementor-widget-mobile__width-inherit elementor-widget elementor-widget-heading\" data-id=\"1ce710e\" data-element_type=\"widget\" data-settings=\"{&quot;_animation&quot;:&quot;none&quot;}\" data-widget_type=\"heading.default\">\n\t\t\t\t\t<h3 class=\"elementor-heading-title elementor-size-default\">Analisi funzionale e qualit\u00e0 della consegnaGestione del prodotto<\/h3>\t\t\t\t<\/div>\n\t\t\t\t<div class=\"elementor-element elementor-element-0e1acf0 elementor-widget elementor-widget-text-editor\" data-id=\"0e1acf0\" data-element_type=\"widget\" data-widget_type=\"text-editor.default\">\n\t\t\t\t\t\t\t\t\t<ul><li>Gestire, convalidare e mettere in discussione le analisi funzionali (processi, regole di business, flussi, casi limite).<\/li><li>Redigere o perfezionare le user story, i criteri di accettazione e i requisiti non funzionali.<\/li><li>Verificare le interfacce dal punto di vista del prodotto (UX\/UI): coerenza funzionale, facilit\u00e0 d&#8217;uso e adeguatezza alle esigenze del prodotto.<\/li><li>Organizzare e coordinare le attivit\u00e0 di verifica: miglioramenti, revisioni del backlog, dimostrazioni, test di accettazione da parte degli utenti (UAT).<\/li><\/ul>\t\t\t\t\t\t\t\t<\/div>\n\t\t\t\t<div class=\"elementor-element elementor-element-6c59392 elementor-widget-tablet__width-initial elementor-widget-mobile__width-inherit elementor-widget elementor-widget-heading\" data-id=\"6c59392\" data-element_type=\"widget\" data-settings=\"{&quot;_animation&quot;:&quot;none&quot;}\" data-widget_type=\"heading.default\">\n\t\t\t\t\t<h3 class=\"elementor-heading-title elementor-size-default\">Clienti e potenziali clienti<\/h3>\t\t\t\t<\/div>\n\t\t\t\t<div class=\"elementor-element elementor-element-27c66a5 elementor-widget elementor-widget-text-editor\" data-id=\"27c66a5\" data-element_type=\"widget\" data-widget_type=\"text-editor.default\">\n\t\t\t\t\t\t\t\t\t<ul><li>Condurre workshop per definire l&#8217;ambito del progetto: raccogliere i requisiti dettagliati, riformularli e stabilirne le priorit\u00e0.<\/li><li>Fornire supporto al team commerciale durante le dimostrazioni dei prodotti e le sessioni di domande e risposte. Garantire il follow-up operativo delle questioni relative ai prodotti direttamente con i clienti: comprendere il contesto, proporre soluzioni e seguire gli impegni fino alla loro conclusione. <\/li><\/ul>\t\t\t\t\t\t\t\t<\/div>\n\t\t\t\t<div class=\"elementor-element elementor-element-bb3852c elementor-widget-tablet__width-initial elementor-widget-mobile__width-inherit elementor-widget elementor-widget-heading\" data-id=\"bb3852c\" data-element_type=\"widget\" data-settings=\"{&quot;_animation&quot;:&quot;none&quot;}\" data-widget_type=\"heading.default\">\n\t\t\t\t\t<h3 class=\"elementor-heading-title elementor-size-default\">Comunicazione e contenuti relativi al prodotto<\/h3>\t\t\t\t<\/div>\n\t\t\t\t<div class=\"elementor-element elementor-element-0f51293 elementor-widget elementor-widget-text-editor\" data-id=\"0f51293\" data-element_type=\"widget\" data-widget_type=\"text-editor.default\">\n\t\t\t\t\t\t\t\t\t<ul><li>Creare e aggiornare i materiali di comunicazione relativi ai prodotti: presentazioni, sintesi, strumenti di supporto alla vendita.<\/li><li>Elaborare messaggi in linea con la strategia di prodotto (vantaggi, elementi di differenziazione, limiti, prossimi passi).<\/li><\/ul>\t\t\t\t\t\t\t\t<\/div>\n\t\t\t\t<div class=\"elementor-element elementor-element-e78a2f0 elementor-widget-tablet__width-initial elementor-widget-mobile__width-inherit elementor-widget elementor-widget-heading\" data-id=\"e78a2f0\" data-element_type=\"widget\" data-settings=\"{&quot;_animation&quot;:&quot;none&quot;}\" data-widget_type=\"heading.default\">\n\t\t\t\t\t<h3 class=\"elementor-heading-title elementor-size-default\">Metodi Agile\/Scrum<\/h3>\t\t\t\t<\/div>\n\t\t\t\t<div class=\"elementor-element elementor-element-a2a0869 elementor-widget elementor-widget-text-editor\" data-id=\"a2a0869\" data-element_type=\"widget\" data-widget_type=\"text-editor.default\">\n\t\t\t\t\t\t\t\t\t<ul><li>Travailler en mode Agile\/Scrum : gestion du backlog, priorisation, planification et revues de sprint.<\/li><li>Collaborare strettamente con i team di sviluppo per massimizzare il valore aggiunto e ridurre al minimo i malintesi.<\/li><\/ul>\t\t\t\t\t\t\t\t<\/div>\n\t\t\t\t<div class=\"elementor-element elementor-element-30c5b45 elementor-widget-tablet__width-initial elementor-widget-mobile__width-inherit elementor-widget elementor-widget-heading\" data-id=\"30c5b45\" data-element_type=\"widget\" data-settings=\"{&quot;_animation&quot;:&quot;none&quot;}\" data-widget_type=\"heading.default\">\n\t\t\t\t\t<h3 class=\"elementor-heading-title elementor-size-default\">Strumenti<\/h3>\t\t\t\t<\/div>\n\t\t\t\t<div class=\"elementor-element elementor-element-8cfad6f elementor-widget elementor-widget-text-editor\" data-id=\"8cfad6f\" data-element_type=\"widget\" data-widget_type=\"text-editor.default\">\n\t\t\t\t\t\t\t\t\t<ul><li>Jira: backlog, sprint, ticket, reportistica<\/li><li>Confluence: documentazione, specifiche, decisioni, verbali delle riunioni<\/li><\/ul>\t\t\t\t\t\t\t\t<\/div>\n\t\t\t\t\t<\/div>\n\t\t\t\t<\/div>\n\t\t<div class=\"elementor-element elementor-element-4033d0b e-flex e-con-boxed elementor-invisible e-con e-parent\" data-id=\"4033d0b\" data-element_type=\"container\" data-settings=\"{&quot;animation&quot;:&quot;fadeInUp&quot;}\">\n\t\t\t\t\t<div class=\"e-con-inner\">\n\t\t\t\t<div class=\"elementor-element elementor-element-beed3c1 elementor-widget elementor-widget-heading\" data-id=\"beed3c1\" data-element_type=\"widget\" data-widget_type=\"heading.default\">\n\t\t\t\t\t<h2 class=\"elementor-heading-title elementor-size-default\">Profilo<\/h2>\t\t\t\t<\/div>\n\t\t\t\t<div class=\"elementor-element elementor-element-820b460 elementor-widget-tablet__width-initial elementor-widget-mobile__width-inherit elementor-widget elementor-widget-heading\" data-id=\"820b460\" data-element_type=\"widget\" data-settings=\"{&quot;_animation&quot;:&quot;none&quot;}\" data-widget_type=\"heading.default\">\n\t\t\t\t\t<h3 class=\"elementor-heading-title elementor-size-default\">Esperienza e competenze<\/h3>\t\t\t\t<\/div>\n\t\t\t\t<div class=\"elementor-element elementor-element-9606526 elementor-widget elementor-widget-text-editor\" data-id=\"9606526\" data-element_type=\"widget\" data-widget_type=\"text-editor.default\">\n\t\t\t\t\t\t\t\t\t<ul><li>Almeno 5 anni di comprovata esperienza come Product Owner (o in un ruolo equivalente: Product Manager orientato alla consegna, Business Analyst).<\/li><li>Ottima capacit\u00e0 di definire i requisiti e di convalidare le analisi funzionali e i percorsi utente.<\/li><li>Capacit\u00e0 di prendere decisioni, stabilire le priorit\u00e0, dire di no quando necessario e mantenere la rotta con determinazione e tatto.<\/li><li>Ottime capacit\u00e0 comunicative (scritte e orali) e spiccata attitudine alla didattica e alla divulgazione.<\/li><li>Capacit\u00e0 di effettuare dimostrazioni dei prodotti e di interagire con i clienti, anche in situazioni di forte pressione.<\/li><li>Requisiti di qualit\u00e0: specifiche chiare, verifica dell&#8217;esperienza utente (UX), criteri di accettazione, verifica end-to-end.<\/li><\/ul>\t\t\t\t\t\t\t\t<\/div>\n\t\t\t\t<div class=\"elementor-element elementor-element-857aa0e elementor-widget-tablet__width-initial elementor-widget-mobile__width-inherit elementor-widget elementor-widget-heading\" data-id=\"857aa0e\" data-element_type=\"widget\" data-settings=\"{&quot;_animation&quot;:&quot;none&quot;}\" data-widget_type=\"heading.default\">\n\t\t\t\t\t<h3 class=\"elementor-heading-title elementor-size-default\">Lingue<\/h3>\t\t\t\t<\/div>\n\t\t\t\t<div class=\"elementor-element elementor-element-26fff1e elementor-widget elementor-widget-text-editor\" data-id=\"26fff1e\" data-element_type=\"widget\" data-widget_type=\"text-editor.default\">\n\t\t\t\t\t\t\t\t\t<ul><li>\u00c8 richiesta un&#8217;ottima padronanza del francese e dell&#8217;inglese.<\/li><li>La conoscenza dello spagnolo, dell&#8217;italiano o del tedesco costituisce un vantaggio.<\/li><\/ul>\t\t\t\t\t\t\t\t<\/div>\n\t\t\t\t<div class=\"elementor-element elementor-element-8ca50f1 elementor-widget-tablet__width-initial elementor-widget-mobile__width-inherit elementor-widget elementor-widget-heading\" data-id=\"8ca50f1\" data-element_type=\"widget\" data-settings=\"{&quot;_animation&quot;:&quot;none&quot;}\" data-widget_type=\"heading.default\">\n\t\t\t\t\t<h3 class=\"elementor-heading-title elementor-size-default\">Competenze generali richieste<\/h3>\t\t\t\t<\/div>\n\t\t\t\t<div class=\"elementor-element elementor-element-00a2e52 elementor-widget elementor-widget-text-editor\" data-id=\"00a2e52\" data-element_type=\"widget\" data-widget_type=\"text-editor.default\">\n\t\t\t\t\t\t\t\t\t<ul><li>Affidabilit\u00e0 e forte senso di responsabilit\u00e0: contiamo su di te per portare a termine i tuoi incarichi e rispettare i tuoi impegni.<\/li><li>Mente strutturata, pragmatica, orientata ai risultati e alla creazione di valore.<\/li><li>Ottime capacit\u00e0 relazionali: capacit\u00e0 di coinvolgere e motivare interlocutori di vario tipo.<\/li><li>Autonomia, proattivit\u00e0 e capacit\u00e0 di anticipazione.Autonomie, proactivit\u00e9 et capacit\u00e9 d\u2019anticipation.<\/li><\/ul>\t\t\t\t\t\t\t\t<\/div>\n\t\t\t\t\t<\/div>\n\t\t\t\t<\/div>\n\t\t<div class=\"elementor-element elementor-element-7bf5787 e-flex e-con-boxed elementor-invisible e-con e-parent\" data-id=\"7bf5787\" data-element_type=\"container\" data-settings=\"{&quot;animation&quot;:&quot;fadeInUp&quot;}\">\n\t\t\t\t\t<div class=\"e-con-inner\">\n\t\t\t\t<div class=\"elementor-element elementor-element-cb08582 elementor-widget elementor-widget-heading\" data-id=\"cb08582\" data-element_type=\"widget\" data-widget_type=\"heading.default\">\n\t\t\t\t\t<h2 class=\"elementor-heading-title elementor-size-default\">Cosa offriamo<\/h2>\t\t\t\t<\/div>\n\t\t\t\t<div class=\"elementor-element elementor-element-8e9afe7 elementor-widget-tablet__width-initial elementor-widget-mobile__width-inherit elementor-widget elementor-widget-heading\" data-id=\"8e9afe7\" data-element_type=\"widget\" data-settings=\"{&quot;_animation&quot;:&quot;none&quot;}\" data-widget_type=\"heading.default\">\n\t\t\t\t\t<h3 class=\"elementor-heading-title elementor-size-default\">Pacchetto retributivo e benefit<\/h3>\t\t\t\t<\/div>\n\t\t\t\t<div class=\"elementor-element elementor-element-720e9ef elementor-widget elementor-widget-text-editor\" data-id=\"720e9ef\" data-element_type=\"widget\" data-widget_type=\"text-editor.default\">\n\t\t\t\t\t\t\t\t\t<ul><li>Un contratto a tempo indeterminato a tempo pieno e l&#8217;opportunit\u00e0 di entrare a far parte di un&#8217;azienda accogliente e in forte crescita, dalle dimensioni contenute.<\/li><li>Retribuzione commisurata all&#8217;esperienza, comprensiva di benefici accessori: possibilit\u00e0 di usufruire di un&#8217;auto aziendale, buoni pasto, assicurazione ospedaliera, orario di lavoro flessibile, accesso alla mensa, ecc.<\/li><li>Un ambiente che favorisce la crescita professionale di ciascuno.<\/li><\/ul>\t\t\t\t\t\t\t\t<\/div>\n\t\t\t\t\t<\/div>\n\t\t\t\t<\/div>\n\t\t<div class=\"elementor-element elementor-element-5afab14 e-flex e-con-boxed elementor-invisible e-con e-parent\" data-id=\"5afab14\" data-element_type=\"container\" id=\"postuler\" data-settings=\"{&quot;animation&quot;:&quot;fadeInUp&quot;}\">\n\t\t\t\t\t<div class=\"e-con-inner\">\n\t\t\t\t<div class=\"elementor-element elementor-element-2c4bbb7 elementor-widget__width-initial elementor-widget-tablet__width-initial elementor-widget-mobile__width-inherit animated-slow elementor-invisible elementor-widget elementor-widget-heading\" data-id=\"2c4bbb7\" data-element_type=\"widget\" data-settings=\"{&quot;_animation&quot;:&quot;fadeInUp&quot;}\" data-widget_type=\"heading.default\">\n\t\t\t\t\t<h2 class=\"elementor-heading-title elementor-size-default\">Candidati per questa posizione<\/h2>\t\t\t\t<\/div>\n\t\t\t\t<div class=\"elementor-element elementor-element-c52c65a elementor-widget elementor-widget-html\" data-id=\"c52c65a\" data-element_type=\"widget\" data-widget_type=\"html.default\">\n\t\t\t\t\t<script src=\"https:\/\/js-eu1.hsforms.net\/forms\/embed\/145754356.js\" defer><\/script>\r\n<div class=\"hs-form-frame\" data-region=\"eu1\" data-form-id=\"46437f19-5c89-4963-a24e-175d25c25b8e\" data-portal-id=\"145754356\"><\/div>\t\t\t\t<\/div>\n\t\t\t\t\t<\/div>\n\t\t\t\t<\/div>\n\t\t\t\t<\/div>\n\t\t","protected":false},"excerpt":{"rendered":"<p>Descrizione dell&#8217;offerta di lavoro Product Owner Stiamo cercando un Product Owner affidabile e autonomo che gestisca i nostri prodotti su base quotidiana, dalla definizione delle esigenze alla consegna. Sarai il punto di riferimento principale tra i team interni (sviluppo, assistenza, vendite, marketing) e i nostri clienti\/potenziali clienti, e ti occuperai di garantire la chiarezza funzionale, [&hellip;]<\/p>\n","protected":false},"author":3,"featured_media":0,"parent":0,"menu_order":0,"comment_status":"closed","ping_status":"closed","template":"","meta":{"footnotes":""},"class_list":["post-17393","page","type-page","status-publish","hentry"],"_links":{"self":[{"href":"https:\/\/www.synerglass-soft.com\/it\/wp-json\/wp\/v2\/pages\/17393","targetHints":{"allow":["GET"]}}],"collection":[{"href":"https:\/\/www.synerglass-soft.com\/it\/wp-json\/wp\/v2\/pages"}],"about":[{"href":"https:\/\/www.synerglass-soft.com\/it\/wp-json\/wp\/v2\/types\/page"}],"author":[{"embeddable":true,"href":"https:\/\/www.synerglass-soft.com\/it\/wp-json\/wp\/v2\/users\/3"}],"replies":[{"embeddable":true,"href":"https:\/\/www.synerglass-soft.com\/it\/wp-json\/wp\/v2\/comments?post=17393"}],"version-history":[{"count":4,"href":"https:\/\/www.synerglass-soft.com\/it\/wp-json\/wp\/v2\/pages\/17393\/revisions"}],"predecessor-version":[{"id":18347,"href":"https:\/\/www.synerglass-soft.com\/it\/wp-json\/wp\/v2\/pages\/17393\/revisions\/18347"}],"wp:attachment":[{"href":"https:\/\/www.synerglass-soft.com\/it\/wp-json\/wp\/v2\/media?parent=17393"}],"curies":[{"name":"wp","href":"https:\/\/api.w.org\/{rel}","templated":true}]}}